{"id":18571,"date":"2025-07-17T13:24:50","date_gmt":"2025-07-17T11:24:50","guid":{"rendered":"https:\/\/geabarcelona.com\/?post_type=product&#038;p=18571"},"modified":"2025-12-11T11:33:55","modified_gmt":"2025-12-11T10:33:55","slug":"esfera-calcita","status":"publish","type":"product","link":"https:\/\/geabarcelona.com\/fr\/produit\/esfera-calcita\/","title":{"rendered":"ESFERA CALCITA"},"content":{"rendered":"<table style=\"height: 61px\" width=\"874\">\n<tbody>\n<tr>\n<td style=\"font-weight: 400\" width=\"565\">Esferas pulidas de calcita, con acabado satinado y tono blanco transl\u00facido. Conocidas por su aspecto suave y luminoso, son ideales para decoraci\u00f3n, colecci\u00f3n o pr\u00e1cticas energ\u00e9ticas enfocadas en la limpieza y la claridad.<\/td>\n<\/tr>\n<\/tbody>\n<\/table>","protected":false},"excerpt":{"rendered":"<p>Esferas pulidas de calcita de distintos tama\u00f1os. Venta por Kg<\/p>","protected":false},"featured_media":18572,"template":"","meta":[],"product_brand":[],"product_cat":[149,148,147],"product_tag":[165,169],"class_list":{"0":"post-18571","1":"product","2":"type-product","3":"status-publish","4":"has-post-thumbnail","6":"product_cat-decoracion-lamparas","7":"product_cat-pulido-formas","8":"product_cat-terapias-hogar","9":"product_tag-mineral","10":"product_tag-venta-mayorista-de-minerales","12":"first","13":"instock","14":"taxable","15":"shipping-taxable","16":"purchasable","17":"product-type-simple"},"_links":{"self":[{"href":"https:\/\/geabarcelona.com\/fr\/wp-json\/wp\/v2\/product\/18571","targetHints":{"allow":["GET"]}}],"collection":[{"href":"https:\/\/geabarcelona.com\/fr\/wp-json\/wp\/v2\/product"}],"about":[{"href":"https:\/\/geabarcelona.com\/fr\/wp-json\/wp\/v2\/types\/product"}],"version-history":[{"count":1,"href":"https:\/\/geabarcelona.com\/fr\/wp-json\/wp\/v2\/product\/18571\/revisions"}],"predecessor-version":[{"id":18573,"href":"https:\/\/geabarcelona.com\/fr\/wp-json\/wp\/v2\/product\/18571\/revisions\/18573"}],"wp:featuredmedia":[{"embeddable":true,"href":"https:\/\/geabarcelona.com\/fr\/wp-json\/wp\/v2\/media\/18572"}],"wp:attachment":[{"href":"https:\/\/geabarcelona.com\/fr\/wp-json\/wp\/v2\/media?parent=18571"}],"wp:term":[{"taxonomy":"product_brand","embeddable":true,"href":"https:\/\/geabarcelona.com\/fr\/wp-json\/wp\/v2\/product_brand?post=18571"},{"taxonomy":"product_cat","embeddable":true,"href":"https:\/\/geabarcelona.com\/fr\/wp-json\/wp\/v2\/product_cat?post=18571"},{"taxonomy":"product_tag","embeddable":true,"href":"https:\/\/geabarcelona.com\/fr\/wp-json\/wp\/v2\/product_tag?post=18571"}],"curies":[{"name":"wp","href":"https:\/\/api.w.org\/{rel}","templated":true}]}}