{"id":18577,"date":"2025-07-17T13:31:28","date_gmt":"2025-07-17T11:31:28","guid":{"rendered":"https:\/\/geabarcelona.com\/?post_type=product&#038;p=18577"},"modified":"2025-12-11T11:34:34","modified_gmt":"2025-12-11T10:34:34","slug":"prisma-amatista-chevron","status":"publish","type":"product","link":"https:\/\/geabarcelona.com\/fr\/producto\/prisma-amatista-chevron\/","title":{"rendered":"PRISMA AMATISTA CHEVRON"},"content":{"rendered":"<table style=\"height: 72px\" width=\"682\">\n<tbody>\n<tr>\n<td style=\"font-weight: 400\" width=\"565\">Prismas pulidos de amatista con tonos violeta intensos y vetas naturales. Cada pieza es \u00fanica y combina est\u00e9tica con propiedades energ\u00e9ticas asociadas a la calma y la protecci\u00f3n. Ideal para decoraci\u00f3n, meditaci\u00f3n o colecci\u00f3n.<\/td>\n<\/tr>\n<\/tbody>\n<\/table>","protected":false},"excerpt":{"rendered":"<table style=\"height: 72px\" width=\"682\">\n<tbody>\n<tr>\n<td style=\"font-weight: 400\" width=\"565\">Prismas pulidos de amatista. Venta por Kg.<\/td>\n<\/tr>\n<\/tbody>\n<\/table>","protected":false},"featured_media":18578,"template":"","meta":[],"product_brand":[],"product_cat":[149,148,147],"product_tag":[245,165,320,169],"class_list":{"0":"post-18577","1":"product","2":"type-product","3":"status-publish","4":"has-post-thumbnail","6":"product_cat-decoracion-lamparas","7":"product_cat-pulido-formas","8":"product_cat-terapias-hogar","9":"product_tag-amatista","10":"product_tag-mineral","11":"product_tag-prisma","12":"product_tag-venta-mayorista-de-minerales","14":"first","15":"instock","16":"taxable","17":"shipping-taxable","18":"purchasable","19":"product-type-simple"},"_links":{"self":[{"href":"https:\/\/geabarcelona.com\/fr\/wp-json\/wp\/v2\/product\/18577","targetHints":{"allow":["GET"]}}],"collection":[{"href":"https:\/\/geabarcelona.com\/fr\/wp-json\/wp\/v2\/product"}],"about":[{"href":"https:\/\/geabarcelona.com\/fr\/wp-json\/wp\/v2\/types\/product"}],"version-history":[{"count":1,"href":"https:\/\/geabarcelona.com\/fr\/wp-json\/wp\/v2\/product\/18577\/revisions"}],"predecessor-version":[{"id":18579,"href":"https:\/\/geabarcelona.com\/fr\/wp-json\/wp\/v2\/product\/18577\/revisions\/18579"}],"wp:featuredmedia":[{"embeddable":true,"href":"https:\/\/geabarcelona.com\/fr\/wp-json\/wp\/v2\/media\/18578"}],"wp:attachment":[{"href":"https:\/\/geabarcelona.com\/fr\/wp-json\/wp\/v2\/media?parent=18577"}],"wp:term":[{"taxonomy":"product_brand","embeddable":true,"href":"https:\/\/geabarcelona.com\/fr\/wp-json\/wp\/v2\/product_brand?post=18577"},{"taxonomy":"product_cat","embeddable":true,"href":"https:\/\/geabarcelona.com\/fr\/wp-json\/wp\/v2\/product_cat?post=18577"},{"taxonomy":"product_tag","embeddable":true,"href":"https:\/\/geabarcelona.com\/fr\/wp-json\/wp\/v2\/product_tag?post=18577"}],"curies":[{"name":"wp","href":"https:\/\/api.w.org\/{rel}","templated":true}]}}