{"id":18604,"date":"2025-07-17T14:36:30","date_gmt":"2025-07-17T12:36:30","guid":{"rendered":"https:\/\/geabarcelona.com\/?post_type=product&#038;p=18604"},"modified":"2025-12-11T13:17:34","modified_gmt":"2025-12-11T12:17:34","slug":"quartz-cristallin-et-tourmaline-pierres-precieuses-a-sertir","status":"publish","type":"product","link":"https:\/\/geabarcelona.com\/fr\/produit\/quartz-cristallin-et-tourmaline-pierres-precieuses-a-sertir\/","title":{"rendered":"Pierres pr\u00e9cieuses en cristal de quartz et tourmaline pour les sertissages"},"content":{"rendered":"<p>Pierres pr\u00e9cieuses en quartz de cristal et tourmaline noire, id\u00e9ales pour la r\u00e9alisation de bijoux artisanaux. Le quartz cristal apporte transparence et brillance naturelle, tandis que la couleur intense de la tourmaline noire offre un contraste \u00e9l\u00e9gant. Sa duret\u00e9 et sa finition lustr\u00e9e en font une pierre id\u00e9ale pour la joaillerie. Ces pierres soigneusement taill\u00e9es sont id\u00e9ales pour les bagues, les colliers, les boucles d'oreilles et les bracelets.<\/p>","protected":false},"excerpt":{"rendered":"<p>Pierres pr\u00e9cieuses en cristal de quartz et tourmaline \u00e0 sertir. Vendu \u00e0 l'unit\u00e9.<\/p>","protected":false},"featured_media":18606,"template":"","meta":[],"product_brand":[],"product_cat":[135,136,147],"product_tag":[323,313,165,232,169],"class_list":{"0":"post-18604","1":"product","2":"type-product","3":"status-publish","4":"has-post-thumbnail","6":"product_cat-bisuteria","7":"product_cat-piedras-gemas","8":"product_cat-terapias-hogar","9":"product_tag-bisuteria","10":"product_tag-cristal","11":"product_tag-mineral","12":"product_tag-turmalina","13":"product_tag-venta-mayorista-de-minerales","15":"first","16":"instock","17":"taxable","18":"shipping-taxable","19":"purchasable","20":"product-type-simple"},"_links":{"self":[{"href":"https:\/\/geabarcelona.com\/fr\/wp-json\/wp\/v2\/product\/18604","targetHints":{"allow":["GET"]}}],"collection":[{"href":"https:\/\/geabarcelona.com\/fr\/wp-json\/wp\/v2\/product"}],"about":[{"href":"https:\/\/geabarcelona.com\/fr\/wp-json\/wp\/v2\/types\/product"}],"version-history":[{"count":2,"href":"https:\/\/geabarcelona.com\/fr\/wp-json\/wp\/v2\/product\/18604\/revisions"}],"predecessor-version":[{"id":18613,"href":"https:\/\/geabarcelona.com\/fr\/wp-json\/wp\/v2\/product\/18604\/revisions\/18613"}],"wp:featuredmedia":[{"embeddable":true,"href":"https:\/\/geabarcelona.com\/fr\/wp-json\/wp\/v2\/media\/18606"}],"wp:attachment":[{"href":"https:\/\/geabarcelona.com\/fr\/wp-json\/wp\/v2\/media?parent=18604"}],"wp:term":[{"taxonomy":"product_brand","embeddable":true,"href":"https:\/\/geabarcelona.com\/fr\/wp-json\/wp\/v2\/product_brand?post=18604"},{"taxonomy":"product_cat","embeddable":true,"href":"https:\/\/geabarcelona.com\/fr\/wp-json\/wp\/v2\/product_cat?post=18604"},{"taxonomy":"product_tag","embeddable":true,"href":"https:\/\/geabarcelona.com\/fr\/wp-json\/wp\/v2\/product_tag?post=18604"}],"curies":[{"name":"wp","href":"https:\/\/api.w.org\/{rel}","templated":true}]}}