{"id":18612,"date":"2025-07-17T14:48:22","date_gmt":"2025-07-17T12:48:22","guid":{"rendered":"https:\/\/geabarcelona.com\/?post_type=product&#038;p=18612"},"modified":"2025-07-17T14:48:22","modified_gmt":"2025-07-17T12:48:22","slug":"gemas-de-amatista-para-engarces","status":"publish","type":"product","link":"https:\/\/geabarcelona.com\/fr\/producto\/gemas-de-amatista-para-engarces\/","title":{"rendered":"Pierres pr\u00e9cieuses en am\u00e9thyste pour sertissage"},"content":{"rendered":"<p>Gemas de Amatista, ideales para engarces en joyer\u00eda artesanal.<\/p>","protected":false},"excerpt":{"rendered":"<p>Gemas de Amatista para engarces. Venta por unidad<\/p>","protected":false},"featured_media":18614,"template":"","meta":[],"product_brand":[],"product_cat":[317,135,148,147],"product_tag":[245,323,165,169],"class_list":{"0":"post-18612","1":"product","2":"type-product","3":"status-publish","4":"has-post-thumbnail","6":"product_cat-amatista","7":"product_cat-bisuteria","8":"product_cat-pulido-formas","9":"product_cat-terapias-hogar","10":"product_tag-amatista","11":"product_tag-bisuteria","12":"product_tag-mineral","13":"product_tag-venta-mayorista-de-minerales","15":"first","16":"instock","17":"taxable","18":"shipping-taxable","19":"purchasable","20":"product-type-simple"},"_links":{"self":[{"href":"https:\/\/geabarcelona.com\/fr\/wp-json\/wp\/v2\/product\/18612","targetHints":{"allow":["GET"]}}],"collection":[{"href":"https:\/\/geabarcelona.com\/fr\/wp-json\/wp\/v2\/product"}],"about":[{"href":"https:\/\/geabarcelona.com\/fr\/wp-json\/wp\/v2\/types\/product"}],"version-history":[{"count":1,"href":"https:\/\/geabarcelona.com\/fr\/wp-json\/wp\/v2\/product\/18612\/revisions"}],"predecessor-version":[{"id":18615,"href":"https:\/\/geabarcelona.com\/fr\/wp-json\/wp\/v2\/product\/18612\/revisions\/18615"}],"wp:featuredmedia":[{"embeddable":true,"href":"https:\/\/geabarcelona.com\/fr\/wp-json\/wp\/v2\/media\/18614"}],"wp:attachment":[{"href":"https:\/\/geabarcelona.com\/fr\/wp-json\/wp\/v2\/media?parent=18612"}],"wp:term":[{"taxonomy":"product_brand","embeddable":true,"href":"https:\/\/geabarcelona.com\/fr\/wp-json\/wp\/v2\/product_brand?post=18612"},{"taxonomy":"product_cat","embeddable":true,"href":"https:\/\/geabarcelona.com\/fr\/wp-json\/wp\/v2\/product_cat?post=18612"},{"taxonomy":"product_tag","embeddable":true,"href":"https:\/\/geabarcelona.com\/fr\/wp-json\/wp\/v2\/product_tag?post=18612"}],"curies":[{"name":"wp","href":"https:\/\/api.w.org\/{rel}","templated":true}]}}