{"id":18627,"date":"2025-07-17T15:13:50","date_gmt":"2025-07-17T13:13:50","guid":{"rendered":"https:\/\/geabarcelona.com\/?post_type=product&#038;p=18627"},"modified":"2025-12-11T13:17:52","modified_gmt":"2025-12-11T12:17:52","slug":"esferas-cuarzo-rosa-2","status":"publish","type":"product","link":"https:\/\/geabarcelona.com\/fr\/producto\/esferas-cuarzo-rosa-2\/","title":{"rendered":"SPH\u00c8RES DE QUARTZ ROSE"},"content":{"rendered":"<table width=\"565\">\n<tbody>\n<tr>\n<td style=\"font-weight: 400\" width=\"565\">Esfera pulida de cuarzo rosa, con su caracter\u00edstico tono rosado suave y acabado brillante. Conocidas por su asociaci\u00f3n con el amor y la armon\u00eda, son ideales para decoraci\u00f3n, colecci\u00f3n o pr\u00e1cticas energ\u00e9ticas enfocadas en la calma emocional.<\/td>\n<\/tr>\n<\/tbody>\n<\/table>\n<p>&nbsp;<\/p>","protected":false},"excerpt":{"rendered":"<p>Esfera pulida de cuarzo rosa. Distintos tama\u00f1os. Venta por Kg.<\/p>","protected":false},"featured_media":18628,"template":"","meta":[],"product_brand":[],"product_cat":[148,147],"product_tag":[179,165,322,171,169],"class_list":{"0":"post-18627","1":"product","2":"type-product","3":"status-publish","4":"has-post-thumbnail","6":"product_cat-pulido-formas","7":"product_cat-terapias-hogar","8":"product_tag-cuarzo-rosa","9":"product_tag-mineral","10":"product_tag-mineral-pulido","11":"product_tag-minerales-decorativos","12":"product_tag-venta-mayorista-de-minerales","14":"first","15":"instock","16":"taxable","17":"shipping-taxable","18":"purchasable","19":"product-type-simple"},"_links":{"self":[{"href":"https:\/\/geabarcelona.com\/fr\/wp-json\/wp\/v2\/product\/18627","targetHints":{"allow":["GET"]}}],"collection":[{"href":"https:\/\/geabarcelona.com\/fr\/wp-json\/wp\/v2\/product"}],"about":[{"href":"https:\/\/geabarcelona.com\/fr\/wp-json\/wp\/v2\/types\/product"}],"version-history":[{"count":1,"href":"https:\/\/geabarcelona.com\/fr\/wp-json\/wp\/v2\/product\/18627\/revisions"}],"predecessor-version":[{"id":18629,"href":"https:\/\/geabarcelona.com\/fr\/wp-json\/wp\/v2\/product\/18627\/revisions\/18629"}],"wp:featuredmedia":[{"embeddable":true,"href":"https:\/\/geabarcelona.com\/fr\/wp-json\/wp\/v2\/media\/18628"}],"wp:attachment":[{"href":"https:\/\/geabarcelona.com\/fr\/wp-json\/wp\/v2\/media?parent=18627"}],"wp:term":[{"taxonomy":"product_brand","embeddable":true,"href":"https:\/\/geabarcelona.com\/fr\/wp-json\/wp\/v2\/product_brand?post=18627"},{"taxonomy":"product_cat","embeddable":true,"href":"https:\/\/geabarcelona.com\/fr\/wp-json\/wp\/v2\/product_cat?post=18627"},{"taxonomy":"product_tag","embeddable":true,"href":"https:\/\/geabarcelona.com\/fr\/wp-json\/wp\/v2\/product_tag?post=18627"}],"curies":[{"name":"wp","href":"https:\/\/api.w.org\/{rel}","templated":true}]}}