{"id":18645,"date":"2025-07-17T15:29:59","date_gmt":"2025-07-17T13:29:59","guid":{"rendered":"https:\/\/geabarcelona.com\/?post_type=product&#038;p=18645"},"modified":"2025-12-11T13:09:42","modified_gmt":"2025-12-11T12:09:42","slug":"budas-minerales-mix","status":"publish","type":"product","link":"https:\/\/geabarcelona.com\/fr\/producto\/budas-minerales-mix\/","title":{"rendered":"M\u00c9LANGE MIN\u00c9RAL DE BOUDDHA"},"content":{"rendered":"<p>Selecci\u00f3n de distintos minerales tallados en forma de Budas. Ideales para decoraci\u00f3n, colecci\u00f3n o uso energ\u00e9tico.<\/p>","protected":false},"excerpt":{"rendered":"<p>MIXFIG24DO<\/p>\n<p>Diff\u00e9rentes tailles. Prix de vente\/kg.<\/p>","protected":false},"featured_media":18646,"template":"","meta":[],"product_brand":[],"product_cat":[148],"product_tag":[165,322,327,171,169],"class_list":{"0":"post-18645","1":"product","2":"type-product","3":"status-publish","4":"has-post-thumbnail","6":"product_cat-pulido-formas","7":"product_tag-mineral","8":"product_tag-mineral-pulido","9":"product_tag-minerales","10":"product_tag-minerales-decorativos","11":"product_tag-venta-mayorista-de-minerales","13":"first","14":"instock","15":"taxable","16":"shipping-taxable","17":"purchasable","18":"product-type-simple"},"_links":{"self":[{"href":"https:\/\/geabarcelona.com\/fr\/wp-json\/wp\/v2\/product\/18645","targetHints":{"allow":["GET"]}}],"collection":[{"href":"https:\/\/geabarcelona.com\/fr\/wp-json\/wp\/v2\/product"}],"about":[{"href":"https:\/\/geabarcelona.com\/fr\/wp-json\/wp\/v2\/types\/product"}],"version-history":[{"count":2,"href":"https:\/\/geabarcelona.com\/fr\/wp-json\/wp\/v2\/product\/18645\/revisions"}],"predecessor-version":[{"id":18672,"href":"https:\/\/geabarcelona.com\/fr\/wp-json\/wp\/v2\/product\/18645\/revisions\/18672"}],"wp:featuredmedia":[{"embeddable":true,"href":"https:\/\/geabarcelona.com\/fr\/wp-json\/wp\/v2\/media\/18646"}],"wp:attachment":[{"href":"https:\/\/geabarcelona.com\/fr\/wp-json\/wp\/v2\/media?parent=18645"}],"wp:term":[{"taxonomy":"product_brand","embeddable":true,"href":"https:\/\/geabarcelona.com\/fr\/wp-json\/wp\/v2\/product_brand?post=18645"},{"taxonomy":"product_cat","embeddable":true,"href":"https:\/\/geabarcelona.com\/fr\/wp-json\/wp\/v2\/product_cat?post=18645"},{"taxonomy":"product_tag","embeddable":true,"href":"https:\/\/geabarcelona.com\/fr\/wp-json\/wp\/v2\/product_tag?post=18645"}],"curies":[{"name":"wp","href":"https:\/\/api.w.org\/{rel}","templated":true}]}}