{"id":18654,"date":"2025-07-17T15:40:09","date_gmt":"2025-07-17T13:40:09","guid":{"rendered":"https:\/\/geabarcelona.com\/?post_type=product&#038;p=18654"},"modified":"2025-07-17T15:40:10","modified_gmt":"2025-07-17T13:40:10","slug":"ojo-de-tigre-pulido-en-forma-ovalada","status":"publish","type":"product","link":"https:\/\/geabarcelona.com\/fr\/producto\/ojo-de-tigre-pulido-en-forma-ovalada\/","title":{"rendered":"\u00a0\u0152il de tigre poli de forme ovale"},"content":{"rendered":"<p>&nbsp;<\/p>\n<table style=\"height: 93px\" width=\"1036\">\n<tbody>\n<tr>\n<td style=\"font-weight: 400\" width=\"565\">\u00a0Ojo de tigre pulido en forma ovalada, con su caracter\u00edstico brillo sedoso y bandas en tonos dorado, marr\u00f3n y ocre. Apreciadas tanto por su belleza como por sus propiedades energ\u00e9ticas asociadas a la protecci\u00f3n, la fuerza y la claridad mental. Perfectas para decoraci\u00f3n, colecci\u00f3n o terapias energ\u00e9ticas<\/td>\n<\/tr>\n<\/tbody>\n<\/table>\n<p>&nbsp;<\/p>","protected":false},"excerpt":{"rendered":"<p>Venta precio\/kg.<\/p>","protected":false},"featured_media":18655,"template":"","meta":[],"product_brand":[],"product_cat":[148,147],"product_tag":[165,322,327,328,169],"class_list":{"0":"post-18654","1":"product","2":"type-product","3":"status-publish","4":"has-post-thumbnail","6":"product_cat-pulido-formas","7":"product_cat-terapias-hogar","8":"product_tag-mineral","9":"product_tag-mineral-pulido","10":"product_tag-minerales","11":"product_tag-ojo-de-tigre","12":"product_tag-venta-mayorista-de-minerales","14":"first","15":"instock","16":"taxable","17":"shipping-taxable","18":"purchasable","19":"product-type-simple"},"_links":{"self":[{"href":"https:\/\/geabarcelona.com\/fr\/wp-json\/wp\/v2\/product\/18654","targetHints":{"allow":["GET"]}}],"collection":[{"href":"https:\/\/geabarcelona.com\/fr\/wp-json\/wp\/v2\/product"}],"about":[{"href":"https:\/\/geabarcelona.com\/fr\/wp-json\/wp\/v2\/types\/product"}],"version-history":[{"count":1,"href":"https:\/\/geabarcelona.com\/fr\/wp-json\/wp\/v2\/product\/18654\/revisions"}],"predecessor-version":[{"id":18656,"href":"https:\/\/geabarcelona.com\/fr\/wp-json\/wp\/v2\/product\/18654\/revisions\/18656"}],"wp:featuredmedia":[{"embeddable":true,"href":"https:\/\/geabarcelona.com\/fr\/wp-json\/wp\/v2\/media\/18655"}],"wp:attachment":[{"href":"https:\/\/geabarcelona.com\/fr\/wp-json\/wp\/v2\/media?parent=18654"}],"wp:term":[{"taxonomy":"product_brand","embeddable":true,"href":"https:\/\/geabarcelona.com\/fr\/wp-json\/wp\/v2\/product_brand?post=18654"},{"taxonomy":"product_cat","embeddable":true,"href":"https:\/\/geabarcelona.com\/fr\/wp-json\/wp\/v2\/product_cat?post=18654"},{"taxonomy":"product_tag","embeddable":true,"href":"https:\/\/geabarcelona.com\/fr\/wp-json\/wp\/v2\/product_tag?post=18654"}],"curies":[{"name":"wp","href":"https:\/\/api.w.org\/{rel}","templated":true}]}}