{"id":18662,"date":"2025-07-18T12:36:58","date_gmt":"2025-07-18T10:36:58","guid":{"rendered":"https:\/\/geabarcelona.com\/?post_type=product&#038;p=18662"},"modified":"2025-12-11T13:08:24","modified_gmt":"2025-12-11T12:08:24","slug":"esfera-fluorita","status":"publish","type":"product","link":"https:\/\/geabarcelona.com\/fr\/producto\/esfera-fluorita\/","title":{"rendered":"SPH\u00c8RE DE FLUORINE"},"content":{"rendered":"<p>Esfera pulida de fluorita con tonos verdosos y vetas naturales. Cada pieza es \u00fanica y combina est\u00e9tica con propiedades energ\u00e9ticas asociadas a la aridad mental, equilibrio y protecci\u00f3n energ\u00e9tica. Ideal para decoraci\u00f3n, meditaci\u00f3n o colecci\u00f3n.<\/p>","protected":false},"excerpt":{"rendered":"<p>Varios tama\u00f1os. Venta precio\/kg<\/p>","protected":false},"featured_media":18663,"template":"","meta":[],"product_brand":[],"product_cat":[148,147],"product_tag":[306,322,327,169],"class_list":{"0":"post-18662","1":"product","2":"type-product","3":"status-publish","4":"has-post-thumbnail","6":"product_cat-pulido-formas","7":"product_cat-terapias-hogar","8":"product_tag-fluorita","9":"product_tag-mineral-pulido","10":"product_tag-minerales","11":"product_tag-venta-mayorista-de-minerales","13":"first","14":"instock","15":"taxable","16":"shipping-taxable","17":"purchasable","18":"product-type-simple"},"_links":{"self":[{"href":"https:\/\/geabarcelona.com\/fr\/wp-json\/wp\/v2\/product\/18662","targetHints":{"allow":["GET"]}}],"collection":[{"href":"https:\/\/geabarcelona.com\/fr\/wp-json\/wp\/v2\/product"}],"about":[{"href":"https:\/\/geabarcelona.com\/fr\/wp-json\/wp\/v2\/types\/product"}],"version-history":[{"count":1,"href":"https:\/\/geabarcelona.com\/fr\/wp-json\/wp\/v2\/product\/18662\/revisions"}],"predecessor-version":[{"id":18666,"href":"https:\/\/geabarcelona.com\/fr\/wp-json\/wp\/v2\/product\/18662\/revisions\/18666"}],"wp:featuredmedia":[{"embeddable":true,"href":"https:\/\/geabarcelona.com\/fr\/wp-json\/wp\/v2\/media\/18663"}],"wp:attachment":[{"href":"https:\/\/geabarcelona.com\/fr\/wp-json\/wp\/v2\/media?parent=18662"}],"wp:term":[{"taxonomy":"product_brand","embeddable":true,"href":"https:\/\/geabarcelona.com\/fr\/wp-json\/wp\/v2\/product_brand?post=18662"},{"taxonomy":"product_cat","embeddable":true,"href":"https:\/\/geabarcelona.com\/fr\/wp-json\/wp\/v2\/product_cat?post=18662"},{"taxonomy":"product_tag","embeddable":true,"href":"https:\/\/geabarcelona.com\/fr\/wp-json\/wp\/v2\/product_tag?post=18662"}],"curies":[{"name":"wp","href":"https:\/\/api.w.org\/{rel}","templated":true}]}}