{"id":18671,"date":"2025-07-18T13:14:21","date_gmt":"2025-07-18T11:14:21","guid":{"rendered":"https:\/\/geabarcelona.com\/?post_type=product&#038;p=18671"},"modified":"2025-12-11T11:36:11","modified_gmt":"2025-12-11T10:36:11","slug":"18671","status":"publish","type":"product","link":"https:\/\/geabarcelona.com\/fr\/producto\/18671\/","title":{"rendered":"M\u00c9LANGE DE MIN\u00c9RAUX POUR LES C\u0152URS"},"content":{"rendered":"<p>S\u00e9lection de diff\u00e9rents min\u00e9raux sculpt\u00e9s en forme de c\u0153ur. Id\u00e9al pour la d\u00e9coration, la collection ou l'utilisation \u00e9nerg\u00e9tique.<\/p>","protected":false},"excerpt":{"rendered":"<p>MIXFIG10DO<\/p>\n<p>Diff\u00e9rentes tailles. Prix de vente\/kg.<\/p>","protected":false},"featured_media":18673,"template":"","meta":[],"product_brand":[],"product_cat":[149,148,147],"product_tag":[165,322,327,171,169],"class_list":{"0":"post-18671","1":"product","2":"type-product","3":"status-publish","4":"has-post-thumbnail","6":"product_cat-decoracion-lamparas","7":"product_cat-pulido-formas","8":"product_cat-terapias-hogar","9":"product_tag-mineral","10":"product_tag-mineral-pulido","11":"product_tag-minerales","12":"product_tag-minerales-decorativos","13":"product_tag-venta-mayorista-de-minerales","15":"first","16":"instock","17":"taxable","18":"shipping-taxable","19":"purchasable","20":"product-type-simple"},"_links":{"self":[{"href":"https:\/\/geabarcelona.com\/fr\/wp-json\/wp\/v2\/product\/18671","targetHints":{"allow":["GET"]}}],"collection":[{"href":"https:\/\/geabarcelona.com\/fr\/wp-json\/wp\/v2\/product"}],"about":[{"href":"https:\/\/geabarcelona.com\/fr\/wp-json\/wp\/v2\/types\/product"}],"version-history":[{"count":2,"href":"https:\/\/geabarcelona.com\/fr\/wp-json\/wp\/v2\/product\/18671\/revisions"}],"predecessor-version":[{"id":18675,"href":"https:\/\/geabarcelona.com\/fr\/wp-json\/wp\/v2\/product\/18671\/revisions\/18675"}],"wp:featuredmedia":[{"embeddable":true,"href":"https:\/\/geabarcelona.com\/fr\/wp-json\/wp\/v2\/media\/18673"}],"wp:attachment":[{"href":"https:\/\/geabarcelona.com\/fr\/wp-json\/wp\/v2\/media?parent=18671"}],"wp:term":[{"taxonomy":"product_brand","embeddable":true,"href":"https:\/\/geabarcelona.com\/fr\/wp-json\/wp\/v2\/product_brand?post=18671"},{"taxonomy":"product_cat","embeddable":true,"href":"https:\/\/geabarcelona.com\/fr\/wp-json\/wp\/v2\/product_cat?post=18671"},{"taxonomy":"product_tag","embeddable":true,"href":"https:\/\/geabarcelona.com\/fr\/wp-json\/wp\/v2\/product_tag?post=18671"}],"curies":[{"name":"wp","href":"https:\/\/api.w.org\/{rel}","templated":true}]}}