{"id":12549,"date":"2023-09-06T20:01:48","date_gmt":"2023-09-06T18:01:48","guid":{"rendered":"https:\/\/geabarcelona.com\/legal-privacy\/"},"modified":"2026-03-17T18:20:03","modified_gmt":"2026-03-17T17:20:03","slug":"legal-privacy","status":"publish","type":"page","link":"https:\/\/geabarcelona.com\/it\/legal-privacy\/","title":{"rendered":"Legale e privacy"},"content":{"rendered":"<div data-elementor-type=\"wp-page\" data-elementor-id=\"12549\" class=\"elementor elementor-12549\" data-elementor-post-type=\"page\">\n\t\t\t\t\t\t<main class=\"elementor-section elementor-top-section elementor-element elementor-element-90af5c4 elementor-section-height-min-height elementor-section-boxed elementor-section-height-default elementor-section-items-middle\" data-id=\"90af5c4\" data-element_type=\"section\" data-e-type=\"section\" id=\"toc\" role=\"\">\n\t\t\t\t\t\t<div class=\"elementor-container elementor-column-gap-no\">\n\t\t\t\t\t<div class=\"elementor-column elementor-col-100 elementor-top-column elementor-element elementor-element-51136c55\" data-id=\"51136c55\" data-element_type=\"column\" data-e-type=\"column\">\n\t\t\t<div class=\"elementor-widget-wrap elementor-element-populated\">\n\t\t\t\t\t\t<div class=\"elementor-element elementor-element-369d98fe elementor-widget elementor-widget-heading\" data-id=\"369d98fe\" data-element_type=\"widget\" data-e-type=\"widget\" data-widget_type=\"heading.default\">\n\t\t\t\t<div class=\"elementor-widget-container\">\n\t\t\t\t\t<h1 class=\"elementor-heading-title elementor-size-default\">Avviso legale<\/h1>\t\t\t\t<\/div>\n\t\t\t\t<\/div>\n\t\t\t\t<div class=\"elementor-element elementor-element-410226fa elementor-widget-divider--view-line elementor-widget elementor-widget-divider\" data-id=\"410226fa\" data-element_type=\"widget\" data-e-type=\"widget\" data-widget_type=\"divider.default\">\n\t\t\t\t<div class=\"elementor-widget-container\">\n\t\t\t\t\t\t\t<div class=\"elementor-divider\">\n\t\t\t<span class=\"elementor-divider-separator\">\n\t\t\t\t\t\t<\/span>\n\t\t<\/div>\n\t\t\t\t\t\t<\/div>\n\t\t\t\t<\/div>\n\t\t\t\t<div class=\"elementor-element elementor-element-3730dd31 elementor-widget elementor-widget-heading\" data-id=\"3730dd31\" data-element_type=\"widget\" data-e-type=\"widget\" data-widget_type=\"heading.default\">\n\t\t\t\t<div class=\"elementor-widget-container\">\n\t\t\t\t\t<h2 class=\"elementor-heading-title elementor-size-default\">Dati che identificano il proprietario del sito web<\/h2>\t\t\t\t<\/div>\n\t\t\t\t<\/div>\n\t\t\t\t<div class=\"elementor-element elementor-element-55d2ebe5 elementor-widget elementor-widget-text-editor\" data-id=\"55d2ebe5\" data-element_type=\"widget\" data-e-type=\"widget\" data-widget_type=\"text-editor.default\">\n\t\t\t\t<div class=\"elementor-widget-container\">\n\t\t\t\t\t\t\t\t\t<p>In ottemperanza all'obbligo di informazione previsto dall'articolo 10 della Legge 34\/2002 dell'11 luglio 2002 sui servizi della societ\u00e0 dell'informazione e il commercio elettronico, <strong>Gea Barcelona<\/strong> (di seguito <strong>Gea<\/strong>), in qualit\u00e0 di proprietario del sito web <strong>geabarcelona.com<\/strong>La Commissione comunicher\u00e0 loro i dati di identificazione richiesti dal suddetto regolamento:<\/p><p><strong>Titolo: <\/strong>SEMPRE DOIDEAS, S.L.<\/p><p><strong>Sede legale:<\/strong> Carrer Cobalto, 74, 08907 L'Hospitalet, BARCELLONA<\/p><p><strong>NIF:<\/strong> B67338830<\/p><p><strong>Indirizzo e-mail:<\/strong> josep.barrena@geabarcelona.com<\/p><p>La presente informativa stabilisce e regola i termini di utilizzo, le limitazioni di responsabilit\u00e0 e gli obblighi che gli utenti del sito web pubblicato con il nome di dominio <strong>geabarcelona.com<\/strong> e si impegnano a rispettare.<\/p>\t\t\t\t\t\t\t\t<\/div>\n\t\t\t\t<\/div>\n\t\t\t\t<div class=\"elementor-element elementor-element-60146baa elementor-widget elementor-widget-heading\" data-id=\"60146baa\" data-element_type=\"widget\" data-e-type=\"widget\" data-widget_type=\"heading.default\">\n\t\t\t\t<div class=\"elementor-widget-container\">\n\t\t\t\t\t<h2 class=\"elementor-heading-title elementor-size-default\">Condizioni di utilizzo<\/h2>\t\t\t\t<\/div>\n\t\t\t\t<\/div>\n\t\t\t\t<div class=\"elementor-element elementor-element-20196013 elementor-widget elementor-widget-text-editor\" data-id=\"20196013\" data-element_type=\"widget\" data-e-type=\"widget\" data-widget_type=\"text-editor.default\">\n\t\t\t\t<div class=\"elementor-widget-container\">\n\t\t\t\t\t\t\t\t\t<p>Il semplice e semplice utilizzo del Sito conferisce la condizione di utente del Sito, sia esso persona fisica o giuridica, e implica obbligatoriamente l'accettazione completa, integrale e senza riserve di tutte le clausole e condizioni generali incluse nell'Avviso legale. Se l'Utente non \u00e8 d'accordo con le clausole e le condizioni d'uso del presente Avviso legale, dovr\u00e0 astenersi dall'utilizzare il Sito.<\/p><p>Il presente Avviso Legale \u00e8 soggetto a modifiche e aggiornamenti, pertanto la versione pubblicata da <strong>GEA<\/strong> possono essere diversi ogni volta che l'Utente accede al Portale. Pertanto, l'Utente deve leggere le Note legali ogni volta che accede al Sito. Attraverso la pagina,\u00a0<strong>GEA<\/strong> fornisce agli Utenti l'accesso e l'utilizzo di vari Contenuti pubblicati via Internet da\u00a0<strong>GEA<\/strong> o da terzi autorizzati.<\/p><p>L'Utente \u00e8 obbligato e si impegna a utilizzare la Pagina e i Contenuti in conformit\u00e0 con la legislazione vigente, con le Note legali e con qualsiasi altro avviso o istruzione a lui noti, sia attraverso le presenti Note legali sia in qualsiasi altro luogo all'interno dei Contenuti che compongono la Pagina, nonch\u00e9 con le regole di convivenza, moralit\u00e0 e buone abitudini generalmente accettate. A tal fine, l'Utente \u00e8 tenuto e si impegna a NON utilizzare alcuno dei Contenuti per scopi o effetti illeciti, vietati dalla Nota legale o dalla legislazione vigente, lesivi dei diritti e degli interessi di terzi, o che in qualsiasi modo possano danneggiare, rendere inutilizzabili, sovraccaricare, deteriorare o impedire il normale utilizzo dei Contenuti, delle apparecchiature informatiche o dei documenti, dei file e di tutti i tipi di contenuti memorizzati in qualsiasi apparecchiatura informatica di propriet\u00e0 o in appalto di <strong>GEA<\/strong>di altri Utenti o di qualsiasi altro utente di Internet (hardware e software).<\/p><p>L'Utente si impegna e si impegna a non trasmettere, diffondere o mettere a disposizione di terzi qualsiasi tipo di materiale contenuto nel Sito, quali informazioni, testi, dati, contenuti, messaggi, grafici, disegni, file sonori e\/o di immagine, fotografie, registrazioni, software, loghi, marchi, icone, tecnologie, fotografie, software, link, grafiche e codici sorgente, o qualsiasi altro materiale a cui abbia accesso in qualit\u00e0 di Utente del Sito, senza che tale elenco abbia carattere esaustivo. Allo stesso modo, in conformit\u00e0 a quanto sopra, l'Utente non pu\u00f2:<\/p><ul><li>Riprodurre, copiare, distribuire, rendere disponibile o in qualsiasi altro modo comunicare pubblicamente, trasformare o modificare i Contenuti, a meno che non sia stata data esplicita autorizzazione scritta da parte di <strong>GEA<\/strong>L'utente \u00e8 il titolare dei relativi diritti o \u00e8 legalmente autorizzato a farlo.<\/li><li>Cancellare, manipolare o alterare in qualsiasi modo i dati di copyright e altri dati identificativi della riserva di diritti di <strong>GEA<\/strong> o dei loro proprietari, impronte digitali e\/o identificatori digitali, o qualsiasi altro mezzo tecnico stabilito per il loro riconoscimento.<\/li><\/ul><p>\u00a0<\/p><p>L'Utente si asterr\u00e0 dall'ottenere o anche solo dal tentare di ottenere i Contenuti con mezzi o procedure diversi da quelli che, a seconda dei casi, sono stati messi a disposizione a tale scopo o sono stati indicati a tale scopo nelle pagine web in cui si trovano i Contenuti o, in generale, quelli normalmente utilizzati su Internet a tale scopo, purch\u00e9 non comportino il rischio di danneggiare o disattivare il Sito e\/o i Contenuti.<\/p>\t\t\t\t\t\t\t\t<\/div>\n\t\t\t\t<\/div>\n\t\t\t\t<div class=\"elementor-element elementor-element-6555a45d elementor-widget elementor-widget-heading\" data-id=\"6555a45d\" data-element_type=\"widget\" data-e-type=\"widget\" data-widget_type=\"heading.default\">\n\t\t\t\t<div class=\"elementor-widget-container\">\n\t\t\t\t\t<h2 class=\"elementor-heading-title elementor-size-default\">Propriet\u00e0 intellettuale<\/h2>\t\t\t\t<\/div>\n\t\t\t\t<\/div>\n\t\t\t\t<div class=\"elementor-element elementor-element-5c806c75 elementor-widget elementor-widget-text-editor\" data-id=\"5c806c75\" data-element_type=\"widget\" data-e-type=\"widget\" data-widget_type=\"text-editor.default\">\n\t\t\t\t<div class=\"elementor-widget-container\">\n\t\t\t\t\t\t\t\t\t<p>Tutti i marchi, i nomi commerciali o i segni distintivi di qualsiasi tipo che compaiono sul Sito sono di propriet\u00e0 di <strong>GEA<\/strong> o, se del caso, di terzi che ne abbiano autorizzato l'uso, senza che sia inteso che l'uso o l'accesso al Portale e\/o ai Contenuti attribuisca all'Utente alcun diritto sui suddetti marchi, nomi commerciali e\/o segni distintivi, e senza che sia inteso che nessuno dei diritti di sfruttamento esistenti o che possono esistere sui suddetti Contenuti sia stato trasferito all'Utente.<\/p><p>Allo stesso modo, i Contenuti sono propriet\u00e0 intellettuale di <strong>GEA<\/strong>o di terzi, se del caso, pertanto i diritti di Propriet\u00e0 Intellettuale sono di propriet\u00e0 di <strong>GEA<em>,<\/em><\/strong>\u00a0o di terzi che ne hanno autorizzato l'uso, che hanno i diritti esclusivi di sfruttamento in qualsiasi forma e, in particolare, i diritti di riproduzione, distribuzione, comunicazione pubblica e trasformazione.<\/p><p>L'uso non autorizzato delle informazioni contenute in questo sito, cos\u00ec come qualsiasi violazione dei diritti di propriet\u00e0 intellettuale o industriale di <strong>GEA<\/strong> o di terze parti incluse nel Sito che hanno trasferito i contenuti, dar\u00e0 luogo alle responsabilit\u00e0 stabilite dalla legge.<\/p><p><strong>Collegamenti ipertestuali<\/strong><\/p><p>Le persone che intendono stabilire collegamenti ipertestuali tra il proprio sito web e il Sito devono osservare e rispettare le seguenti condizioni:<\/p><ul><li>Non \u00e8 richiesta alcuna autorizzazione preventiva se il collegamento ipertestuale consente solo l'accesso alla homepage, ma non pu\u00f2 riprodurla in alcuna forma. Qualsiasi altra forma di collegamento ipertestuale richiede l'autorizzazione scritta esplicita e inequivocabile di <strong>GEA<em>.<\/em><\/strong><\/li><li>Non \u00e8 consentito creare \"cornici\" con le pagine web o sulle pagine web di <strong>GEA<em>.<\/em><\/strong><\/li><li>Non \u00e8 consentito rilasciare dichiarazioni o indicazioni false, imprecise o offensive in merito a <strong>GEA<\/strong> dei suoi dirigenti, dipendenti o collaboratori, o dei soggetti a qualsiasi titolo collegati al Sito, o degli Utenti del Sito, o dei Contenuti forniti.<\/li><li>Non si pu\u00f2 affermare o sottintendere che <strong>GEA<\/strong> abbia autorizzato il collegamento ipertestuale o abbia supervisionato o assunto in qualsiasi modo i contenuti offerti o resi disponibili sulla pagina web su cui \u00e8 stato stabilito il collegamento ipertestuale.<\/li><li>La pagina web in cui viene stabilito il collegamento ipertestuale pu\u00f2 contenere solo ci\u00f2 che \u00e8 strettamente necessario per identificare la destinazione del collegamento ipertestuale.<\/li><li>La pagina web su cui viene stabilito il collegamento ipertestuale non deve contenere informazioni o contenuti illeciti, contrari alla morale e ai buoni costumi generalmente accettati e all'ordine pubblico, n\u00e9 contenuti contrari ai diritti di terzi.<\/li><\/ul>\t\t\t\t\t\t\t\t<\/div>\n\t\t\t\t<\/div>\n\t\t\t\t<div class=\"elementor-element elementor-element-1ce5f71c elementor-widget elementor-widget-heading\" data-id=\"1ce5f71c\" data-element_type=\"widget\" data-e-type=\"widget\" data-widget_type=\"heading.default\">\n\t\t\t\t<div class=\"elementor-widget-container\">\n\t\t\t\t\t<h2 class=\"elementor-heading-title elementor-size-default\">Disponibilit\u00e0 del sito<\/h2>\t\t\t\t<\/div>\n\t\t\t\t<\/div>\n\t\t\t\t<div class=\"elementor-element elementor-element-7680d043 elementor-widget elementor-widget-text-editor\" data-id=\"7680d043\" data-element_type=\"widget\" data-e-type=\"widget\" data-widget_type=\"text-editor.default\">\n\t\t\t\t<div class=\"elementor-widget-container\">\n\t\t\t\t\t\t\t\t\t<p><strong>GEA<\/strong> non garantisce l'inesistenza di interruzioni o errori nell'accesso alla Pagina, ai suoi Contenuti, n\u00e9 che questi siano aggiornati, anche se far\u00e0 del suo meglio per evitarli, correggerli o aggiornarli. Di conseguenza, <strong>GEA<\/strong> non sar\u00e0 responsabile per i danni di qualsiasi tipo causati all'Utente a seguito di guasti o disconnessioni nelle reti di telecomunicazione che comportino la sospensione, la cancellazione o l'interruzione del servizio del Portale durante o prima della fornitura dello stesso.<\/p><p><strong>GEA<\/strong> esclude, con le eccezioni previste dalla normativa vigente, qualsiasi responsabilit\u00e0 per danni di qualsiasi tipo che possano essere dovuti alla mancanza di disponibilit\u00e0, continuit\u00e0 o qualit\u00e0 del funzionamento della Pagina e dei Contenuti, al mancato soddisfacimento dell'aspettativa di utilit\u00e0 che gli utenti possono aver attribuito alla Pagina e ai Contenuti. La funzione dei collegamenti ipertestuali che compaiono su questo Sito web \u00e8 esclusivamente quella di informare l'utente dell'esistenza di altri siti web che contengono informazioni sull'argomento. Tali collegamenti ipertestuali non costituiscono un suggerimento o una raccomandazione di alcun tipo. <strong>GEA<\/strong> non \u00e8 responsabile del contenuto di queste pagine collegate, del funzionamento o dell'utilit\u00e0 dei collegamenti ipertestuali o del risultato di questi collegamenti, n\u00e9 garantisce l'assenza di virus o di altri elementi in esse contenuti che possano causare alterazioni nel sistema informatico (hardware e software), nei documenti o nei file dell'utente, escludendo qualsiasi responsabilit\u00e0 per i danni di qualsiasi tipo causati all'utente per questo motivo.<\/p><p>L'accesso al Sito non implica alcun obbligo da parte di <strong>GEA<\/strong> controllare l'assenza di virus, worm o qualsiasi altro elemento informatico dannoso. Spetta all'Utente, in ogni caso, la disponibilit\u00e0 di strumenti adeguati per l'individuazione e la disinfezione di programmi informatici dannosi, pertanto, <strong>GEA<\/strong> non \u00e8 responsabile di eventuali errori di sicurezza che possono verificarsi durante l'erogazione del servizio del Sito, n\u00e9 di eventuali danni che possono essere causati al sistema informatico dell'utente o di terzi (hardware e software), ai file o ai documenti in esso memorizzati, a causa della presenza di un virus nel computer dell'utente utilizzato per connettersi ai servizi e ai contenuti del Sito, del malfunzionamento del browser o dell'utilizzo di versioni non aggiornate dello stesso.<\/p>\t\t\t\t\t\t\t\t<\/div>\n\t\t\t\t<\/div>\n\t\t\t\t<div class=\"elementor-element elementor-element-95b48fb elementor-widget elementor-widget-heading\" data-id=\"95b48fb\" data-element_type=\"widget\" data-e-type=\"widget\" data-widget_type=\"heading.default\">\n\t\t\t\t<div class=\"elementor-widget-container\">\n\t\t\t\t\t<h2 class=\"elementor-heading-title elementor-size-default\">Qualit\u00e0 della pagina<\/h2>\t\t\t\t<\/div>\n\t\t\t\t<\/div>\n\t\t\t\t<div class=\"elementor-element elementor-element-a9b143e elementor-widget elementor-widget-text-editor\" data-id=\"a9b143e\" data-element_type=\"widget\" data-e-type=\"widget\" data-widget_type=\"text-editor.default\">\n\t\t\t\t<div class=\"elementor-widget-container\">\n\t\t\t\t\t\t\t\t\t<p>Dato l'ambiente dinamico e mutevole delle informazioni e dei servizi forniti attraverso il Sito, <strong>GEA<\/strong> fa del suo meglio, ma non garantisce la completa veridicit\u00e0, accuratezza, affidabilit\u00e0, utilit\u00e0 e\/o tempestivit\u00e0 dei Contenuti.<\/p><p>Le informazioni contenute nelle pagine che compongono questo Portale hanno esclusivamente scopo informativo, consultivo, divulgativo e pubblicitario. In nessun caso offrono o hanno carattere di impegno vincolante o contrattuale.<\/p>\t\t\t\t\t\t\t\t<\/div>\n\t\t\t\t<\/div>\n\t\t\t\t<div class=\"elementor-element elementor-element-2ad71b9 elementor-widget elementor-widget-heading\" data-id=\"2ad71b9\" data-element_type=\"widget\" data-e-type=\"widget\" data-widget_type=\"heading.default\">\n\t\t\t\t<div class=\"elementor-widget-container\">\n\t\t\t\t\t<h2 class=\"elementor-heading-title elementor-size-default\">Limitazione di responsabilit\u00e0<\/h2>\t\t\t\t<\/div>\n\t\t\t\t<\/div>\n\t\t\t\t<div class=\"elementor-element elementor-element-cded5a1 elementor-widget elementor-widget-text-editor\" data-id=\"cded5a1\" data-element_type=\"widget\" data-e-type=\"widget\" data-widget_type=\"text-editor.default\">\n\t\t\t\t<div class=\"elementor-widget-container\">\n\t\t\t\t\t\t\t\t\t<p><strong>GEA<\/strong> esclude ogni responsabilit\u00e0 per le decisioni che l'Utente pu\u00f2 prendere sulla base di queste informazioni, nonch\u00e9 per eventuali errori tipografici che possono essere contenuti nei documenti e nella grafica del Sito. Le informazioni sono soggette a possibili modifiche periodiche senza preavviso del loro contenuto a causa di ampliamenti, miglioramenti, correzioni o aggiornamenti dei contenuti.<\/p>\t\t\t\t\t\t\t\t<\/div>\n\t\t\t\t<\/div>\n\t\t\t\t<div class=\"elementor-element elementor-element-5d71a8d elementor-widget elementor-widget-heading\" data-id=\"5d71a8d\" data-element_type=\"widget\" data-e-type=\"widget\" data-widget_type=\"heading.default\">\n\t\t\t\t<div class=\"elementor-widget-container\">\n\t\t\t\t\t<h2 class=\"elementor-heading-title elementor-size-default\">Notifiche<\/h2>\t\t\t\t<\/div>\n\t\t\t\t<\/div>\n\t\t\t\t<div class=\"elementor-element elementor-element-66b76ef elementor-widget elementor-widget-text-editor\" data-id=\"66b76ef\" data-element_type=\"widget\" data-e-type=\"widget\" data-widget_type=\"text-editor.default\">\n\t\t\t\t<div class=\"elementor-widget-container\">\n\t\t\t\t\t\t\t\t\t<p>Tutte le notifiche e le comunicazioni di <strong>GEA<\/strong> all'Utente, con qualsiasi mezzo, sar\u00e0 considerata efficace a tutti gli effetti.<\/p>\t\t\t\t\t\t\t\t<\/div>\n\t\t\t\t<\/div>\n\t\t\t\t<div class=\"elementor-element elementor-element-0ad3a28 elementor-widget elementor-widget-heading\" data-id=\"0ad3a28\" data-element_type=\"widget\" data-e-type=\"widget\" data-widget_type=\"heading.default\">\n\t\t\t\t<div class=\"elementor-widget-container\">\n\t\t\t\t\t<h2 class=\"elementor-heading-title elementor-size-default\">Disponibilit\u00e0 di contenuti<\/h2>\t\t\t\t<\/div>\n\t\t\t\t<\/div>\n\t\t\t\t<div class=\"elementor-element elementor-element-b10750b elementor-widget elementor-widget-text-editor\" data-id=\"b10750b\" data-element_type=\"widget\" data-e-type=\"widget\" data-widget_type=\"text-editor.default\">\n\t\t\t\t<div class=\"elementor-widget-container\">\n\t\t\t\t\t\t\t\t\t<p>La fornitura del servizio della Pagina e dei Contenuti ha, in linea di principio, una durata indefinita. <strong>GEA<\/strong>Tuttavia, \u00e8 autorizzata a interrompere o sospendere la fornitura del servizio del Sito e\/o di qualsiasi Contenuto in qualsiasi momento. Quando ragionevolmente possibile, <strong>GEA<\/strong> dare un preavviso di cessazione o sospensione del Sito.<\/p>\t\t\t\t\t\t\t\t<\/div>\n\t\t\t\t<\/div>\n\t\t\t\t<div class=\"elementor-element elementor-element-0333937 elementor-widget elementor-widget-heading\" data-id=\"0333937\" data-element_type=\"widget\" data-e-type=\"widget\" data-widget_type=\"heading.default\">\n\t\t\t\t<div class=\"elementor-widget-container\">\n\t\t\t\t\t<h2 class=\"elementor-heading-title elementor-size-default\">Protezione dei dati personali<\/h2>\t\t\t\t<\/div>\n\t\t\t\t<\/div>\n\t\t\t\t<div class=\"elementor-element elementor-element-6c0e0ab elementor-widget elementor-widget-text-editor\" data-id=\"6c0e0ab\" data-element_type=\"widget\" data-e-type=\"widget\" data-widget_type=\"text-editor.default\">\n\t\t\t\t<div class=\"elementor-widget-container\">\n\t\t\t\t\t\t\t\t\t<p><strong>GEA<\/strong> \u00e8 consapevole dell'importanza della privacy dei dati personali e ha pertanto implementato una politica di trattamento dei dati volta a garantire la massima sicurezza nell'utilizzo e nella raccolta di tali dati, assicurando il rispetto della normativa vigente in materia e configurando tale politica come uno dei pilastri fondamentali nelle linee di azione dell'ente. Durante la navigazione del sito web\u00a0<strong>GEA<\/strong> \u00e8 possibile che i dati personali vengano richiesti attraverso diversi moduli predisposti a tale scopo. Tali dati faranno parte dei relativi archivi a seconda dello scopo specifico e particolare per cui vengono raccolti. In questo modo, le informazioni particolari di ciascun trattamento dei dati saranno fornite insieme a ciascun modulo web, essendo comune a tutti il responsabile del file: <strong>GEA<\/strong>L'interessato pu\u00f2 esercitare i diritti di accesso, rettifica, cancellazione e opposizione, da formalizzare mediante comunicazione scritta all'indirizzo sopra indicato, allegando copia della carta d'identit\u00e0 o di un documento di riconoscimento equivalente.<\/p><p>Nel caso in cui l'utente fornisca i propri dati attraverso un messaggio di posta elettronica, questi faranno parte di un file il cui scopo sar\u00e0 la gestione della richiesta o del commento che l'utente ci ha rivolto, con il resto dei punti indicati nel paragrafo precedente. Allo stesso modo, le condizioni generali di contrattazione dei servizi di\u00a0<strong>GEA<\/strong> contenere le caratteristiche e la natura del trattamento dei dati che sar\u00e0 effettuato da quest'ultimo nel caso in cui contragga uno di essi. D'altra parte,\u00a0<strong>GEA<\/strong> ha implementato le misure tecniche e organizzative necessarie per prevenire la perdita, l'abuso, l'alterazione, l'accesso non autorizzato e il furto dei Dati personali che gli interessati possono fornire a seguito dell'accesso alle diverse sezioni del sito web. <strong>geabarcelona.com<\/strong>applicando le misure di conformit\u00e0 imposte dal Regolamento (UE) 2016\/679 del 27 aprile 2016 (GDPR).<\/p>\t\t\t\t\t\t\t\t<\/div>\n\t\t\t\t<\/div>\n\t\t\t\t<div class=\"elementor-element elementor-element-042d821 elementor-widget elementor-widget-heading\" data-id=\"042d821\" data-element_type=\"widget\" data-e-type=\"widget\" data-widget_type=\"heading.default\">\n\t\t\t\t<div class=\"elementor-widget-container\">\n\t\t\t\t\t<h2 class=\"elementor-heading-title elementor-size-default\">Giurisdizione applicabile<\/h2>\t\t\t\t<\/div>\n\t\t\t\t<\/div>\n\t\t\t\t<div class=\"elementor-element elementor-element-1e86880 elementor-widget elementor-widget-text-editor\" data-id=\"1e86880\" data-element_type=\"widget\" data-e-type=\"widget\" data-widget_type=\"text-editor.default\">\n\t\t\t\t<div class=\"elementor-widget-container\">\n\t\t\t\t\t\t\t\t\t<p>Per qualsiasi questione che possa sorgere in merito all'interpretazione, all'applicazione e all'adempimento del presente Avviso legale, nonch\u00e9 per qualsiasi reclamo che possa derivare dal suo utilizzo, tutte le parti coinvolte si sottomettono alle Corti e ai Tribunali di Barcellona, rinunciando espressamente a qualsiasi altra giurisdizione che possa corrispondere loro. Legislazione applicabile. Il presente Avviso legale \u00e8 disciplinato dalla legge spagnola.<\/p><p>Tutti i diritti d'autore sono riservati dalle leggi e dai trattati internazionali sulla propriet\u00e0 intellettuale. La copia, la riproduzione o la diffusione, totale o parziale, con qualsiasi mezzo \u00e8 espressamente vietata.<\/p>\t\t\t\t\t\t\t\t<\/div>\n\t\t\t\t<\/div>\n\t\t\t\t\t<\/div>\n\t\t<\/div>\n\t\t\t\t\t<\/div>\n\t\t<\/main>\n\t\t\t\t<section class=\"elementor-section elementor-top-section elementor-element elementor-element-b766db7 elementor-section-boxed elementor-section-height-default elementor-section-height-default\" data-id=\"b766db7\" data-element_type=\"section\" data-e-type=\"section\">\n\t\t\t\t\t\t<div class=\"elementor-container elementor-column-gap-default\">\n\t\t\t\t\t<div class=\"elementor-column elementor-col-100 elementor-top-column elementor-element elementor-element-8795a34\" data-id=\"8795a34\" data-element_type=\"column\" data-e-type=\"column\">\n\t\t\t<div class=\"elementor-widget-wrap elementor-element-populated\">\n\t\t\t\t\t\t<div class=\"elementor-element elementor-element-1fe1da3 elementor-widget elementor-widget-image\" data-id=\"1fe1da3\" data-element_type=\"widget\" data-e-type=\"widget\" data-widget_type=\"image.default\">\n\t\t\t\t<div class=\"elementor-widget-container\">\n\t\t\t\t\t\t\t\t\t\t\t\t\t\t\t<img fetchpriority=\"high\" decoding=\"async\" width=\"1536\" height=\"178\" src=\"https:\/\/geabarcelona.com\/wp-content\/uploads\/2023\/11\/Logo-digitalizadores-1536x178.png\" class=\"attachment-1536x1536 size-1536x1536 wp-image-13100\" alt=\"\" srcset=\"https:\/\/geabarcelona.com\/wp-content\/uploads\/2023\/11\/Logo-digitalizadores-1536x178.png 1536w, https:\/\/geabarcelona.com\/wp-content\/uploads\/2023\/11\/Logo-digitalizadores-300x35.png 300w, https:\/\/geabarcelona.com\/wp-content\/uploads\/2023\/11\/Logo-digitalizadores-1024x119.png 1024w, https:\/\/geabarcelona.com\/wp-content\/uploads\/2023\/11\/Logo-digitalizadores-768x89.png 768w, https:\/\/geabarcelona.com\/wp-content\/uploads\/2023\/11\/Logo-digitalizadores-2048x238.png 2048w, https:\/\/geabarcelona.com\/wp-content\/uploads\/2023\/11\/Logo-digitalizadores-18x2.png 18w, https:\/\/geabarcelona.com\/wp-content\/uploads\/2023\/11\/Logo-digitalizadores-600x70.png 600w\" sizes=\"(max-width: 1536px) 100vw, 1536px\" \/>\t\t\t\t\t\t\t\t\t\t\t\t\t\t\t<\/div>\n\t\t\t\t<\/div>\n\t\t\t\t\t<\/div>\n\t\t<\/div>\n\t\t\t\t\t<\/div>\n\t\t<\/section>\n\t\t\t\t<\/div>","protected":false},"excerpt":{"rendered":"<p>Aviso legal Datos identificativos del titular del sitio web En cumplimiento del deber de informaci\u00f3n estipulado en el art\u00edculo 10 de la Ley 34\/2002 de 11 de julio de Servicios de la Sociedad de la Informaci\u00f3n y de Comercio Electr\u00f3nico, Gea Barcelona (en adelante Gea), en calidad de titular del web site geabarcelona.com, procede a [&hellip;]<\/p>\n","protected":false},"author":1,"featured_media":0,"parent":0,"menu_order":0,"comment_status":"closed","ping_status":"closed","template":"elementor_header_footer","meta":{"footnotes":""},"class_list":["post-12549","page","type-page","status-publish","hentry"],"_links":{"self":[{"href":"https:\/\/geabarcelona.com\/it\/wp-json\/wp\/v2\/pages\/12549","targetHints":{"allow":["GET"]}}],"collection":[{"href":"https:\/\/geabarcelona.com\/it\/wp-json\/wp\/v2\/pages"}],"about":[{"href":"https:\/\/geabarcelona.com\/it\/wp-json\/wp\/v2\/types\/page"}],"author":[{"embeddable":true,"href":"https:\/\/geabarcelona.com\/it\/wp-json\/wp\/v2\/users\/1"}],"replies":[{"embeddable":true,"href":"https:\/\/geabarcelona.com\/it\/wp-json\/wp\/v2\/comments?post=12549"}],"version-history":[{"count":19,"href":"https:\/\/geabarcelona.com\/it\/wp-json\/wp\/v2\/pages\/12549\/revisions"}],"predecessor-version":[{"id":19523,"href":"https:\/\/geabarcelona.com\/it\/wp-json\/wp\/v2\/pages\/12549\/revisions\/19523"}],"wp:attachment":[{"href":"https:\/\/geabarcelona.com\/it\/wp-json\/wp\/v2\/media?parent=12549"}],"curies":[{"name":"wp","href":"https:\/\/api.w.org\/{rel}","templated":true}]}}