{"id":12567,"date":"2023-09-06T20:01:51","date_gmt":"2023-09-06T18:01:51","guid":{"rendered":"https:\/\/geabarcelona.com\/about\/"},"modified":"2026-03-17T18:14:51","modified_gmt":"2026-03-17T17:14:51","slug":"about","status":"publish","type":"page","link":"https:\/\/geabarcelona.com\/it\/about\/","title":{"rendered":"About"},"content":{"rendered":"\t\t<div data-elementor-type=\"wp-page\" data-elementor-id=\"12567\" class=\"elementor elementor-12567\" data-elementor-post-type=\"page\">\n\t\t\t\t\t\t<main class=\"elementor-section elementor-top-section elementor-element elementor-element-24f338c7 elementor-section-full_width elementor-section-height-min-height elementor-section-items-stretch elementor-reverse-mobile elementor-section-height-default\" data-id=\"24f338c7\" data-element_type=\"section\" data-e-type=\"section\" data-settings=\"{&quot;background_background&quot;:&quot;classic&quot;}\" role=\"\">\n\t\t\t\t\t\t<div class=\"elementor-container elementor-column-gap-no\">\n\t\t\t\t\t<div class=\"elementor-column elementor-col-100 elementor-top-column elementor-element elementor-element-294dbcd6\" data-id=\"294dbcd6\" data-element_type=\"column\" data-e-type=\"column\" data-settings=\"{&quot;background_background&quot;:&quot;slideshow&quot;,&quot;background_slideshow_gallery&quot;:[{&quot;id&quot;:12910,&quot;url&quot;:&quot;https:\\\/\\\/geabarcelona.com\\\/wp-content\\\/uploads\\\/2023\\\/09\\\/shutterstock_1286360764-scaled.jpg&quot;},{&quot;id&quot;:12908,&quot;url&quot;:&quot;https:\\\/\\\/geabarcelona.com\\\/wp-content\\\/uploads\\\/2023\\\/09\\\/shutterstock_1357904525-scaled.jpg&quot;}],&quot;background_slideshow_loop&quot;:&quot;yes&quot;,&quot;background_slideshow_slide_duration&quot;:5000,&quot;background_slideshow_slide_transition&quot;:&quot;fade&quot;,&quot;background_slideshow_transition_duration&quot;:500}\">\n\t\t\t<div class=\"elementor-widget-wrap elementor-element-populated\">\n\t\t\t\t\t\t<div class=\"elementor-element elementor-element-43546406 elementor-cta--skin-cover elementor-cta--valign-middle elementor-widget elementor-widget-call-to-action\" data-id=\"43546406\" data-element_type=\"widget\" data-e-type=\"widget\" role=\"\" data-widget_type=\"call-to-action.default\">\n\t\t\t\t<div class=\"elementor-widget-container\">\n\t\t\t\t\t\t\t<div class=\"elementor-cta\">\n\t\t\t\t\t<div class=\"elementor-cta__bg-wrapper\">\n\t\t\t\t<div class=\"elementor-cta__bg elementor-bg\" style=\"background-image: url();\" role=\"img\" aria-label=\"\"><\/div>\n\t\t\t\t<div class=\"elementor-cta__bg-overlay\"><\/div>\n\t\t\t<\/div>\n\t\t\t\t\t\t\t<div class=\"elementor-cta__content\">\n\t\t\t\t\n\t\t\t\t\t\t\t\t\t<h1 class=\"elementor-cta__title elementor-cta__content-item elementor-content-item\">\n\t\t\t\t\t\tGea Barcelona es m\u00e1s que un mayorista: es tu aliado en la b\u00fasqueda de productos con alma, al mejor precio del mercado.\t\t\t\t\t<\/h1>\n\t\t\t\t\n\t\t\t\t\n\t\t\t\t\t\t\t<\/div>\n\t\t\t\t\t\t<\/div>\n\t\t\t\t\t\t<\/div>\n\t\t\t\t<\/div>\n\t\t\t\t<div class=\"elementor-element elementor-element-d7875fc elementor-widget__width-initial elementor-widget elementor-widget-text-editor\" data-id=\"d7875fc\" data-element_type=\"widget\" data-e-type=\"widget\" data-widget_type=\"text-editor.default\">\n\t\t\t\t<div class=\"elementor-widget-container\">\n\t\t\t\t\t\t\t\t\t<p>En Gea Barcelona nos especializamos en la venta de minerales al por mayor, trabajando exclusivamente con tiendas y profesionales del sector. Nuestra pasi\u00f3n es compartir la belleza, energ\u00eda y autenticidad de los minerales naturales con el mundo, ofreciendo productos \u00fanicos que combinan origen, calidad y prop\u00f3sito.<\/p><p>Seleccionamos cuidadosamente cada pieza de nuestro cat\u00e1logo, que incluye minerales en bruto, rodados y pulidos, gemas, f\u00f3siles, geodas, drusas y una amplia variedad de art\u00edculos relacionados con el bienestar y la decoraci\u00f3n, como cuencos tibetanos, cuencos de cuarzo, l\u00e1mparas de sal y m\u00e1s.<\/p><p>Gea Barcelona se ha consolidado como un proveedor de referencia gracias a nuestros precios competitivos y nuestro compromiso con la calidad, la confianza y un servicio cercano y personalizado. Acompa\u00f1amos a nuestros clientes con un trato profesional y un cat\u00e1logo siempre actualizado, pensado para ayudarte a ofrecer lo mejor en tu tienda.<\/p>\t\t\t\t\t\t\t\t<\/div>\n\t\t\t\t<\/div>\n\t\t\t\t\t<\/div>\n\t\t<\/div>\n\t\t\t\t\t<\/div>\n\t\t<\/main>\n\t\t\t\t<\/div>\n\t\t","protected":false},"excerpt":{"rendered":"<p>Gea Barcelona es m\u00e1s que un mayorista: es tu aliado en la b\u00fasqueda de productos con alma, al mejor precio del mercado. En Gea Barcelona nos especializamos en la venta de minerales al por mayor, trabajando exclusivamente con tiendas y profesionales del sector. Nuestra pasi\u00f3n es compartir la belleza, energ\u00eda y autenticidad de los minerales [&hellip;]<\/p>\n","protected":false},"author":1,"featured_media":0,"parent":0,"menu_order":0,"comment_status":"closed","ping_status":"closed","template":"elementor_header_footer","meta":{"footnotes":""},"class_list":["post-12567","page","type-page","status-publish","hentry"],"_links":{"self":[{"href":"https:\/\/geabarcelona.com\/it\/wp-json\/wp\/v2\/pages\/12567","targetHints":{"allow":["GET"]}}],"collection":[{"href":"https:\/\/geabarcelona.com\/it\/wp-json\/wp\/v2\/pages"}],"about":[{"href":"https:\/\/geabarcelona.com\/it\/wp-json\/wp\/v2\/types\/page"}],"author":[{"embeddable":true,"href":"https:\/\/geabarcelona.com\/it\/wp-json\/wp\/v2\/users\/1"}],"replies":[{"embeddable":true,"href":"https:\/\/geabarcelona.com\/it\/wp-json\/wp\/v2\/comments?post=12567"}],"version-history":[{"count":28,"href":"https:\/\/geabarcelona.com\/it\/wp-json\/wp\/v2\/pages\/12567\/revisions"}],"predecessor-version":[{"id":19520,"href":"https:\/\/geabarcelona.com\/it\/wp-json\/wp\/v2\/pages\/12567\/revisions\/19520"}],"wp:attachment":[{"href":"https:\/\/geabarcelona.com\/it\/wp-json\/wp\/v2\/media?parent=12567"}],"curies":[{"name":"wp","href":"https:\/\/api.w.org\/{rel}","templated":true}]}}