{"id":15572,"date":"2024-01-03T21:13:13","date_gmt":"2024-01-03T20:13:13","guid":{"rendered":"https:\/\/geabarcelona.com\/?page_id=15572"},"modified":"2025-10-19T09:27:47","modified_gmt":"2025-10-19T07:27:47","slug":"selenita","status":"publish","type":"page","link":"https:\/\/geabarcelona.com\/it\/selenita\/","title":{"rendered":"Selenite"},"content":{"rendered":"<div data-elementor-type=\"wp-page\" data-elementor-id=\"15572\" class=\"elementor elementor-15572\" data-elementor-post-type=\"page\">\n\t\t\t\t\t\t<section class=\"elementor-section elementor-top-section elementor-element elementor-element-34bb3e64 elementor-section-boxed elementor-section-height-default elementor-section-height-default\" data-id=\"34bb3e64\" data-element_type=\"section\" data-e-type=\"section\">\n\t\t\t\t\t\t<div class=\"elementor-container elementor-column-gap-default\">\n\t\t\t\t\t<div class=\"elementor-column elementor-col-100 elementor-top-column elementor-element elementor-element-2e04575c\" data-id=\"2e04575c\" data-element_type=\"column\" data-e-type=\"column\">\n\t\t\t<div class=\"elementor-widget-wrap elementor-element-populated\">\n\t\t\t\t\t\t<div class=\"elementor-element elementor-element-2c45e15c elementor-widget elementor-widget-spacer\" data-id=\"2c45e15c\" data-element_type=\"widget\" data-e-type=\"widget\" data-widget_type=\"spacer.default\">\n\t\t\t\t<div class=\"elementor-widget-container\">\n\t\t\t\t\t\t\t<div class=\"elementor-spacer\">\n\t\t\t<div class=\"elementor-spacer-inner\"><\/div>\n\t\t<\/div>\n\t\t\t\t\t\t<\/div>\n\t\t\t\t<\/div>\n\t\t\t\t<div class=\"elementor-element elementor-element-e94ff2c elementor-widget elementor-widget-heading\" data-id=\"e94ff2c\" data-element_type=\"widget\" data-e-type=\"widget\" data-widget_type=\"heading.default\">\n\t\t\t\t<div class=\"elementor-widget-container\">\n\t\t\t\t\t<h1 class=\"elementor-heading-title elementor-size-default\">Selenite<\/h1>\t\t\t\t<\/div>\n\t\t\t\t<\/div>\n\t\t\t\t<div class=\"elementor-element elementor-element-e510da9 elementor-widget elementor-widget-text-editor\" data-id=\"e510da9\" data-element_type=\"widget\" data-e-type=\"widget\" data-widget_type=\"text-editor.default\">\n\t\t\t\t<div class=\"elementor-widget-container\">\n\t\t\t\t\t\t\t\t\t<p>Scopri il nostro <strong>selecci\u00f3n de selenita al por mayor<\/strong>, conocida por su pureza, brillo y propiedades energ\u00e9ticas. En GEA Barcelona trabajamos como <strong>mayorista online de minerales<\/strong> ofreciendo torres, l\u00e1mparas, varitas y placas de selenita ideales para <strong>decoraci\u00f3n o terapias de bienestar<\/strong>. Este mineral, s\u00edmbolo de claridad y limpieza energ\u00e9tica, es muy demandado por <strong>tiendas esot\u00e9ricas y profesionales del bienestar<\/strong>. Compra <strong>selenita natural al por mayor<\/strong> y ofrece a tus clientes productos aut\u00e9nticos, llenos de energ\u00eda y luz.<\/p>\t\t\t\t\t\t\t\t<\/div>\n\t\t\t\t<\/div>\n\t\t\t\t\t<\/div>\n\t\t<\/div>\n\t\t\t\t\t<\/div>\n\t\t<\/section>\n\t\t\t\t<section class=\"elementor-section elementor-top-section elementor-element elementor-element-2651c3ac elementor-section-boxed elementor-section-height-default elementor-section-height-default\" data-id=\"2651c3ac\" data-element_type=\"section\" data-e-type=\"section\">\n\t\t\t\t\t\t<div class=\"elementor-container elementor-column-gap-default\">\n\t\t\t\t\t<div class=\"elementor-column elementor-col-100 elementor-top-column elementor-element elementor-element-42335f55\" data-id=\"42335f55\" data-element_type=\"column\" data-e-type=\"column\">\n\t\t\t<div class=\"elementor-widget-wrap elementor-element-populated\">\n\t\t\t\t\t\t<div class=\"elementor-element elementor-element-4817b18a elementor-grid-5 elementor-grid-tablet-3 elementor-grid-mobile-2 elementor-products-grid elementor-wc-products elementor-show-pagination-border-yes elementor-widget elementor-widget-woocommerce-products\" data-id=\"4817b18a\" data-element_type=\"widget\" data-e-type=\"widget\" data-widget_type=\"woocommerce-products.default\">\n\t\t\t\t<div class=\"elementor-widget-container\">\n\t\t\t\t\t<div class=\"woocommerce columns-5\"><div class=\"woocommerce-notices-wrapper\"><\/div><ul class=\"products elementor-grid columns-5\">\n<li class=\"product type-product post-15307 status-publish first instock product_cat-catalogo product_cat-selenita product_tag-selenita has-post-thumbnail taxable shipping-taxable purchasable product-type-simple\">\n\t<a href=\"https:\/\/geabarcelona.com\/it\/producto\/selenita\/\" class=\"woocommerce-LoopProduct-link woocommerce-loop-product__link\"><img fetchpriority=\"high\" decoding=\"async\" width=\"300\" height=\"300\" src=\"https:\/\/geabarcelona.com\/wp-content\/uploads\/2024\/01\/photoroom_20240103_105200-300x300.jpeg\" class=\"attachment-woocommerce_thumbnail size-woocommerce_thumbnail\" alt=\"SELENITA\" srcset=\"https:\/\/geabarcelona.com\/wp-content\/uploads\/2024\/01\/photoroom_20240103_105200-300x300.jpeg 300w, https:\/\/geabarcelona.com\/wp-content\/uploads\/2024\/01\/photoroom_20240103_105200-1024x1024.jpeg 1024w, https:\/\/geabarcelona.com\/wp-content\/uploads\/2024\/01\/photoroom_20240103_105200-150x150.jpeg 150w, https:\/\/geabarcelona.com\/wp-content\/uploads\/2024\/01\/photoroom_20240103_105200-768x768.jpeg 768w, https:\/\/geabarcelona.com\/wp-content\/uploads\/2024\/01\/photoroom_20240103_105200-1536x1536.jpeg 1536w, https:\/\/geabarcelona.com\/wp-content\/uploads\/2024\/01\/photoroom_20240103_105200-12x12.jpeg 12w, https:\/\/geabarcelona.com\/wp-content\/uploads\/2024\/01\/photoroom_20240103_105200-600x600.jpeg 600w, https:\/\/geabarcelona.com\/wp-content\/uploads\/2024\/01\/photoroom_20240103_105200-100x100.jpeg 100w, https:\/\/geabarcelona.com\/wp-content\/uploads\/2024\/01\/photoroom_20240103_105200.jpeg 1800w\" sizes=\"(max-width: 300px) 100vw, 300px\" \/><h2 class=\"woocommerce-loop-product__title\">SELENITA<\/h2>\n<\/a><a href=\"https:\/\/geabarcelona.com\/it\/producto\/selenita\/\" class=\"button alt add_to_cart_button\" data-no-translation=\"\" data-trp-gettext=\"\">Visualizza il prodotto<\/a>\t<span id=\"woocommerce_loop_add_to_cart_link_describedby_15307\" class=\"screen-reader-text\">\n\t\t\t<\/span>\n<\/li>\n<li class=\"product type-product post-14464 status-publish outofstock product_cat-decoracion-lamparas product_cat-selenita product_tag-decoracion has-post-thumbnail taxable shipping-taxable product-type-simple\">\n\t<a href=\"https:\/\/geabarcelona.com\/it\/producto\/lampara-pequena-de-selenita-15cm\/\" class=\"woocommerce-LoopProduct-link woocommerce-loop-product__link\"><img decoding=\"async\" width=\"300\" height=\"300\" src=\"https:\/\/geabarcelona.com\/wp-content\/uploads\/2023\/12\/IMG_3583-scaled-300x300.jpg\" class=\"attachment-woocommerce_thumbnail size-woocommerce_thumbnail\" alt=\"LAMPARA PEQUE\u00d1A DE SELENITA 15CM\" srcset=\"https:\/\/geabarcelona.com\/wp-content\/uploads\/2023\/12\/IMG_3583-scaled-300x300.jpg 300w, https:\/\/geabarcelona.com\/wp-content\/uploads\/2023\/12\/IMG_3583-scaled-1024x1024.jpg 1024w, https:\/\/geabarcelona.com\/wp-content\/uploads\/2023\/12\/IMG_3583-scaled-150x150.jpg 150w, https:\/\/geabarcelona.com\/wp-content\/uploads\/2023\/12\/IMG_3583-scaled-768x768.jpg 768w, https:\/\/geabarcelona.com\/wp-content\/uploads\/2023\/12\/IMG_3583-scaled-1536x1536.jpg 1536w, https:\/\/geabarcelona.com\/wp-content\/uploads\/2023\/12\/IMG_3583-scaled-2048x2048.jpg 2048w, https:\/\/geabarcelona.com\/wp-content\/uploads\/2023\/12\/IMG_3583-scaled-12x12.jpg 12w, https:\/\/geabarcelona.com\/wp-content\/uploads\/2023\/12\/IMG_3583-scaled-600x600.jpg 600w, https:\/\/geabarcelona.com\/wp-content\/uploads\/2023\/12\/IMG_3583-scaled-100x100.jpg 100w\" sizes=\"(max-width: 300px) 100vw, 300px\" \/><h2 class=\"woocommerce-loop-product__title\">LAMPARA PEQUE\u00d1A DE SELENITA 15CM<\/h2>\n<\/a><a href=\"https:\/\/geabarcelona.com\/it\/producto\/lampara-pequena-de-selenita-15cm\/\" class=\"button alt add_to_cart_button\" data-no-translation=\"\" data-trp-gettext=\"\">Visualizza il prodotto<\/a>\t<span id=\"woocommerce_loop_add_to_cart_link_describedby_14464\" class=\"screen-reader-text\">\n\t\t\t<\/span>\n<\/li>\n<li class=\"product type-product post-14463 status-publish instock product_cat-decoracion-lamparas product_cat-selenita product_tag-decoracion has-post-thumbnail taxable shipping-taxable purchasable product-type-simple\">\n\t<a href=\"https:\/\/geabarcelona.com\/it\/producto\/lampara-mediana-de-selenita-30cm\/\" class=\"woocommerce-LoopProduct-link woocommerce-loop-product__link\"><img decoding=\"async\" width=\"300\" height=\"300\" src=\"https:\/\/geabarcelona.com\/wp-content\/uploads\/2023\/12\/IMG_3583-scaled-300x300.jpg\" class=\"attachment-woocommerce_thumbnail size-woocommerce_thumbnail\" alt=\"LAMPARA MEDIANA DE SELENITA 30CM\" srcset=\"https:\/\/geabarcelona.com\/wp-content\/uploads\/2023\/12\/IMG_3583-scaled-300x300.jpg 300w, https:\/\/geabarcelona.com\/wp-content\/uploads\/2023\/12\/IMG_3583-scaled-1024x1024.jpg 1024w, https:\/\/geabarcelona.com\/wp-content\/uploads\/2023\/12\/IMG_3583-scaled-150x150.jpg 150w, https:\/\/geabarcelona.com\/wp-content\/uploads\/2023\/12\/IMG_3583-scaled-768x768.jpg 768w, https:\/\/geabarcelona.com\/wp-content\/uploads\/2023\/12\/IMG_3583-scaled-1536x1536.jpg 1536w, https:\/\/geabarcelona.com\/wp-content\/uploads\/2023\/12\/IMG_3583-scaled-2048x2048.jpg 2048w, https:\/\/geabarcelona.com\/wp-content\/uploads\/2023\/12\/IMG_3583-scaled-12x12.jpg 12w, https:\/\/geabarcelona.com\/wp-content\/uploads\/2023\/12\/IMG_3583-scaled-600x600.jpg 600w, https:\/\/geabarcelona.com\/wp-content\/uploads\/2023\/12\/IMG_3583-scaled-100x100.jpg 100w\" sizes=\"(max-width: 300px) 100vw, 300px\" \/><h2 class=\"woocommerce-loop-product__title\">LAMPARA MEDIANA DE SELENITA 30CM<\/h2>\n<\/a><a href=\"https:\/\/geabarcelona.com\/it\/producto\/lampara-mediana-de-selenita-30cm\/\" class=\"button alt add_to_cart_button\" data-no-translation=\"\" data-trp-gettext=\"\">Visualizza il prodotto<\/a>\t<span id=\"woocommerce_loop_add_to_cart_link_describedby_14463\" class=\"screen-reader-text\">\n\t\t\t<\/span>\n<\/li>\n<li class=\"product type-product post-14462 status-publish instock product_cat-decoracion-lamparas product_cat-selenita product_tag-decoracion has-post-thumbnail taxable shipping-taxable purchasable product-type-simple\">\n\t<a href=\"https:\/\/geabarcelona.com\/it\/producto\/lampara-grande-de-selenita-37cm\/\" class=\"woocommerce-LoopProduct-link woocommerce-loop-product__link\"><img loading=\"lazy\" decoding=\"async\" width=\"300\" height=\"300\" src=\"https:\/\/geabarcelona.com\/wp-content\/uploads\/2023\/12\/IMG_3583-scaled-300x300.jpg\" class=\"attachment-woocommerce_thumbnail size-woocommerce_thumbnail\" alt=\"LAMPARA GRANDE DE SELENITA 37CM\" srcset=\"https:\/\/geabarcelona.com\/wp-content\/uploads\/2023\/12\/IMG_3583-scaled-300x300.jpg 300w, https:\/\/geabarcelona.com\/wp-content\/uploads\/2023\/12\/IMG_3583-scaled-1024x1024.jpg 1024w, https:\/\/geabarcelona.com\/wp-content\/uploads\/2023\/12\/IMG_3583-scaled-150x150.jpg 150w, https:\/\/geabarcelona.com\/wp-content\/uploads\/2023\/12\/IMG_3583-scaled-768x768.jpg 768w, https:\/\/geabarcelona.com\/wp-content\/uploads\/2023\/12\/IMG_3583-scaled-1536x1536.jpg 1536w, https:\/\/geabarcelona.com\/wp-content\/uploads\/2023\/12\/IMG_3583-scaled-2048x2048.jpg 2048w, https:\/\/geabarcelona.com\/wp-content\/uploads\/2023\/12\/IMG_3583-scaled-12x12.jpg 12w, https:\/\/geabarcelona.com\/wp-content\/uploads\/2023\/12\/IMG_3583-scaled-600x600.jpg 600w, https:\/\/geabarcelona.com\/wp-content\/uploads\/2023\/12\/IMG_3583-scaled-100x100.jpg 100w\" sizes=\"(max-width: 300px) 100vw, 300px\" \/><h2 class=\"woocommerce-loop-product__title\">LAMPARA GRANDE DE SELENITA 37CM<\/h2>\n<\/a><a href=\"https:\/\/geabarcelona.com\/it\/producto\/lampara-grande-de-selenita-37cm\/\" class=\"button alt add_to_cart_button\" data-no-translation=\"\" data-trp-gettext=\"\">Visualizza il prodotto<\/a>\t<span id=\"woocommerce_loop_add_to_cart_link_describedby_14462\" class=\"screen-reader-text\">\n\t\t\t<\/span>\n<\/li>\n<li class=\"product type-product post-14339 status-publish last instock product_cat-pulido-formas product_cat-selenita product_tag-selenita has-post-thumbnail taxable shipping-taxable purchasable product-type-simple\">\n\t<a href=\"https:\/\/geabarcelona.com\/it\/producto\/selenita-torre-pequena\/\" class=\"woocommerce-LoopProduct-link woocommerce-loop-product__link\"><img loading=\"lazy\" decoding=\"async\" width=\"300\" height=\"300\" src=\"https:\/\/geabarcelona.com\/wp-content\/uploads\/2023\/12\/IMG_3556-300x300.jpg\" class=\"attachment-woocommerce_thumbnail size-woocommerce_thumbnail\" alt=\"SELENITE PICCOLA TORRE\" srcset=\"https:\/\/geabarcelona.com\/wp-content\/uploads\/2023\/12\/IMG_3556-300x300.jpg 300w, https:\/\/geabarcelona.com\/wp-content\/uploads\/2023\/12\/IMG_3556-1024x1024.jpg 1024w, https:\/\/geabarcelona.com\/wp-content\/uploads\/2023\/12\/IMG_3556-150x150.jpg 150w, https:\/\/geabarcelona.com\/wp-content\/uploads\/2023\/12\/IMG_3556-768x768.jpg 768w, https:\/\/geabarcelona.com\/wp-content\/uploads\/2023\/12\/IMG_3556-1536x1536.jpg 1536w, https:\/\/geabarcelona.com\/wp-content\/uploads\/2023\/12\/IMG_3556-2048x2048.jpg 2048w, https:\/\/geabarcelona.com\/wp-content\/uploads\/2023\/12\/IMG_3556-12x12.jpg 12w, https:\/\/geabarcelona.com\/wp-content\/uploads\/2023\/12\/IMG_3556-600x600.jpg 600w, https:\/\/geabarcelona.com\/wp-content\/uploads\/2023\/12\/IMG_3556-100x100.jpg 100w\" sizes=\"(max-width: 300px) 100vw, 300px\" \/><h2 class=\"woocommerce-loop-product__title\">SELENITE PICCOLA TORRE<\/h2>\n<\/a><a href=\"https:\/\/geabarcelona.com\/it\/producto\/selenita-torre-pequena\/\" class=\"button alt add_to_cart_button\" data-no-translation=\"\" data-trp-gettext=\"\">Visualizza il prodotto<\/a>\t<span id=\"woocommerce_loop_add_to_cart_link_describedby_14339\" class=\"screen-reader-text\">\n\t\t\t<\/span>\n<\/li>\n<li class=\"product type-product post-14338 status-publish first instock product_cat-pulido-formas product_cat-selenita product_tag-selenita has-post-thumbnail taxable shipping-taxable purchasable product-type-simple\">\n\t<a href=\"https:\/\/geabarcelona.com\/it\/producto\/selenita-torre-mediana\/\" class=\"woocommerce-LoopProduct-link woocommerce-loop-product__link\"><img loading=\"lazy\" decoding=\"async\" width=\"300\" height=\"300\" src=\"https:\/\/geabarcelona.com\/wp-content\/uploads\/2023\/12\/IMG_3555-scaled-300x300.jpg\" class=\"attachment-woocommerce_thumbnail size-woocommerce_thumbnail\" alt=\"SELENITE A TORRE MEDIA\" srcset=\"https:\/\/geabarcelona.com\/wp-content\/uploads\/2023\/12\/IMG_3555-scaled-300x300.jpg 300w, https:\/\/geabarcelona.com\/wp-content\/uploads\/2023\/12\/IMG_3555-scaled-1024x1024.jpg 1024w, https:\/\/geabarcelona.com\/wp-content\/uploads\/2023\/12\/IMG_3555-scaled-150x150.jpg 150w, https:\/\/geabarcelona.com\/wp-content\/uploads\/2023\/12\/IMG_3555-scaled-768x768.jpg 768w, https:\/\/geabarcelona.com\/wp-content\/uploads\/2023\/12\/IMG_3555-scaled-1536x1536.jpg 1536w, https:\/\/geabarcelona.com\/wp-content\/uploads\/2023\/12\/IMG_3555-scaled-2048x2048.jpg 2048w, https:\/\/geabarcelona.com\/wp-content\/uploads\/2023\/12\/IMG_3555-scaled-12x12.jpg 12w, https:\/\/geabarcelona.com\/wp-content\/uploads\/2023\/12\/IMG_3555-scaled-600x600.jpg 600w, https:\/\/geabarcelona.com\/wp-content\/uploads\/2023\/12\/IMG_3555-scaled-100x100.jpg 100w\" sizes=\"(max-width: 300px) 100vw, 300px\" \/><h2 class=\"woocommerce-loop-product__title\">SELENITE A TORRE MEDIA<\/h2>\n<\/a><a href=\"https:\/\/geabarcelona.com\/it\/producto\/selenita-torre-mediana\/\" class=\"button alt add_to_cart_button\" data-no-translation=\"\" data-trp-gettext=\"\">Visualizza il prodotto<\/a>\t<span id=\"woocommerce_loop_add_to_cart_link_describedby_14338\" class=\"screen-reader-text\">\n\t\t\t<\/span>\n<\/li>\n<li class=\"product type-product post-14337 status-publish instock product_cat-pulido-formas product_cat-selenita product_tag-selenita has-post-thumbnail taxable shipping-taxable purchasable product-type-simple\">\n\t<a href=\"https:\/\/geabarcelona.com\/it\/producto\/selenita-torre-grande\/\" class=\"woocommerce-LoopProduct-link woocommerce-loop-product__link\"><img loading=\"lazy\" decoding=\"async\" width=\"300\" height=\"300\" src=\"https:\/\/geabarcelona.com\/wp-content\/uploads\/2023\/12\/IMG_3554-scaled-300x300.jpg\" class=\"attachment-woocommerce_thumbnail size-woocommerce_thumbnail\" alt=\"SELENITE GRANDE TORRE\" srcset=\"https:\/\/geabarcelona.com\/wp-content\/uploads\/2023\/12\/IMG_3554-scaled-300x300.jpg 300w, https:\/\/geabarcelona.com\/wp-content\/uploads\/2023\/12\/IMG_3554-scaled-1024x1024.jpg 1024w, https:\/\/geabarcelona.com\/wp-content\/uploads\/2023\/12\/IMG_3554-scaled-150x150.jpg 150w, https:\/\/geabarcelona.com\/wp-content\/uploads\/2023\/12\/IMG_3554-scaled-768x768.jpg 768w, https:\/\/geabarcelona.com\/wp-content\/uploads\/2023\/12\/IMG_3554-scaled-1536x1536.jpg 1536w, https:\/\/geabarcelona.com\/wp-content\/uploads\/2023\/12\/IMG_3554-scaled-2048x2048.jpg 2048w, https:\/\/geabarcelona.com\/wp-content\/uploads\/2023\/12\/IMG_3554-scaled-12x12.jpg 12w, https:\/\/geabarcelona.com\/wp-content\/uploads\/2023\/12\/IMG_3554-scaled-600x600.jpg 600w, https:\/\/geabarcelona.com\/wp-content\/uploads\/2023\/12\/IMG_3554-scaled-100x100.jpg 100w\" sizes=\"(max-width: 300px) 100vw, 300px\" \/><h2 class=\"woocommerce-loop-product__title\">SELENITE GRANDE TORRE<\/h2>\n<\/a><a href=\"https:\/\/geabarcelona.com\/it\/producto\/selenita-torre-grande\/\" class=\"button alt add_to_cart_button\" data-no-translation=\"\" data-trp-gettext=\"\">Visualizza il prodotto<\/a>\t<span id=\"woocommerce_loop_add_to_cart_link_describedby_14337\" class=\"screen-reader-text\">\n\t\t\t<\/span>\n<\/li>\n<li class=\"product type-product post-14336 status-publish instock product_cat-pulido-formas product_cat-selenita product_tag-selenita has-post-thumbnail taxable shipping-taxable purchasable product-type-simple\">\n\t<a href=\"https:\/\/geabarcelona.com\/it\/producto\/selenita-masajeador-con-punta\/\" class=\"woocommerce-LoopProduct-link woocommerce-loop-product__link\"><img loading=\"lazy\" decoding=\"async\" width=\"300\" height=\"300\" src=\"https:\/\/geabarcelona.com\/wp-content\/uploads\/2023\/12\/IMG_3714-scaled-300x300.jpg\" class=\"attachment-woocommerce_thumbnail size-woocommerce_thumbnail\" alt=\"MASSAGGIATORE ALLA SELENITE CON PUNTA\" srcset=\"https:\/\/geabarcelona.com\/wp-content\/uploads\/2023\/12\/IMG_3714-scaled-300x300.jpg 300w, https:\/\/geabarcelona.com\/wp-content\/uploads\/2023\/12\/IMG_3714-scaled-1024x1024.jpg 1024w, https:\/\/geabarcelona.com\/wp-content\/uploads\/2023\/12\/IMG_3714-scaled-150x150.jpg 150w, https:\/\/geabarcelona.com\/wp-content\/uploads\/2023\/12\/IMG_3714-scaled-768x768.jpg 768w, https:\/\/geabarcelona.com\/wp-content\/uploads\/2023\/12\/IMG_3714-scaled-1536x1536.jpg 1536w, https:\/\/geabarcelona.com\/wp-content\/uploads\/2023\/12\/IMG_3714-scaled-2048x2048.jpg 2048w, https:\/\/geabarcelona.com\/wp-content\/uploads\/2023\/12\/IMG_3714-scaled-12x12.jpg 12w, https:\/\/geabarcelona.com\/wp-content\/uploads\/2023\/12\/IMG_3714-scaled-600x600.jpg 600w, https:\/\/geabarcelona.com\/wp-content\/uploads\/2023\/12\/IMG_3714-scaled-100x100.jpg 100w\" sizes=\"(max-width: 300px) 100vw, 300px\" \/><h2 class=\"woocommerce-loop-product__title\">MASSAGGIATORE ALLA SELENITE CON PUNTA<\/h2>\n<\/a><a href=\"https:\/\/geabarcelona.com\/it\/producto\/selenita-masajeador-con-punta\/\" class=\"button alt add_to_cart_button\" data-no-translation=\"\" data-trp-gettext=\"\">Visualizza il prodotto<\/a>\t<span id=\"woocommerce_loop_add_to_cart_link_describedby_14336\" class=\"screen-reader-text\">\n\t\t\t<\/span>\n<\/li>\n<li class=\"product type-product post-14335 status-publish instock product_cat-pulido-formas product_cat-selenita product_tag-selenita has-post-thumbnail taxable shipping-taxable purchasable product-type-simple\">\n\t<a href=\"https:\/\/geabarcelona.com\/it\/producto\/selenita-masajeador\/\" class=\"woocommerce-LoopProduct-link woocommerce-loop-product__link\"><img loading=\"lazy\" decoding=\"async\" width=\"300\" height=\"300\" src=\"https:\/\/geabarcelona.com\/wp-content\/uploads\/2023\/12\/IMG_3558-scaled-300x300.jpg\" class=\"attachment-woocommerce_thumbnail size-woocommerce_thumbnail\" alt=\"MASSAGGIATORE ALLA SELENITE\" srcset=\"https:\/\/geabarcelona.com\/wp-content\/uploads\/2023\/12\/IMG_3558-scaled-300x300.jpg 300w, https:\/\/geabarcelona.com\/wp-content\/uploads\/2023\/12\/IMG_3558-scaled-1024x1024.jpg 1024w, https:\/\/geabarcelona.com\/wp-content\/uploads\/2023\/12\/IMG_3558-scaled-150x150.jpg 150w, https:\/\/geabarcelona.com\/wp-content\/uploads\/2023\/12\/IMG_3558-scaled-768x768.jpg 768w, https:\/\/geabarcelona.com\/wp-content\/uploads\/2023\/12\/IMG_3558-scaled-1536x1536.jpg 1536w, https:\/\/geabarcelona.com\/wp-content\/uploads\/2023\/12\/IMG_3558-scaled-2048x2048.jpg 2048w, https:\/\/geabarcelona.com\/wp-content\/uploads\/2023\/12\/IMG_3558-scaled-12x12.jpg 12w, https:\/\/geabarcelona.com\/wp-content\/uploads\/2023\/12\/IMG_3558-scaled-600x600.jpg 600w, https:\/\/geabarcelona.com\/wp-content\/uploads\/2023\/12\/IMG_3558-scaled-100x100.jpg 100w\" sizes=\"(max-width: 300px) 100vw, 300px\" \/><h2 class=\"woocommerce-loop-product__title\">MASSAGGIATORE ALLA SELENITE<\/h2>\n<\/a><a href=\"https:\/\/geabarcelona.com\/it\/producto\/selenita-masajeador\/\" class=\"button alt add_to_cart_button\" data-no-translation=\"\" data-trp-gettext=\"\">Visualizza il prodotto<\/a>\t<span id=\"woocommerce_loop_add_to_cart_link_describedby_14335\" class=\"screen-reader-text\">\n\t\t\t<\/span>\n<\/li>\n<li class=\"product type-product post-14334 status-publish last instock product_cat-pulido-formas product_cat-selenita product_tag-decoracion has-post-thumbnail taxable shipping-taxable purchasable product-type-simple\">\n\t<a href=\"https:\/\/geabarcelona.com\/it\/producto\/selenita-esferas-unidad\/\" class=\"woocommerce-LoopProduct-link woocommerce-loop-product__link\"><img loading=\"lazy\" decoding=\"async\" width=\"300\" height=\"300\" src=\"https:\/\/geabarcelona.com\/wp-content\/uploads\/2023\/12\/IMG_3567-300x300.jpg\" class=\"attachment-woocommerce_thumbnail size-woocommerce_thumbnail\" alt=\"SFERE DI SELENITE (UNIT\u00c0)\" srcset=\"https:\/\/geabarcelona.com\/wp-content\/uploads\/2023\/12\/IMG_3567-300x300.jpg 300w, https:\/\/geabarcelona.com\/wp-content\/uploads\/2023\/12\/IMG_3567-1024x1024.jpg 1024w, https:\/\/geabarcelona.com\/wp-content\/uploads\/2023\/12\/IMG_3567-150x150.jpg 150w, https:\/\/geabarcelona.com\/wp-content\/uploads\/2023\/12\/IMG_3567-768x768.jpg 768w, https:\/\/geabarcelona.com\/wp-content\/uploads\/2023\/12\/IMG_3567-1536x1536.jpg 1536w, https:\/\/geabarcelona.com\/wp-content\/uploads\/2023\/12\/IMG_3567-12x12.jpg 12w, https:\/\/geabarcelona.com\/wp-content\/uploads\/2023\/12\/IMG_3567-600x600.jpg 600w, https:\/\/geabarcelona.com\/wp-content\/uploads\/2023\/12\/IMG_3567-100x100.jpg 100w, https:\/\/geabarcelona.com\/wp-content\/uploads\/2023\/12\/IMG_3567.jpg 1958w\" sizes=\"(max-width: 300px) 100vw, 300px\" \/><h2 class=\"woocommerce-loop-product__title\">SFERE DI SELENITE (UNIT\u00c0)<\/h2>\n<\/a><a href=\"https:\/\/geabarcelona.com\/it\/producto\/selenita-esferas-unidad\/\" class=\"button alt add_to_cart_button\" data-no-translation=\"\" data-trp-gettext=\"\">Visualizza il prodotto<\/a>\t<span id=\"woocommerce_loop_add_to_cart_link_describedby_14334\" class=\"screen-reader-text\">\n\t\t\t<\/span>\n<\/li>\n<li class=\"product type-product post-14333 status-publish first instock product_cat-pulido-formas product_cat-selenita product_tag-selenita has-post-thumbnail taxable shipping-taxable purchasable product-type-simple\">\n\t<a href=\"https:\/\/geabarcelona.com\/it\/producto\/selenita-corazones-unidad\/\" class=\"woocommerce-LoopProduct-link woocommerce-loop-product__link\"><img loading=\"lazy\" decoding=\"async\" width=\"300\" height=\"300\" src=\"https:\/\/geabarcelona.com\/wp-content\/uploads\/2023\/12\/IMG_3568-300x300.jpg\" class=\"attachment-woocommerce_thumbnail size-woocommerce_thumbnail\" alt=\"CUORI DI SELENITE (UNIT\u00c0)\" srcset=\"https:\/\/geabarcelona.com\/wp-content\/uploads\/2023\/12\/IMG_3568-300x300.jpg 300w, https:\/\/geabarcelona.com\/wp-content\/uploads\/2023\/12\/IMG_3568-1024x1024.jpg 1024w, https:\/\/geabarcelona.com\/wp-content\/uploads\/2023\/12\/IMG_3568-150x150.jpg 150w, https:\/\/geabarcelona.com\/wp-content\/uploads\/2023\/12\/IMG_3568-768x768.jpg 768w, https:\/\/geabarcelona.com\/wp-content\/uploads\/2023\/12\/IMG_3568-1536x1536.jpg 1536w, https:\/\/geabarcelona.com\/wp-content\/uploads\/2023\/12\/IMG_3568-2048x2048.jpg 2048w, https:\/\/geabarcelona.com\/wp-content\/uploads\/2023\/12\/IMG_3568-12x12.jpg 12w, https:\/\/geabarcelona.com\/wp-content\/uploads\/2023\/12\/IMG_3568-600x600.jpg 600w, https:\/\/geabarcelona.com\/wp-content\/uploads\/2023\/12\/IMG_3568-100x100.jpg 100w\" sizes=\"(max-width: 300px) 100vw, 300px\" \/><h2 class=\"woocommerce-loop-product__title\">CUORI DI SELENITE (UNIT\u00c0)<\/h2>\n<\/a><a href=\"https:\/\/geabarcelona.com\/it\/producto\/selenita-corazones-unidad\/\" class=\"button alt add_to_cart_button\" data-no-translation=\"\" data-trp-gettext=\"\">Visualizza il prodotto<\/a>\t<span id=\"woocommerce_loop_add_to_cart_link_describedby_14333\" class=\"screen-reader-text\">\n\t\t\t<\/span>\n<\/li>\n<\/ul>\n<\/div>\t\t\t\t<\/div>\n\t\t\t\t<\/div>\n\t\t\t\t\t<\/div>\n\t\t<\/div>\n\t\t\t\t\t<\/div>\n\t\t<\/section>\n\t\t\t\t<\/div>","protected":false},"excerpt":{"rendered":"<p>Selenita Descubre nuestra selecci\u00f3n de selenita al por mayor, conocida por su pureza, brillo y propiedades energ\u00e9ticas. En GEA Barcelona trabajamos como mayorista online de minerales ofreciendo torres, l\u00e1mparas, varitas y placas de selenita ideales para decoraci\u00f3n o terapias de bienestar. Este mineral, s\u00edmbolo de claridad y limpieza energ\u00e9tica, es muy demandado por tiendas esot\u00e9ricas [&hellip;]<\/p>\n","protected":false},"author":1,"featured_media":0,"parent":0,"menu_order":0,"comment_status":"closed","ping_status":"closed","template":"","meta":{"footnotes":""},"class_list":["post-15572","page","type-page","status-publish","hentry"],"_links":{"self":[{"href":"https:\/\/geabarcelona.com\/it\/wp-json\/wp\/v2\/pages\/15572","targetHints":{"allow":["GET"]}}],"collection":[{"href":"https:\/\/geabarcelona.com\/it\/wp-json\/wp\/v2\/pages"}],"about":[{"href":"https:\/\/geabarcelona.com\/it\/wp-json\/wp\/v2\/types\/page"}],"author":[{"embeddable":true,"href":"https:\/\/geabarcelona.com\/it\/wp-json\/wp\/v2\/users\/1"}],"replies":[{"embeddable":true,"href":"https:\/\/geabarcelona.com\/it\/wp-json\/wp\/v2\/comments?post=15572"}],"version-history":[{"count":13,"href":"https:\/\/geabarcelona.com\/it\/wp-json\/wp\/v2\/pages\/15572\/revisions"}],"predecessor-version":[{"id":18831,"href":"https:\/\/geabarcelona.com\/it\/wp-json\/wp\/v2\/pages\/15572\/revisions\/18831"}],"wp:attachment":[{"href":"https:\/\/geabarcelona.com\/it\/wp-json\/wp\/v2\/media?parent=15572"}],"curies":[{"name":"wp","href":"https:\/\/api.w.org\/{rel}","templated":true}]}}