{"id":14228,"date":"2023-12-19T16:36:21","date_gmt":"2023-12-19T15:36:21","guid":{"rendered":"https:\/\/geabarcelona.com\/producto\/conjunto-dientes-de-otodus\/"},"modified":"2025-06-19T08:44:01","modified_gmt":"2025-06-19T06:44:01","slug":"conjunto-dientes-de-otodus","status":"publish","type":"product","link":"https:\/\/geabarcelona.com\/it\/producto\/conjunto-dientes-de-otodus\/","title":{"rendered":"SET DI DENTI OTODICI"},"content":{"rendered":"<p>Reliquias prehist\u00f3ricas. Dientes fosilizados del antiguo tibur\u00f3n Otodus, que vivi\u00f3 hace millones de a\u00f1os. Piezas \u00fanicas para coleccionistas y amantes de la paleontolog\u00eda, con una historia fascinante del pasado marino.<br \/>\nvendita di unit\u00e0<\/p>","protected":false},"excerpt":{"rendered":"<p>Conjunto de dientes de otodus \/ 2-4cm<\/p>","protected":false},"featured_media":13667,"template":"","meta":[],"product_brand":[],"product_cat":[125],"product_tag":[180],"class_list":{"0":"post-14228","1":"product","2":"type-product","3":"status-publish","4":"has-post-thumbnail","6":"product_cat-fosiles","7":"product_tag-marino","9":"first","10":"instock","11":"taxable","12":"shipping-taxable","13":"purchasable","14":"product-type-simple"},"_links":{"self":[{"href":"https:\/\/geabarcelona.com\/it\/wp-json\/wp\/v2\/product\/14228","targetHints":{"allow":["GET"]}}],"collection":[{"href":"https:\/\/geabarcelona.com\/it\/wp-json\/wp\/v2\/product"}],"about":[{"href":"https:\/\/geabarcelona.com\/it\/wp-json\/wp\/v2\/types\/product"}],"version-history":[{"count":1,"href":"https:\/\/geabarcelona.com\/it\/wp-json\/wp\/v2\/product\/14228\/revisions"}],"predecessor-version":[{"id":18368,"href":"https:\/\/geabarcelona.com\/it\/wp-json\/wp\/v2\/product\/14228\/revisions\/18368"}],"wp:featuredmedia":[{"embeddable":true,"href":"https:\/\/geabarcelona.com\/it\/wp-json\/wp\/v2\/media\/13667"}],"wp:attachment":[{"href":"https:\/\/geabarcelona.com\/it\/wp-json\/wp\/v2\/media?parent=14228"}],"wp:term":[{"taxonomy":"product_brand","embeddable":true,"href":"https:\/\/geabarcelona.com\/it\/wp-json\/wp\/v2\/product_brand?post=14228"},{"taxonomy":"product_cat","embeddable":true,"href":"https:\/\/geabarcelona.com\/it\/wp-json\/wp\/v2\/product_cat?post=14228"},{"taxonomy":"product_tag","embeddable":true,"href":"https:\/\/geabarcelona.com\/it\/wp-json\/wp\/v2\/product_tag?post=14228"}],"curies":[{"name":"wp","href":"https:\/\/api.w.org\/{rel}","templated":true}]}}