{"id":14230,"date":"2023-12-19T16:36:21","date_gmt":"2023-12-19T15:36:21","guid":{"rendered":"https:\/\/geabarcelona.com\/producto\/dientes-de-mosasaurio-unidad\/"},"modified":"2025-06-19T08:43:57","modified_gmt":"2025-06-19T06:43:57","slug":"dientes-de-mosasaurio-unidad","status":"publish","type":"product","link":"https:\/\/geabarcelona.com\/it\/producto\/dientes-de-mosasaurio-unidad\/","title":{"rendered":"DENTI DI MOSASAURO (PEZZO)"},"content":{"rendered":"<p>F\u00f3siles aut\u00e9nticos de dientes de Mosasaurio, un reptil marino que vivi\u00f3 hace millones de a\u00f1os. Perfectos para colecciones y amantes de la historia natural.<br \/>\nvendita di unit\u00e0<\/p>","protected":false},"excerpt":{"rendered":"<p>Dientes de Mosasaurio (unidad) \/ 3cm<\/p>","protected":false},"featured_media":13677,"template":"","meta":[],"product_brand":[],"product_cat":[125],"product_tag":[180],"class_list":{"0":"post-14230","1":"product","2":"type-product","3":"status-publish","4":"has-post-thumbnail","6":"product_cat-fosiles","7":"product_tag-marino","9":"first","10":"instock","11":"taxable","12":"shipping-taxable","13":"purchasable","14":"product-type-simple"},"_links":{"self":[{"href":"https:\/\/geabarcelona.com\/it\/wp-json\/wp\/v2\/product\/14230","targetHints":{"allow":["GET"]}}],"collection":[{"href":"https:\/\/geabarcelona.com\/it\/wp-json\/wp\/v2\/product"}],"about":[{"href":"https:\/\/geabarcelona.com\/it\/wp-json\/wp\/v2\/types\/product"}],"version-history":[{"count":2,"href":"https:\/\/geabarcelona.com\/it\/wp-json\/wp\/v2\/product\/14230\/revisions"}],"predecessor-version":[{"id":18321,"href":"https:\/\/geabarcelona.com\/it\/wp-json\/wp\/v2\/product\/14230\/revisions\/18321"}],"wp:featuredmedia":[{"embeddable":true,"href":"https:\/\/geabarcelona.com\/it\/wp-json\/wp\/v2\/media\/13677"}],"wp:attachment":[{"href":"https:\/\/geabarcelona.com\/it\/wp-json\/wp\/v2\/media?parent=14230"}],"wp:term":[{"taxonomy":"product_brand","embeddable":true,"href":"https:\/\/geabarcelona.com\/it\/wp-json\/wp\/v2\/product_brand?post=14230"},{"taxonomy":"product_cat","embeddable":true,"href":"https:\/\/geabarcelona.com\/it\/wp-json\/wp\/v2\/product_cat?post=14230"},{"taxonomy":"product_tag","embeddable":true,"href":"https:\/\/geabarcelona.com\/it\/wp-json\/wp\/v2\/product_tag?post=14230"}],"curies":[{"name":"wp","href":"https:\/\/api.w.org\/{rel}","templated":true}]}}