{"id":14231,"date":"2023-12-19T16:36:21","date_gmt":"2023-12-19T15:36:21","guid":{"rendered":"https:\/\/geabarcelona.com\/producto\/dientes-de-otodus-con-matriz-unidad\/"},"modified":"2025-06-19T08:44:01","modified_gmt":"2025-06-19T06:44:01","slug":"dientes-de-otodus-con-matriz-unidad","status":"publish","type":"product","link":"https:\/\/geabarcelona.com\/it\/producto\/dientes-de-otodus-con-matriz-unidad\/","title":{"rendered":"DENTI DI OTODUS CON MATRICE (PEZZO)"},"content":{"rendered":"<p>Reliquias prehist\u00f3ricas. Dientes fosilizados del antiguo tibur\u00f3n Otodus, que vivi\u00f3 hace millones de a\u00f1os. Piezas \u00fanicas para coleccionistas y amantes de la paleontolog\u00eda, con una historia fascinante del pasado marino.<br \/>\nvendita di unit\u00e0<\/p>","protected":false},"excerpt":{"rendered":"<p>Dientes de Otodus con matriz (unidad) \/ 3cm<\/p>","protected":false},"featured_media":13674,"template":"","meta":[],"product_brand":[],"product_cat":[125],"product_tag":[180],"class_list":{"0":"post-14231","1":"product","2":"type-product","3":"status-publish","4":"has-post-thumbnail","6":"product_cat-fosiles","7":"product_tag-marino","9":"first","10":"instock","11":"taxable","12":"shipping-taxable","13":"purchasable","14":"product-type-simple"},"_links":{"self":[{"href":"https:\/\/geabarcelona.com\/it\/wp-json\/wp\/v2\/product\/14231","targetHints":{"allow":["GET"]}}],"collection":[{"href":"https:\/\/geabarcelona.com\/it\/wp-json\/wp\/v2\/product"}],"about":[{"href":"https:\/\/geabarcelona.com\/it\/wp-json\/wp\/v2\/types\/product"}],"version-history":[{"count":2,"href":"https:\/\/geabarcelona.com\/it\/wp-json\/wp\/v2\/product\/14231\/revisions"}],"predecessor-version":[{"id":18370,"href":"https:\/\/geabarcelona.com\/it\/wp-json\/wp\/v2\/product\/14231\/revisions\/18370"}],"wp:featuredmedia":[{"embeddable":true,"href":"https:\/\/geabarcelona.com\/it\/wp-json\/wp\/v2\/media\/13674"}],"wp:attachment":[{"href":"https:\/\/geabarcelona.com\/it\/wp-json\/wp\/v2\/media?parent=14231"}],"wp:term":[{"taxonomy":"product_brand","embeddable":true,"href":"https:\/\/geabarcelona.com\/it\/wp-json\/wp\/v2\/product_brand?post=14231"},{"taxonomy":"product_cat","embeddable":true,"href":"https:\/\/geabarcelona.com\/it\/wp-json\/wp\/v2\/product_cat?post=14231"},{"taxonomy":"product_tag","embeddable":true,"href":"https:\/\/geabarcelona.com\/it\/wp-json\/wp\/v2\/product_tag?post=14231"}],"curies":[{"name":"wp","href":"https:\/\/api.w.org\/{rel}","templated":true}]}}