{"id":14247,"date":"2023-12-19T16:44:17","date_gmt":"2023-12-19T15:44:17","guid":{"rendered":"https:\/\/geabarcelona.com\/producto\/caja-de-calcita-naranja\/"},"modified":"2025-12-11T11:39:53","modified_gmt":"2025-12-11T10:39:53","slug":"caja-de-calcita-naranja","status":"publish","type":"product","link":"https:\/\/geabarcelona.com\/it\/producto\/caja-de-calcita-naranja\/","title":{"rendered":"SCATOLA DI CALCITE ARANCIONE"},"content":{"rendered":"<p>La calcita naranja es un mineral llamativo por sus tonos c\u00e1lidos que var\u00edan entre el naranja suave, miel y \u00e1mbar, a menudo con vetas transl\u00facidas o lechosas que le dan un aspecto org\u00e1nico y vibrante. Esta piedra se encuentra com\u00fanmente en regiones como M\u00e9xico, Brasil y Per\u00fa, donde se forma en cavidades de rocas sedimentarias. Conocida por su asociaci\u00f3n con la energ\u00eda positiva, la creatividad y la vitalidad, es ideal tanto para decoraci\u00f3n como para pr\u00e1cticas de bienestar energ\u00e9tico.<br \/>\nvendita di unit\u00e0<\/p>","protected":false},"excerpt":{"rendered":"<p>Caja de calcita naranja \/<\/p>","protected":false},"featured_media":18470,"template":"","meta":[],"product_brand":[],"product_cat":[153,151,147],"product_tag":[165],"class_list":{"0":"post-14247","1":"product","2":"type-product","3":"status-publish","4":"has-post-thumbnail","6":"product_cat-catalogo","7":"product_cat-packs-cajas","8":"product_cat-terapias-hogar","9":"product_tag-mineral","11":"first","12":"instock","13":"taxable","14":"shipping-taxable","15":"purchasable","16":"product-type-simple"},"_links":{"self":[{"href":"https:\/\/geabarcelona.com\/it\/wp-json\/wp\/v2\/product\/14247","targetHints":{"allow":["GET"]}}],"collection":[{"href":"https:\/\/geabarcelona.com\/it\/wp-json\/wp\/v2\/product"}],"about":[{"href":"https:\/\/geabarcelona.com\/it\/wp-json\/wp\/v2\/types\/product"}],"version-history":[{"count":2,"href":"https:\/\/geabarcelona.com\/it\/wp-json\/wp\/v2\/product\/14247\/revisions"}],"predecessor-version":[{"id":18328,"href":"https:\/\/geabarcelona.com\/it\/wp-json\/wp\/v2\/product\/14247\/revisions\/18328"}],"wp:featuredmedia":[{"embeddable":true,"href":"https:\/\/geabarcelona.com\/it\/wp-json\/wp\/v2\/media\/18470"}],"wp:attachment":[{"href":"https:\/\/geabarcelona.com\/it\/wp-json\/wp\/v2\/media?parent=14247"}],"wp:term":[{"taxonomy":"product_brand","embeddable":true,"href":"https:\/\/geabarcelona.com\/it\/wp-json\/wp\/v2\/product_brand?post=14247"},{"taxonomy":"product_cat","embeddable":true,"href":"https:\/\/geabarcelona.com\/it\/wp-json\/wp\/v2\/product_cat?post=14247"},{"taxonomy":"product_tag","embeddable":true,"href":"https:\/\/geabarcelona.com\/it\/wp-json\/wp\/v2\/product_tag?post=14247"}],"curies":[{"name":"wp","href":"https:\/\/api.w.org\/{rel}","templated":true}]}}