{"id":14249,"date":"2023-12-19T16:44:17","date_gmt":"2023-12-19T15:44:17","guid":{"rendered":"https:\/\/geabarcelona.com\/producto\/cianita-con-base-metal\/"},"modified":"2025-12-11T13:07:28","modified_gmt":"2025-12-11T12:07:28","slug":"cianita-con-base-metal","status":"publish","type":"product","link":"https:\/\/geabarcelona.com\/it\/producto\/cianita-con-base-metal\/","title":{"rendered":"CIANITE A BASE DI METALLI"},"content":{"rendered":"<p>Pieza natural de cianita en estado bruto, montada sobre una base de metal resistente que realza su textura cruda y aut\u00e9ntica. Ideal para decoraci\u00f3n, protecci\u00f3n energ\u00e9tica y espacios con estilo r\u00fastico y moderno.<br \/>\nventa por kg.<\/p>","protected":false},"excerpt":{"rendered":"<p>Cianita con base met\u00e1lica \/ 10-25cm<\/p>","protected":false},"featured_media":18520,"template":"","meta":[],"product_brand":[],"product_cat":[153,149],"product_tag":[211],"class_list":{"0":"post-14249","1":"product","2":"type-product","3":"status-publish","4":"has-post-thumbnail","6":"product_cat-catalogo","7":"product_cat-decoracion-lamparas","8":"product_tag-decoracion","10":"first","11":"instock","12":"taxable","13":"shipping-taxable","14":"purchasable","15":"product-type-simple"},"_links":{"self":[{"href":"https:\/\/geabarcelona.com\/it\/wp-json\/wp\/v2\/product\/14249","targetHints":{"allow":["GET"]}}],"collection":[{"href":"https:\/\/geabarcelona.com\/it\/wp-json\/wp\/v2\/product"}],"about":[{"href":"https:\/\/geabarcelona.com\/it\/wp-json\/wp\/v2\/types\/product"}],"version-history":[{"count":2,"href":"https:\/\/geabarcelona.com\/it\/wp-json\/wp\/v2\/product\/14249\/revisions"}],"predecessor-version":[{"id":18268,"href":"https:\/\/geabarcelona.com\/it\/wp-json\/wp\/v2\/product\/14249\/revisions\/18268"}],"wp:featuredmedia":[{"embeddable":true,"href":"https:\/\/geabarcelona.com\/it\/wp-json\/wp\/v2\/media\/18520"}],"wp:attachment":[{"href":"https:\/\/geabarcelona.com\/it\/wp-json\/wp\/v2\/media?parent=14249"}],"wp:term":[{"taxonomy":"product_brand","embeddable":true,"href":"https:\/\/geabarcelona.com\/it\/wp-json\/wp\/v2\/product_brand?post=14249"},{"taxonomy":"product_cat","embeddable":true,"href":"https:\/\/geabarcelona.com\/it\/wp-json\/wp\/v2\/product_cat?post=14249"},{"taxonomy":"product_tag","embeddable":true,"href":"https:\/\/geabarcelona.com\/it\/wp-json\/wp\/v2\/product_tag?post=14249"}],"curies":[{"name":"wp","href":"https:\/\/api.w.org\/{rel}","templated":true}]}}