{"id":14254,"date":"2023-12-19T16:44:18","date_gmt":"2023-12-19T15:44:18","guid":{"rendered":"https:\/\/geabarcelona.com\/producto\/cuarzo-ahumado-base-metal-2-12kg\/"},"modified":"2025-12-10T18:17:01","modified_gmt":"2025-12-10T17:17:01","slug":"cuarzo-ahumado-base-metal-2-12kg","status":"publish","type":"product","link":"https:\/\/geabarcelona.com\/it\/producto\/cuarzo-ahumado-base-metal-2-12kg\/","title":{"rendered":"QUARZO FUM\u00c9 BASE METALLICA (2-12 KG)"},"content":{"rendered":"<p>El cuarzo ahumado es una variedad del cuarzo que se distingue por su color marr\u00f3n o gris oscuro, que puede llegar a ser casi negro. Este color caracter\u00edstico se debe a la exposici\u00f3n natural a la radiaci\u00f3n durante largos periodos de tiempo, la cual afecta peque\u00f1as cantidades de aluminio presentes en el cristal.<br \/>\nventa por kg.<\/p>\n<p>Se forma en el interior de la corteza terrestre, en condiciones similares a otros tipos de cuarzo, como el cristal de roca. Sin embargo, lo que lo diferencia es su exposici\u00f3n a fuentes naturales de radiaci\u00f3n, como el uranio presente en las rocas circundantes. Es com\u00fan encontrarlo en regiones con gran actividad geol\u00f3gica, como Brasil, Madagascar y Estados Unidos.<\/p>\n<p>En el \u00e1mbito energ\u00e9tico y espiritual, se le atribuyen propiedades protectoras y de enraizamiento. Se dice que ayuda a disipar la energ\u00eda negativa, aliviar el estr\u00e9s y promover la claridad mental.<\/p>","protected":false},"excerpt":{"rendered":"<p>Cuarzo ahumado con base met\u00e1lica (2-12 kg) \/ 20-50cm<\/p>","protected":false},"featured_media":15551,"template":"","meta":[],"product_brand":[],"product_cat":[149],"product_tag":[311],"class_list":{"0":"post-14254","1":"product","2":"type-product","3":"status-publish","4":"has-post-thumbnail","6":"product_cat-decoracion-lamparas","7":"product_tag-cuarzo-ahumado","9":"first","10":"instock","11":"taxable","12":"shipping-taxable","13":"purchasable","14":"product-type-simple"},"_links":{"self":[{"href":"https:\/\/geabarcelona.com\/it\/wp-json\/wp\/v2\/product\/14254","targetHints":{"allow":["GET"]}}],"collection":[{"href":"https:\/\/geabarcelona.com\/it\/wp-json\/wp\/v2\/product"}],"about":[{"href":"https:\/\/geabarcelona.com\/it\/wp-json\/wp\/v2\/types\/product"}],"version-history":[{"count":3,"href":"https:\/\/geabarcelona.com\/it\/wp-json\/wp\/v2\/product\/14254\/revisions"}],"predecessor-version":[{"id":18285,"href":"https:\/\/geabarcelona.com\/it\/wp-json\/wp\/v2\/product\/14254\/revisions\/18285"}],"wp:featuredmedia":[{"embeddable":true,"href":"https:\/\/geabarcelona.com\/it\/wp-json\/wp\/v2\/media\/15551"}],"wp:attachment":[{"href":"https:\/\/geabarcelona.com\/it\/wp-json\/wp\/v2\/media?parent=14254"}],"wp:term":[{"taxonomy":"product_brand","embeddable":true,"href":"https:\/\/geabarcelona.com\/it\/wp-json\/wp\/v2\/product_brand?post=14254"},{"taxonomy":"product_cat","embeddable":true,"href":"https:\/\/geabarcelona.com\/it\/wp-json\/wp\/v2\/product_cat?post=14254"},{"taxonomy":"product_tag","embeddable":true,"href":"https:\/\/geabarcelona.com\/it\/wp-json\/wp\/v2\/product_tag?post=14254"}],"curies":[{"name":"wp","href":"https:\/\/api.w.org\/{rel}","templated":true}]}}