{"id":14258,"date":"2023-12-19T16:44:19","date_gmt":"2023-12-19T15:44:19","guid":{"rendered":"https:\/\/geabarcelona.com\/producto\/cuarzo-blanco-base-metal-3-12kg\/"},"modified":"2025-12-11T13:14:08","modified_gmt":"2025-12-11T12:14:08","slug":"cuarzo-blanco-base-metal-3-12kg","status":"publish","type":"product","link":"https:\/\/geabarcelona.com\/it\/producto\/cuarzo-blanco-base-metal-3-12kg\/","title":{"rendered":"CUARZO BLANCO BASE METAL (3-12KG)"},"content":{"rendered":"<p>Pieza natural de cuarzo blanco en estado bruto, montada sobre una base de metal resistente que realza su textura cruda y aut\u00e9ntica. Ideal para decoraci\u00f3n, protecci\u00f3n energ\u00e9tica y espacios con estilo r\u00fastico y moderno.<br \/>\nventa por kg.<\/p>","protected":false},"excerpt":{"rendered":"<p>Cuarzo blanco con base met\u00e1lica (3-12 kg) \/ 20-50cm<\/p>","protected":false},"featured_media":18460,"template":"","meta":[],"product_brand":[],"product_cat":[153,149],"product_tag":[211],"class_list":{"0":"post-14258","1":"product","2":"type-product","3":"status-publish","4":"has-post-thumbnail","6":"product_cat-catalogo","7":"product_cat-decoracion-lamparas","8":"product_tag-decoracion","10":"first","11":"instock","12":"taxable","13":"shipping-taxable","14":"purchasable","15":"product-type-simple"},"_links":{"self":[{"href":"https:\/\/geabarcelona.com\/it\/wp-json\/wp\/v2\/product\/14258","targetHints":{"allow":["GET"]}}],"collection":[{"href":"https:\/\/geabarcelona.com\/it\/wp-json\/wp\/v2\/product"}],"about":[{"href":"https:\/\/geabarcelona.com\/it\/wp-json\/wp\/v2\/types\/product"}],"version-history":[{"count":2,"href":"https:\/\/geabarcelona.com\/it\/wp-json\/wp\/v2\/product\/14258\/revisions"}],"predecessor-version":[{"id":18463,"href":"https:\/\/geabarcelona.com\/it\/wp-json\/wp\/v2\/product\/14258\/revisions\/18463"}],"wp:featuredmedia":[{"embeddable":true,"href":"https:\/\/geabarcelona.com\/it\/wp-json\/wp\/v2\/media\/18460"}],"wp:attachment":[{"href":"https:\/\/geabarcelona.com\/it\/wp-json\/wp\/v2\/media?parent=14258"}],"wp:term":[{"taxonomy":"product_brand","embeddable":true,"href":"https:\/\/geabarcelona.com\/it\/wp-json\/wp\/v2\/product_brand?post=14258"},{"taxonomy":"product_cat","embeddable":true,"href":"https:\/\/geabarcelona.com\/it\/wp-json\/wp\/v2\/product_cat?post=14258"},{"taxonomy":"product_tag","embeddable":true,"href":"https:\/\/geabarcelona.com\/it\/wp-json\/wp\/v2\/product_tag?post=14258"}],"curies":[{"name":"wp","href":"https:\/\/api.w.org\/{rel}","templated":true}]}}