{"id":14260,"date":"2023-12-19T16:44:19","date_gmt":"2023-12-19T15:44:19","guid":{"rendered":"https:\/\/geabarcelona.com\/producto\/caja-de-cuarzo-blanco-drusas-y-puntas-de-100-150gr\/"},"modified":"2025-12-11T13:13:31","modified_gmt":"2025-12-11T12:13:31","slug":"caja-de-cuarzo-blanco-drusas-y-puntas-de-100-150gr","status":"publish","type":"product","link":"https:\/\/geabarcelona.com\/it\/producto\/caja-de-cuarzo-blanco-drusas-y-puntas-de-100-150gr\/","title":{"rendered":"FLAT CUARZO BLANCO 150-250GR"},"content":{"rendered":"<p>Selecci\u00f3n de cuarzo blanco natural, con peso entre 150 y 250 gramos. Presenta una superficie pulida que realza su transparencia y brillo caracter\u00edsticos. Ideal para decoraci\u00f3n, colecci\u00f3n o pr\u00e1cticas energ\u00e9ticas que buscan claridad y limpieza.<br \/>\nvendita di unit\u00e0<\/p>","protected":false},"excerpt":{"rendered":"<p>Caja de drusas y puntas de cuarzo blanco de 100-150 gramos \/ 2-4cm<\/p>","protected":false},"featured_media":18393,"template":"","meta":[],"product_brand":[],"product_cat":[153,151,148],"product_tag":[211],"class_list":{"0":"post-14260","1":"product","2":"type-product","3":"status-publish","4":"has-post-thumbnail","6":"product_cat-catalogo","7":"product_cat-packs-cajas","8":"product_cat-pulido-formas","9":"product_tag-decoracion","11":"first","12":"instock","13":"taxable","14":"shipping-taxable","15":"purchasable","16":"product-type-simple"},"_links":{"self":[{"href":"https:\/\/geabarcelona.com\/it\/wp-json\/wp\/v2\/product\/14260","targetHints":{"allow":["GET"]}}],"collection":[{"href":"https:\/\/geabarcelona.com\/it\/wp-json\/wp\/v2\/product"}],"about":[{"href":"https:\/\/geabarcelona.com\/it\/wp-json\/wp\/v2\/types\/product"}],"version-history":[{"count":2,"href":"https:\/\/geabarcelona.com\/it\/wp-json\/wp\/v2\/product\/14260\/revisions"}],"predecessor-version":[{"id":18371,"href":"https:\/\/geabarcelona.com\/it\/wp-json\/wp\/v2\/product\/14260\/revisions\/18371"}],"wp:featuredmedia":[{"embeddable":true,"href":"https:\/\/geabarcelona.com\/it\/wp-json\/wp\/v2\/media\/18393"}],"wp:attachment":[{"href":"https:\/\/geabarcelona.com\/it\/wp-json\/wp\/v2\/media?parent=14260"}],"wp:term":[{"taxonomy":"product_brand","embeddable":true,"href":"https:\/\/geabarcelona.com\/it\/wp-json\/wp\/v2\/product_brand?post=14260"},{"taxonomy":"product_cat","embeddable":true,"href":"https:\/\/geabarcelona.com\/it\/wp-json\/wp\/v2\/product_cat?post=14260"},{"taxonomy":"product_tag","embeddable":true,"href":"https:\/\/geabarcelona.com\/it\/wp-json\/wp\/v2\/product_tag?post=14260"}],"curies":[{"name":"wp","href":"https:\/\/api.w.org\/{rel}","templated":true}]}}