{"id":14274,"date":"2023-12-19T16:44:22","date_gmt":"2023-12-19T15:44:22","guid":{"rendered":"https:\/\/geabarcelona.com\/producto\/agata-chapa-con-base-metal\/"},"modified":"2025-12-11T11:13:01","modified_gmt":"2025-12-11T10:13:01","slug":"agata-chapa-con-base-metal","status":"publish","type":"product","link":"https:\/\/geabarcelona.com\/it\/producto\/agata-chapa-con-base-metal\/","title":{"rendered":"LASTRA DI AGATA CON BASE IN METALLO"},"content":{"rendered":"<p>Chapa de agata montada sobre una base de metal resistente que realza su textura cruda y aut\u00e9ntica. Ideal para decoraci\u00f3n, protecci\u00f3n energ\u00e9tica y espacios con estilo r\u00fastico y moderno.<br \/>\nventa por kg.<\/p>","protected":false},"excerpt":{"rendered":"<p>\u00c1gata calidad extra cortada y pulida en formato chapa con base met\u00e1lica \/ tama\u00f1os aproximados de entre 15-40cm de di\u00e1metro.<\/p>","protected":false},"featured_media":18457,"template":"","meta":[],"product_brand":[],"product_cat":[149,148],"product_tag":[176],"class_list":{"0":"post-14274","1":"product","2":"type-product","3":"status-publish","4":"has-post-thumbnail","6":"product_cat-decoracion-lamparas","7":"product_cat-pulido-formas","8":"product_tag-agata","10":"first","11":"instock","12":"taxable","13":"shipping-taxable","14":"purchasable","15":"product-type-simple"},"_links":{"self":[{"href":"https:\/\/geabarcelona.com\/it\/wp-json\/wp\/v2\/product\/14274","targetHints":{"allow":["GET"]}}],"collection":[{"href":"https:\/\/geabarcelona.com\/it\/wp-json\/wp\/v2\/product"}],"about":[{"href":"https:\/\/geabarcelona.com\/it\/wp-json\/wp\/v2\/types\/product"}],"version-history":[{"count":2,"href":"https:\/\/geabarcelona.com\/it\/wp-json\/wp\/v2\/product\/14274\/revisions"}],"predecessor-version":[{"id":18227,"href":"https:\/\/geabarcelona.com\/it\/wp-json\/wp\/v2\/product\/14274\/revisions\/18227"}],"wp:featuredmedia":[{"embeddable":true,"href":"https:\/\/geabarcelona.com\/it\/wp-json\/wp\/v2\/media\/18457"}],"wp:attachment":[{"href":"https:\/\/geabarcelona.com\/it\/wp-json\/wp\/v2\/media?parent=14274"}],"wp:term":[{"taxonomy":"product_brand","embeddable":true,"href":"https:\/\/geabarcelona.com\/it\/wp-json\/wp\/v2\/product_brand?post=14274"},{"taxonomy":"product_cat","embeddable":true,"href":"https:\/\/geabarcelona.com\/it\/wp-json\/wp\/v2\/product_cat?post=14274"},{"taxonomy":"product_tag","embeddable":true,"href":"https:\/\/geabarcelona.com\/it\/wp-json\/wp\/v2\/product_tag?post=14274"}],"curies":[{"name":"wp","href":"https:\/\/api.w.org\/{rel}","templated":true}]}}