{"id":14278,"date":"2023-12-19T16:44:22","date_gmt":"2023-12-19T15:44:22","guid":{"rendered":"https:\/\/geabarcelona.com\/producto\/agata-geoda-natural\/"},"modified":"2025-12-11T13:11:01","modified_gmt":"2025-12-11T12:11:01","slug":"agata-geoda-natural","status":"publish","type":"product","link":"https:\/\/geabarcelona.com\/it\/producto\/agata-geoda-natural\/","title":{"rendered":"AGATA GEODA NATURAL"},"content":{"rendered":"<p>El \u00e1gata es una variedad de cuarzo que se forma en cavidades de rocas volc\u00e1nicas, sedimentarias o cuarcitas mediante el dep\u00f3sito sucesivo de capas de s\u00edlice. Este proceso geol\u00f3gico da lugar a las distintivas bandas crom\u00e1ticas que caracterizan su aspecto. El color var\u00eda seg\u00fan los minerales que contiene, siendo las tonalidades grises las m\u00e1s comunes, aunque tambi\u00e9n puede encontrarse en colores como amarillo, naranja, blanco, azul, marr\u00f3n y rosa. Debido a su porosidad, puede ser te\u00f1ida artificialmente en colores m\u00e1s vibrantes, tales como fucsia, azul intenso o verde oscuro. En su estado natural, a menudo se presenta junto con cristalizaciones de cuarzo, amatista o calcita dentro de geodas.<\/p>\n<p>Este mineral se encuentra en diversas partes del mundo, destacando los principales yacimientos en Brasil, Uruguay, M\u00e9xico, India y Estados Unidos.<\/p>\n<p>El \u00e1gata es conocida por sus propiedades de protecci\u00f3n, mejora de la autoconfianza y de la concentraci\u00f3n. Se cree que favorece el crecimiento espiritual y el coraje.<\/p>\n<p>venta por kg. \u00ab<\/p>","protected":false},"excerpt":{"rendered":"<p>Geodas naturales de \u00c1gata \/ 10-30cm<\/p>","protected":false},"featured_media":13464,"template":"","meta":[],"product_brand":[],"product_cat":[142,136,148,147],"product_tag":[176],"class_list":{"0":"post-14278","1":"product","2":"type-product","3":"status-publish","4":"has-post-thumbnail","6":"product_cat-grandes-formatos","7":"product_cat-piedras-gemas","8":"product_cat-pulido-formas","9":"product_cat-terapias-hogar","10":"product_tag-agata","12":"first","13":"instock","14":"taxable","15":"shipping-taxable","16":"purchasable","17":"product-type-simple"},"_links":{"self":[{"href":"https:\/\/geabarcelona.com\/it\/wp-json\/wp\/v2\/product\/14278","targetHints":{"allow":["GET"]}}],"collection":[{"href":"https:\/\/geabarcelona.com\/it\/wp-json\/wp\/v2\/product"}],"about":[{"href":"https:\/\/geabarcelona.com\/it\/wp-json\/wp\/v2\/types\/product"}],"version-history":[{"count":3,"href":"https:\/\/geabarcelona.com\/it\/wp-json\/wp\/v2\/product\/14278\/revisions"}],"predecessor-version":[{"id":19021,"href":"https:\/\/geabarcelona.com\/it\/wp-json\/wp\/v2\/product\/14278\/revisions\/19021"}],"wp:featuredmedia":[{"embeddable":true,"href":"https:\/\/geabarcelona.com\/it\/wp-json\/wp\/v2\/media\/13464"}],"wp:attachment":[{"href":"https:\/\/geabarcelona.com\/it\/wp-json\/wp\/v2\/media?parent=14278"}],"wp:term":[{"taxonomy":"product_brand","embeddable":true,"href":"https:\/\/geabarcelona.com\/it\/wp-json\/wp\/v2\/product_brand?post=14278"},{"taxonomy":"product_cat","embeddable":true,"href":"https:\/\/geabarcelona.com\/it\/wp-json\/wp\/v2\/product_cat?post=14278"},{"taxonomy":"product_tag","embeddable":true,"href":"https:\/\/geabarcelona.com\/it\/wp-json\/wp\/v2\/product_tag?post=14278"}],"curies":[{"name":"wp","href":"https:\/\/api.w.org\/{rel}","templated":true}]}}