{"id":14288,"date":"2023-12-19T16:44:24","date_gmt":"2023-12-19T15:44:24","guid":{"rendered":"https:\/\/geabarcelona.com\/producto\/puntas-de-citrino-con-base-cortada\/"},"modified":"2025-06-23T15:19:21","modified_gmt":"2025-06-23T13:19:21","slug":"puntas-de-citrino-con-base-cortada","status":"publish","type":"product","link":"https:\/\/geabarcelona.com\/it\/producto\/puntas-de-citrino-con-base-cortada\/","title":{"rendered":"CAJA PUNTAS DE CITRINO CON BASE CORTADA"},"content":{"rendered":"<p>Selecci\u00f3n de puntas naturales de citrino en bruto que conservan su forma y textura original. Sus tonos amarillos dorados brillan con luz propia, aportando energ\u00eda c\u00e1lida y vibrante. Ideales para decoraci\u00f3n, colecci\u00f3n o pr\u00e1cticas energ\u00e9ticas enfocadas en la vitalidad y la prosperidad.<br \/>\nventa por kg.<\/p>","protected":false},"excerpt":{"rendered":"<p>Puntas de citrino con base cortada \/ 10-15cm<\/p>","protected":false},"featured_media":18455,"template":"","meta":[],"product_brand":[],"product_cat":[148],"product_tag":[224],"class_list":{"0":"post-14288","1":"product","2":"type-product","3":"status-publish","4":"has-post-thumbnail","6":"product_cat-pulido-formas","7":"product_tag-citrino","9":"first","10":"instock","11":"taxable","12":"shipping-taxable","13":"purchasable","14":"product-type-simple"},"_links":{"self":[{"href":"https:\/\/geabarcelona.com\/it\/wp-json\/wp\/v2\/product\/14288","targetHints":{"allow":["GET"]}}],"collection":[{"href":"https:\/\/geabarcelona.com\/it\/wp-json\/wp\/v2\/product"}],"about":[{"href":"https:\/\/geabarcelona.com\/it\/wp-json\/wp\/v2\/types\/product"}],"version-history":[{"count":3,"href":"https:\/\/geabarcelona.com\/it\/wp-json\/wp\/v2\/product\/14288\/revisions"}],"predecessor-version":[{"id":18280,"href":"https:\/\/geabarcelona.com\/it\/wp-json\/wp\/v2\/product\/14288\/revisions\/18280"}],"wp:featuredmedia":[{"embeddable":true,"href":"https:\/\/geabarcelona.com\/it\/wp-json\/wp\/v2\/media\/18455"}],"wp:attachment":[{"href":"https:\/\/geabarcelona.com\/it\/wp-json\/wp\/v2\/media?parent=14288"}],"wp:term":[{"taxonomy":"product_brand","embeddable":true,"href":"https:\/\/geabarcelona.com\/it\/wp-json\/wp\/v2\/product_brand?post=14288"},{"taxonomy":"product_cat","embeddable":true,"href":"https:\/\/geabarcelona.com\/it\/wp-json\/wp\/v2\/product_cat?post=14288"},{"taxonomy":"product_tag","embeddable":true,"href":"https:\/\/geabarcelona.com\/it\/wp-json\/wp\/v2\/product_tag?post=14288"}],"curies":[{"name":"wp","href":"https:\/\/api.w.org\/{rel}","templated":true}]}}