{"id":14297,"date":"2023-12-19T16:44:25","date_gmt":"2023-12-19T15:44:25","guid":{"rendered":"https:\/\/geabarcelona.com\/producto\/prismas-de-cuarzo-cristal-ahumado\/"},"modified":"2025-06-19T08:43:54","modified_gmt":"2025-06-19T06:43:54","slug":"prismas-de-cuarzo-cristal-ahumado","status":"publish","type":"product","link":"https:\/\/geabarcelona.com\/it\/producto\/prismas-de-cuarzo-cristal-ahumado\/","title":{"rendered":"PRISMAS DE CUARZO CRISTAL AHUMADO"},"content":{"rendered":"<p>Prismas pulidos de cuarzo cristal ahumado, con tonos que van del gris transl\u00facido al marr\u00f3n suave. Sus l\u00edneas definidas y brillo natural destacan la elegancia del mineral. Ideales para decoraci\u00f3n, colecci\u00f3n o terapias energ\u00e9ticas enfocadas en la protecci\u00f3n y el equilibrio.<br \/>\nventa por kg.<\/p>","protected":false},"excerpt":{"rendered":"<p>Prismas de cuarzo cristal ahumado \/ 10-15cm<\/p>","protected":false},"featured_media":0,"template":"","meta":[],"product_brand":[],"product_cat":[148],"product_tag":[316],"class_list":{"0":"post-14297","1":"product","2":"type-product","3":"status-publish","5":"product_cat-pulido-formas","6":"product_tag-cuarzo-cristal","8":"first","9":"outofstock","10":"taxable","11":"shipping-taxable","12":"purchasable","13":"product-type-simple"},"_links":{"self":[{"href":"https:\/\/geabarcelona.com\/it\/wp-json\/wp\/v2\/product\/14297","targetHints":{"allow":["GET"]}}],"collection":[{"href":"https:\/\/geabarcelona.com\/it\/wp-json\/wp\/v2\/product"}],"about":[{"href":"https:\/\/geabarcelona.com\/it\/wp-json\/wp\/v2\/types\/product"}],"version-history":[{"count":2,"href":"https:\/\/geabarcelona.com\/it\/wp-json\/wp\/v2\/product\/14297\/revisions"}],"predecessor-version":[{"id":18275,"href":"https:\/\/geabarcelona.com\/it\/wp-json\/wp\/v2\/product\/14297\/revisions\/18275"}],"wp:attachment":[{"href":"https:\/\/geabarcelona.com\/it\/wp-json\/wp\/v2\/media?parent=14297"}],"wp:term":[{"taxonomy":"product_brand","embeddable":true,"href":"https:\/\/geabarcelona.com\/it\/wp-json\/wp\/v2\/product_brand?post=14297"},{"taxonomy":"product_cat","embeddable":true,"href":"https:\/\/geabarcelona.com\/it\/wp-json\/wp\/v2\/product_cat?post=14297"},{"taxonomy":"product_tag","embeddable":true,"href":"https:\/\/geabarcelona.com\/it\/wp-json\/wp\/v2\/product_tag?post=14297"}],"curies":[{"name":"wp","href":"https:\/\/api.w.org\/{rel}","templated":true}]}}