{"id":14305,"date":"2023-12-19T16:44:27","date_gmt":"2023-12-19T15:44:27","guid":{"rendered":"https:\/\/geabarcelona.com\/producto\/huevos-xilopalo-40-60mm\/"},"modified":"2025-10-03T13:30:34","modified_gmt":"2025-10-03T11:30:34","slug":"huevos-xilopalo-40-60mm","status":"publish","type":"product","link":"https:\/\/geabarcelona.com\/it\/prodotto\/huevos-xilopalo-40-60mm\/","title":{"rendered":"HUEVOS XILOPALO (40-60MM)"},"content":{"rendered":"<p>Xilopalo pulido en forma de huevo, con un tama\u00f1o entre 40 y 60 mm. Presentan tonos suaves y calmantes que var\u00edan en intensidad, ideales para decoraci\u00f3n, colecciones o terapias energ\u00e9ticas.<\/p>","protected":false},"excerpt":{"rendered":"<p>Huevos de xilopalo<\/p>","protected":false},"featured_media":15550,"template":"","meta":[],"product_brand":[],"product_cat":[148],"product_tag":[310],"class_list":{"0":"post-14305","1":"product","2":"type-product","3":"status-publish","4":"has-post-thumbnail","6":"product_cat-pulido-formas","7":"product_tag-opalo","9":"first","10":"outofstock","11":"taxable","12":"shipping-taxable","13":"purchasable","14":"product-type-simple"},"_links":{"self":[{"href":"https:\/\/geabarcelona.com\/it\/wp-json\/wp\/v2\/product\/14305","targetHints":{"allow":["GET"]}}],"collection":[{"href":"https:\/\/geabarcelona.com\/it\/wp-json\/wp\/v2\/product"}],"about":[{"href":"https:\/\/geabarcelona.com\/it\/wp-json\/wp\/v2\/types\/product"}],"version-history":[{"count":2,"href":"https:\/\/geabarcelona.com\/it\/wp-json\/wp\/v2\/product\/14305\/revisions"}],"predecessor-version":[{"id":18155,"href":"https:\/\/geabarcelona.com\/it\/wp-json\/wp\/v2\/product\/14305\/revisions\/18155"}],"wp:featuredmedia":[{"embeddable":true,"href":"https:\/\/geabarcelona.com\/it\/wp-json\/wp\/v2\/media\/15550"}],"wp:attachment":[{"href":"https:\/\/geabarcelona.com\/it\/wp-json\/wp\/v2\/media?parent=14305"}],"wp:term":[{"taxonomy":"product_brand","embeddable":true,"href":"https:\/\/geabarcelona.com\/it\/wp-json\/wp\/v2\/product_brand?post=14305"},{"taxonomy":"product_cat","embeddable":true,"href":"https:\/\/geabarcelona.com\/it\/wp-json\/wp\/v2\/product_cat?post=14305"},{"taxonomy":"product_tag","embeddable":true,"href":"https:\/\/geabarcelona.com\/it\/wp-json\/wp\/v2\/product_tag?post=14305"}],"curies":[{"name":"wp","href":"https:\/\/api.w.org\/{rel}","templated":true}]}}