{"id":14309,"date":"2023-12-19T16:44:28","date_gmt":"2023-12-19T15:44:28","guid":{"rendered":"https:\/\/geabarcelona.com\/producto\/lapislazuli-esfera\/"},"modified":"2025-12-11T11:13:20","modified_gmt":"2025-12-11T10:13:20","slug":"lapislazuli-esfera","status":"publish","type":"product","link":"https:\/\/geabarcelona.com\/it\/producto\/lapislazuli-esfera\/","title":{"rendered":"SFERA DI LAPISLAZZULI"},"content":{"rendered":"<p>Esferas pulidas de lapisl\u00e1zuli con su caracter\u00edstico azul intenso y peque\u00f1as inclusiones doradas. Perfectas para decoraci\u00f3n, colecci\u00f3n o uso energ\u00e9tico.<br \/>\nventa por kg.<\/p>","protected":false},"excerpt":{"rendered":"<p>Esfera lapisl\u00e1zuli \/ 8-20cm<\/p>","protected":false},"featured_media":18015,"template":"","meta":[],"product_brand":[],"product_cat":[153,149,136,148,147],"product_tag":[211],"class_list":{"0":"post-14309","1":"product","2":"type-product","3":"status-publish","4":"has-post-thumbnail","6":"product_cat-catalogo","7":"product_cat-decoracion-lamparas","8":"product_cat-piedras-gemas","9":"product_cat-pulido-formas","10":"product_cat-terapias-hogar","11":"product_tag-decoracion","13":"first","14":"instock","15":"taxable","16":"shipping-taxable","17":"purchasable","18":"product-type-simple"},"_links":{"self":[{"href":"https:\/\/geabarcelona.com\/it\/wp-json\/wp\/v2\/product\/14309","targetHints":{"allow":["GET"]}}],"collection":[{"href":"https:\/\/geabarcelona.com\/it\/wp-json\/wp\/v2\/product"}],"about":[{"href":"https:\/\/geabarcelona.com\/it\/wp-json\/wp\/v2\/types\/product"}],"version-history":[{"count":2,"href":"https:\/\/geabarcelona.com\/it\/wp-json\/wp\/v2\/product\/14309\/revisions"}],"predecessor-version":[{"id":18241,"href":"https:\/\/geabarcelona.com\/it\/wp-json\/wp\/v2\/product\/14309\/revisions\/18241"}],"wp:featuredmedia":[{"embeddable":true,"href":"https:\/\/geabarcelona.com\/it\/wp-json\/wp\/v2\/media\/18015"}],"wp:attachment":[{"href":"https:\/\/geabarcelona.com\/it\/wp-json\/wp\/v2\/media?parent=14309"}],"wp:term":[{"taxonomy":"product_brand","embeddable":true,"href":"https:\/\/geabarcelona.com\/it\/wp-json\/wp\/v2\/product_brand?post=14309"},{"taxonomy":"product_cat","embeddable":true,"href":"https:\/\/geabarcelona.com\/it\/wp-json\/wp\/v2\/product_cat?post=14309"},{"taxonomy":"product_tag","embeddable":true,"href":"https:\/\/geabarcelona.com\/it\/wp-json\/wp\/v2\/product_tag?post=14309"}],"curies":[{"name":"wp","href":"https:\/\/api.w.org\/{rel}","templated":true}]}}