{"id":14319,"date":"2023-12-19T16:44:29","date_gmt":"2023-12-19T15:44:29","guid":{"rendered":"https:\/\/geabarcelona.com\/producto\/mangano-calcita-obliscos\/"},"modified":"2025-11-20T08:37:52","modified_gmt":"2025-11-20T07:37:52","slug":"mangano-calcita-obliscos","status":"publish","type":"product","link":"https:\/\/geabarcelona.com\/it\/prodotto\/mangano-calcita-obliscos\/","title":{"rendered":"MANGANO CALCITA OBLISCOS"},"content":{"rendered":"<p>Manganeso pulido en forma de obeliscos, de color rosa suave y acabado sedoso. Apreciadas por su apariencia delicada y su energ\u00eda reconfortante. Ideales para decoraci\u00f3n, colecci\u00f3n o pr\u00e1cticas energ\u00e9ticas centradas en la calma y el amor propio. venta por kg.\u00bb<\/p>","protected":false},"excerpt":{"rendered":"<p>obeliscos de manganocalcita \/ 5-25cm<\/p>","protected":false},"featured_media":13530,"template":"","meta":[],"product_brand":[],"product_cat":[148],"product_tag":[337],"class_list":{"0":"post-14319","1":"product","2":"type-product","3":"status-publish","4":"has-post-thumbnail","6":"product_cat-pulido-formas","7":"product_tag-mangano-calcita","9":"first","10":"instock","11":"taxable","12":"shipping-taxable","13":"purchasable","14":"product-type-simple"},"_links":{"self":[{"href":"https:\/\/geabarcelona.com\/it\/wp-json\/wp\/v2\/product\/14319","targetHints":{"allow":["GET"]}}],"collection":[{"href":"https:\/\/geabarcelona.com\/it\/wp-json\/wp\/v2\/product"}],"about":[{"href":"https:\/\/geabarcelona.com\/it\/wp-json\/wp\/v2\/types\/product"}],"version-history":[{"count":1,"href":"https:\/\/geabarcelona.com\/it\/wp-json\/wp\/v2\/product\/14319\/revisions"}],"predecessor-version":[{"id":19038,"href":"https:\/\/geabarcelona.com\/it\/wp-json\/wp\/v2\/product\/14319\/revisions\/19038"}],"wp:featuredmedia":[{"embeddable":true,"href":"https:\/\/geabarcelona.com\/it\/wp-json\/wp\/v2\/media\/13530"}],"wp:attachment":[{"href":"https:\/\/geabarcelona.com\/it\/wp-json\/wp\/v2\/media?parent=14319"}],"wp:term":[{"taxonomy":"product_brand","embeddable":true,"href":"https:\/\/geabarcelona.com\/it\/wp-json\/wp\/v2\/product_brand?post=14319"},{"taxonomy":"product_cat","embeddable":true,"href":"https:\/\/geabarcelona.com\/it\/wp-json\/wp\/v2\/product_cat?post=14319"},{"taxonomy":"product_tag","embeddable":true,"href":"https:\/\/geabarcelona.com\/it\/wp-json\/wp\/v2\/product_tag?post=14319"}],"curies":[{"name":"wp","href":"https:\/\/api.w.org\/{rel}","templated":true}]}}