{"id":14334,"date":"2023-12-19T16:44:33","date_gmt":"2023-12-19T15:44:33","guid":{"rendered":"https:\/\/geabarcelona.com\/producto\/selenita-esferas-unidad\/"},"modified":"2025-06-19T08:43:57","modified_gmt":"2025-06-19T06:43:57","slug":"selenita-esferas-unidad","status":"publish","type":"product","link":"https:\/\/geabarcelona.com\/it\/producto\/selenita-esferas-unidad\/","title":{"rendered":"SFERE DI SELENITE (UNIT\u00c0)"},"content":{"rendered":"<p>Esferas pulidas de selenita, con acabado satinado y tono blanco transl\u00facido. Conocidas por su aspecto suave y luminoso, son ideales para decoraci\u00f3n, colecci\u00f3n o pr\u00e1cticas energ\u00e9ticas enfocadas en la limpieza y la claridad.<br \/>\nvendita di unit\u00e0<\/p>","protected":false},"excerpt":{"rendered":"<p>Selenita esferas (unidad) \/ <\/p>","protected":false},"featured_media":13566,"template":"","meta":[],"product_brand":[],"product_cat":[148,154],"product_tag":[211],"class_list":{"0":"post-14334","1":"product","2":"type-product","3":"status-publish","4":"has-post-thumbnail","6":"product_cat-pulido-formas","7":"product_cat-selenita","8":"product_tag-decoracion","10":"first","11":"instock","12":"taxable","13":"shipping-taxable","14":"purchasable","15":"product-type-simple"},"_links":{"self":[{"href":"https:\/\/geabarcelona.com\/it\/wp-json\/wp\/v2\/product\/14334","targetHints":{"allow":["GET"]}}],"collection":[{"href":"https:\/\/geabarcelona.com\/it\/wp-json\/wp\/v2\/product"}],"about":[{"href":"https:\/\/geabarcelona.com\/it\/wp-json\/wp\/v2\/types\/product"}],"version-history":[{"count":2,"href":"https:\/\/geabarcelona.com\/it\/wp-json\/wp\/v2\/product\/14334\/revisions"}],"predecessor-version":[{"id":18318,"href":"https:\/\/geabarcelona.com\/it\/wp-json\/wp\/v2\/product\/14334\/revisions\/18318"}],"wp:featuredmedia":[{"embeddable":true,"href":"https:\/\/geabarcelona.com\/it\/wp-json\/wp\/v2\/media\/13566"}],"wp:attachment":[{"href":"https:\/\/geabarcelona.com\/it\/wp-json\/wp\/v2\/media?parent=14334"}],"wp:term":[{"taxonomy":"product_brand","embeddable":true,"href":"https:\/\/geabarcelona.com\/it\/wp-json\/wp\/v2\/product_brand?post=14334"},{"taxonomy":"product_cat","embeddable":true,"href":"https:\/\/geabarcelona.com\/it\/wp-json\/wp\/v2\/product_cat?post=14334"},{"taxonomy":"product_tag","embeddable":true,"href":"https:\/\/geabarcelona.com\/it\/wp-json\/wp\/v2\/product_tag?post=14334"}],"curies":[{"name":"wp","href":"https:\/\/api.w.org\/{rel}","templated":true}]}}