{"id":14339,"date":"2023-12-19T16:44:34","date_gmt":"2023-12-19T15:44:34","guid":{"rendered":"https:\/\/geabarcelona.com\/producto\/selenita-torre-pequena\/"},"modified":"2025-11-20T08:41:51","modified_gmt":"2025-11-20T07:41:51","slug":"selenita-torre-pequena","status":"publish","type":"product","link":"https:\/\/geabarcelona.com\/it\/prodotto\/selenita-torre-pequena\/","title":{"rendered":"SELENITE PICCOLA TORRE"},"content":{"rendered":"<p>Torre peque\u00f1a de selenita natural, tallada con precisi\u00f3n para resaltar sus l\u00edneas prism\u00e1ticas y su superficie transl\u00facida con brillo sedoso. Su estructura alargada y elegante la convierte en una pieza decorativa imponente que atrae la luz y purifica el ambiente. Reconocida por sus propiedades energ\u00e9ticas, la selenita ayuda a limpiar bloqueos energ\u00e9ticos, promover la claridad mental y crear un espacio de paz y armon\u00eda.<br \/>\n venta por kg.\u00bb<\/p>","protected":false},"excerpt":{"rendered":"<p>Selenita torre peque\u00f1a \/<\/p>","protected":false},"featured_media":13563,"template":"","meta":[],"product_brand":[],"product_cat":[148,154],"product_tag":[340],"class_list":{"0":"post-14339","1":"product","2":"type-product","3":"status-publish","4":"has-post-thumbnail","6":"product_cat-pulido-formas","7":"product_cat-selenita","8":"product_tag-selenita","10":"first","11":"instock","12":"taxable","13":"shipping-taxable","14":"purchasable","15":"product-type-simple"},"_links":{"self":[{"href":"https:\/\/geabarcelona.com\/it\/wp-json\/wp\/v2\/product\/14339","targetHints":{"allow":["GET"]}}],"collection":[{"href":"https:\/\/geabarcelona.com\/it\/wp-json\/wp\/v2\/product"}],"about":[{"href":"https:\/\/geabarcelona.com\/it\/wp-json\/wp\/v2\/types\/product"}],"version-history":[{"count":2,"href":"https:\/\/geabarcelona.com\/it\/wp-json\/wp\/v2\/product\/14339\/revisions"}],"predecessor-version":[{"id":19056,"href":"https:\/\/geabarcelona.com\/it\/wp-json\/wp\/v2\/product\/14339\/revisions\/19056"}],"wp:featuredmedia":[{"embeddable":true,"href":"https:\/\/geabarcelona.com\/it\/wp-json\/wp\/v2\/media\/13563"}],"wp:attachment":[{"href":"https:\/\/geabarcelona.com\/it\/wp-json\/wp\/v2\/media?parent=14339"}],"wp:term":[{"taxonomy":"product_brand","embeddable":true,"href":"https:\/\/geabarcelona.com\/it\/wp-json\/wp\/v2\/product_brand?post=14339"},{"taxonomy":"product_cat","embeddable":true,"href":"https:\/\/geabarcelona.com\/it\/wp-json\/wp\/v2\/product_cat?post=14339"},{"taxonomy":"product_tag","embeddable":true,"href":"https:\/\/geabarcelona.com\/it\/wp-json\/wp\/v2\/product_tag?post=14339"}],"curies":[{"name":"wp","href":"https:\/\/api.w.org\/{rel}","templated":true}]}}