{"id":14346,"date":"2023-12-19T16:44:35","date_gmt":"2023-12-19T15:44:35","guid":{"rendered":"https:\/\/geabarcelona.com\/producto\/xilopalo-pedestal-40cm-diametro-50cm-altura\/"},"modified":"2025-12-11T11:14:05","modified_gmt":"2025-12-11T10:14:05","slug":"xilopalo-pedestal-40cm-diametro-50cm-altura","status":"publish","type":"product","link":"https:\/\/geabarcelona.com\/it\/producto\/xilopalo-pedestal-40cm-diametro-50cm-altura\/","title":{"rendered":"PIEDISTALLO XILOPALO (DIAMETRO 40 CM, ALTEZZA 50 CM)"},"content":{"rendered":"<p>Xilopalo pedestal, con un tama\u00f1o entre 40 y 60 mm. Presentan tonos suaves y calmantes que var\u00edan en intensidad, ideales para decoraci\u00f3n, colecciones o terapias energ\u00e9ticas. venta por kg.\u00bb<\/p>","protected":false},"excerpt":{"rendered":"<p>Xil\u00f3palo pedestal (40 cm di\u00e1metro, 50 cm altura) \/<\/p>","protected":false},"featured_media":18451,"template":"","meta":[],"product_brand":[],"product_cat":[149,125,142,148,147],"product_tag":[343],"class_list":{"0":"post-14346","1":"product","2":"type-product","3":"status-publish","4":"has-post-thumbnail","6":"product_cat-decoracion-lamparas","7":"product_cat-fosiles","8":"product_cat-grandes-formatos","9":"product_cat-pulido-formas","10":"product_cat-terapias-hogar","11":"product_tag-xilopalo","13":"first","14":"instock","15":"taxable","16":"shipping-taxable","17":"purchasable","18":"product-type-simple"},"_links":{"self":[{"href":"https:\/\/geabarcelona.com\/it\/wp-json\/wp\/v2\/product\/14346","targetHints":{"allow":["GET"]}}],"collection":[{"href":"https:\/\/geabarcelona.com\/it\/wp-json\/wp\/v2\/product"}],"about":[{"href":"https:\/\/geabarcelona.com\/it\/wp-json\/wp\/v2\/types\/product"}],"version-history":[{"count":2,"href":"https:\/\/geabarcelona.com\/it\/wp-json\/wp\/v2\/product\/14346\/revisions"}],"predecessor-version":[{"id":19061,"href":"https:\/\/geabarcelona.com\/it\/wp-json\/wp\/v2\/product\/14346\/revisions\/19061"}],"wp:featuredmedia":[{"embeddable":true,"href":"https:\/\/geabarcelona.com\/it\/wp-json\/wp\/v2\/media\/18451"}],"wp:attachment":[{"href":"https:\/\/geabarcelona.com\/it\/wp-json\/wp\/v2\/media?parent=14346"}],"wp:term":[{"taxonomy":"product_brand","embeddable":true,"href":"https:\/\/geabarcelona.com\/it\/wp-json\/wp\/v2\/product_brand?post=14346"},{"taxonomy":"product_cat","embeddable":true,"href":"https:\/\/geabarcelona.com\/it\/wp-json\/wp\/v2\/product_cat?post=14346"},{"taxonomy":"product_tag","embeddable":true,"href":"https:\/\/geabarcelona.com\/it\/wp-json\/wp\/v2\/product_tag?post=14346"}],"curies":[{"name":"wp","href":"https:\/\/api.w.org\/{rel}","templated":true}]}}