{"id":14349,"date":"2023-12-19T16:44:35","date_gmt":"2023-12-19T15:44:35","guid":{"rendered":"https:\/\/geabarcelona.com\/producto\/citrino-rodado\/"},"modified":"2025-12-10T18:23:39","modified_gmt":"2025-12-10T17:23:39","slug":"citrino-rodado","status":"publish","type":"product","link":"https:\/\/geabarcelona.com\/it\/producto\/citrino-rodado\/","title":{"rendered":"CITRINO ROTOLATO"},"content":{"rendered":"<p>Piedra rodado de citrino natural, con acabado suave y pulido que resalta su color amarillo dorado c\u00e1lido. Perfecta para llevar contigo, usar en terapias energ\u00e9ticas o para decoraci\u00f3n peque\u00f1a. Conocida por sus propiedades que atraen la prosperidad y la energ\u00eda positiva.<br \/>\nventa por kg.<\/p>","protected":false},"excerpt":{"rendered":"<p>Citrino GEA en forma de piedra rodada, con tama\u00f1o entre 2-3cm.<\/p>","protected":false},"featured_media":17952,"template":"","meta":[],"product_brand":[],"product_cat":[148,150,147],"product_tag":[224],"class_list":{"0":"post-14349","1":"product","2":"type-product","3":"status-publish","4":"has-post-thumbnail","6":"product_cat-pulido-formas","7":"product_cat-rodados","8":"product_cat-terapias-hogar","9":"product_tag-citrino","11":"first","12":"instock","13":"taxable","14":"shipping-taxable","15":"purchasable","16":"product-type-simple"},"_links":{"self":[{"href":"https:\/\/geabarcelona.com\/it\/wp-json\/wp\/v2\/product\/14349","targetHints":{"allow":["GET"]}}],"collection":[{"href":"https:\/\/geabarcelona.com\/it\/wp-json\/wp\/v2\/product"}],"about":[{"href":"https:\/\/geabarcelona.com\/it\/wp-json\/wp\/v2\/types\/product"}],"version-history":[{"count":3,"href":"https:\/\/geabarcelona.com\/it\/wp-json\/wp\/v2\/product\/14349\/revisions"}],"predecessor-version":[{"id":18252,"href":"https:\/\/geabarcelona.com\/it\/wp-json\/wp\/v2\/product\/14349\/revisions\/18252"}],"wp:featuredmedia":[{"embeddable":true,"href":"https:\/\/geabarcelona.com\/it\/wp-json\/wp\/v2\/media\/17952"}],"wp:attachment":[{"href":"https:\/\/geabarcelona.com\/it\/wp-json\/wp\/v2\/media?parent=14349"}],"wp:term":[{"taxonomy":"product_brand","embeddable":true,"href":"https:\/\/geabarcelona.com\/it\/wp-json\/wp\/v2\/product_brand?post=14349"},{"taxonomy":"product_cat","embeddable":true,"href":"https:\/\/geabarcelona.com\/it\/wp-json\/wp\/v2\/product_cat?post=14349"},{"taxonomy":"product_tag","embeddable":true,"href":"https:\/\/geabarcelona.com\/it\/wp-json\/wp\/v2\/product_tag?post=14349"}],"curies":[{"name":"wp","href":"https:\/\/api.w.org\/{rel}","templated":true}]}}