{"id":14357,"date":"2023-12-19T16:44:36","date_gmt":"2023-12-19T15:44:36","guid":{"rendered":"https:\/\/geabarcelona.com\/producto\/amatista-corazones-base-metal-2\/"},"modified":"2025-06-19T08:43:51","modified_gmt":"2025-06-19T06:43:51","slug":"amatista-corazones-base-metal-2","status":"publish","type":"product","link":"https:\/\/geabarcelona.com\/it\/producto\/amatista-corazones-base-metal-2\/","title":{"rendered":"CUORI DI AMETISTA BASE IN METALLO"},"content":{"rendered":"<p>Corazones de amatista montada sobre una base de metal resistente que realza su textura cruda y aut\u00e9ntica. Ideal para decoraci\u00f3n, protecci\u00f3n energ\u00e9tica y espacios.<br \/>\nventa por kg.<\/p>","protected":false},"excerpt":{"rendered":"<p>Corazones de amatista con base met\u00e1lica \/ 20-40cm<\/p>","protected":false},"featured_media":0,"template":"","meta":[],"product_brand":[],"product_cat":[139],"product_tag":[245],"class_list":{"0":"post-14357","1":"product","2":"type-product","3":"status-publish","5":"product_cat-brasil","6":"product_tag-amatista","8":"first","9":"outofstock","10":"taxable","11":"shipping-taxable","12":"purchasable","13":"product-type-simple"},"_links":{"self":[{"href":"https:\/\/geabarcelona.com\/it\/wp-json\/wp\/v2\/product\/14357","targetHints":{"allow":["GET"]}}],"collection":[{"href":"https:\/\/geabarcelona.com\/it\/wp-json\/wp\/v2\/product"}],"about":[{"href":"https:\/\/geabarcelona.com\/it\/wp-json\/wp\/v2\/types\/product"}],"version-history":[{"count":2,"href":"https:\/\/geabarcelona.com\/it\/wp-json\/wp\/v2\/product\/14357\/revisions"}],"predecessor-version":[{"id":18230,"href":"https:\/\/geabarcelona.com\/it\/wp-json\/wp\/v2\/product\/14357\/revisions\/18230"}],"wp:attachment":[{"href":"https:\/\/geabarcelona.com\/it\/wp-json\/wp\/v2\/media?parent=14357"}],"wp:term":[{"taxonomy":"product_brand","embeddable":true,"href":"https:\/\/geabarcelona.com\/it\/wp-json\/wp\/v2\/product_brand?post=14357"},{"taxonomy":"product_cat","embeddable":true,"href":"https:\/\/geabarcelona.com\/it\/wp-json\/wp\/v2\/product_cat?post=14357"},{"taxonomy":"product_tag","embeddable":true,"href":"https:\/\/geabarcelona.com\/it\/wp-json\/wp\/v2\/product_tag?post=14357"}],"curies":[{"name":"wp","href":"https:\/\/api.w.org\/{rel}","templated":true}]}}