{"id":14358,"date":"2023-12-19T16:44:37","date_gmt":"2023-12-19T15:44:37","guid":{"rendered":"https:\/\/geabarcelona.com\/producto\/amatista-drusa-aura-titaneo-con-base-metal-2\/"},"modified":"2025-12-11T13:07:41","modified_gmt":"2025-12-11T12:07:41","slug":"amatista-drusa-aura-titaneo-con-base-metal-2","status":"publish","type":"product","link":"https:\/\/geabarcelona.com\/it\/producto\/amatista-drusa-aura-titaneo-con-base-metal-2\/","title":{"rendered":"AMETISTA DRUSE AURA TITANIO CON BASE IN METALLO"},"content":{"rendered":"<p>Drusa de aura titaneo montada sobre una base de metal resistente que realza su textura cruda y aut\u00e9ntica. Ideal para decoraci\u00f3n, protecci\u00f3n energ\u00e9tica y espacios.<br \/>\nventa por kg.<\/p>","protected":false},"excerpt":{"rendered":"<p>Drusa de amatista con aura de titanio y base met\u00e1lica \/ 7-15cm<\/p>","protected":false},"featured_media":18524,"template":"","meta":[],"product_brand":[],"product_cat":[139,149],"product_tag":[211],"class_list":{"0":"post-14358","1":"product","2":"type-product","3":"status-publish","4":"has-post-thumbnail","6":"product_cat-brasil","7":"product_cat-decoracion-lamparas","8":"product_tag-decoracion","10":"first","11":"instock","12":"taxable","13":"shipping-taxable","14":"purchasable","15":"product-type-simple"},"_links":{"self":[{"href":"https:\/\/geabarcelona.com\/it\/wp-json\/wp\/v2\/product\/14358","targetHints":{"allow":["GET"]}}],"collection":[{"href":"https:\/\/geabarcelona.com\/it\/wp-json\/wp\/v2\/product"}],"about":[{"href":"https:\/\/geabarcelona.com\/it\/wp-json\/wp\/v2\/types\/product"}],"version-history":[{"count":1,"href":"https:\/\/geabarcelona.com\/it\/wp-json\/wp\/v2\/product\/14358\/revisions"}],"predecessor-version":[{"id":18233,"href":"https:\/\/geabarcelona.com\/it\/wp-json\/wp\/v2\/product\/14358\/revisions\/18233"}],"wp:featuredmedia":[{"embeddable":true,"href":"https:\/\/geabarcelona.com\/it\/wp-json\/wp\/v2\/media\/18524"}],"wp:attachment":[{"href":"https:\/\/geabarcelona.com\/it\/wp-json\/wp\/v2\/media?parent=14358"}],"wp:term":[{"taxonomy":"product_brand","embeddable":true,"href":"https:\/\/geabarcelona.com\/it\/wp-json\/wp\/v2\/product_brand?post=14358"},{"taxonomy":"product_cat","embeddable":true,"href":"https:\/\/geabarcelona.com\/it\/wp-json\/wp\/v2\/product_cat?post=14358"},{"taxonomy":"product_tag","embeddable":true,"href":"https:\/\/geabarcelona.com\/it\/wp-json\/wp\/v2\/product_tag?post=14358"}],"curies":[{"name":"wp","href":"https:\/\/api.w.org\/{rel}","templated":true}]}}