{"id":14364,"date":"2023-12-19T16:44:38","date_gmt":"2023-12-19T15:44:38","guid":{"rendered":"https:\/\/geabarcelona.com\/producto\/amatista-geoda-qb-2\/"},"modified":"2025-11-20T08:45:35","modified_gmt":"2025-11-20T07:45:35","slug":"amatista-geoda-qb-2","status":"publish","type":"product","link":"https:\/\/geabarcelona.com\/it\/producto\/amatista-geoda-qb-2\/","title":{"rendered":"AMATISTA GEODA"},"content":{"rendered":"<p>Geoda de amatista \/ 30-200cm Venta por kg. SELECCIONA ESTE PRODUCTO Y UN COMERCIAL SE PONDR\u00c1 EN CONTACTO CONTIGO PARA ENSE\u00d1ARTE TODA NUESTRA COLECCI\u00d3N DE GEODAS.\u00bb<\/p>","protected":false},"excerpt":{"rendered":"<p>Geoda de amatista \/ 30-200cm<\/p>","protected":false},"featured_media":0,"template":"","meta":[],"product_brand":[],"product_cat":[139,142],"product_tag":[245],"class_list":{"0":"post-14364","1":"product","2":"type-product","3":"status-publish","5":"product_cat-brasil","6":"product_cat-grandes-formatos","7":"product_tag-amatista","9":"first","10":"instock","11":"taxable","12":"shipping-taxable","13":"purchasable","14":"product-type-simple"},"_links":{"self":[{"href":"https:\/\/geabarcelona.com\/it\/wp-json\/wp\/v2\/product\/14364","targetHints":{"allow":["GET"]}}],"collection":[{"href":"https:\/\/geabarcelona.com\/it\/wp-json\/wp\/v2\/product"}],"about":[{"href":"https:\/\/geabarcelona.com\/it\/wp-json\/wp\/v2\/types\/product"}],"version-history":[{"count":2,"href":"https:\/\/geabarcelona.com\/it\/wp-json\/wp\/v2\/product\/14364\/revisions"}],"predecessor-version":[{"id":19071,"href":"https:\/\/geabarcelona.com\/it\/wp-json\/wp\/v2\/product\/14364\/revisions\/19071"}],"wp:attachment":[{"href":"https:\/\/geabarcelona.com\/it\/wp-json\/wp\/v2\/media?parent=14364"}],"wp:term":[{"taxonomy":"product_brand","embeddable":true,"href":"https:\/\/geabarcelona.com\/it\/wp-json\/wp\/v2\/product_brand?post=14364"},{"taxonomy":"product_cat","embeddable":true,"href":"https:\/\/geabarcelona.com\/it\/wp-json\/wp\/v2\/product_cat?post=14364"},{"taxonomy":"product_tag","embeddable":true,"href":"https:\/\/geabarcelona.com\/it\/wp-json\/wp\/v2\/product_tag?post=14364"}],"curies":[{"name":"wp","href":"https:\/\/api.w.org\/{rel}","templated":true}]}}