{"id":14375,"date":"2023-12-19T16:44:39","date_gmt":"2023-12-19T15:44:39","guid":{"rendered":"https:\/\/geabarcelona.com\/producto\/amatista-punta-titaeo-2\/"},"modified":"2025-12-11T13:19:18","modified_gmt":"2025-12-11T12:19:18","slug":"amatista-punta-titaeo-2","status":"publish","type":"product","link":"https:\/\/geabarcelona.com\/it\/producto\/amatista-punta-titaeo-2\/","title":{"rendered":"PUNTE IN TITANIO AMETISTA"},"content":{"rendered":"<p>Puntas de Aurea titaneo, ideales para decoraci\u00f3n, colecci\u00f3n o pr\u00e1cticas energ\u00e9ticas enfocadas en la calma emocional. venta por kg.\u00bb<\/p>","protected":false},"excerpt":{"rendered":"<p>Punta de amatista con titanio.<\/p>","protected":false},"featured_media":18490,"template":"","meta":[],"product_brand":[],"product_cat":[136,148],"product_tag":[245],"class_list":{"0":"post-14375","1":"product","2":"type-product","3":"status-publish","4":"has-post-thumbnail","6":"product_cat-piedras-gemas","7":"product_cat-pulido-formas","8":"product_tag-amatista","10":"first","11":"instock","12":"taxable","13":"shipping-taxable","14":"purchasable","15":"product-type-simple"},"_links":{"self":[{"href":"https:\/\/geabarcelona.com\/it\/wp-json\/wp\/v2\/product\/14375","targetHints":{"allow":["GET"]}}],"collection":[{"href":"https:\/\/geabarcelona.com\/it\/wp-json\/wp\/v2\/product"}],"about":[{"href":"https:\/\/geabarcelona.com\/it\/wp-json\/wp\/v2\/types\/product"}],"version-history":[{"count":2,"href":"https:\/\/geabarcelona.com\/it\/wp-json\/wp\/v2\/product\/14375\/revisions"}],"predecessor-version":[{"id":19073,"href":"https:\/\/geabarcelona.com\/it\/wp-json\/wp\/v2\/product\/14375\/revisions\/19073"}],"wp:featuredmedia":[{"embeddable":true,"href":"https:\/\/geabarcelona.com\/it\/wp-json\/wp\/v2\/media\/18490"}],"wp:attachment":[{"href":"https:\/\/geabarcelona.com\/it\/wp-json\/wp\/v2\/media?parent=14375"}],"wp:term":[{"taxonomy":"product_brand","embeddable":true,"href":"https:\/\/geabarcelona.com\/it\/wp-json\/wp\/v2\/product_brand?post=14375"},{"taxonomy":"product_cat","embeddable":true,"href":"https:\/\/geabarcelona.com\/it\/wp-json\/wp\/v2\/product_cat?post=14375"},{"taxonomy":"product_tag","embeddable":true,"href":"https:\/\/geabarcelona.com\/it\/wp-json\/wp\/v2\/product_tag?post=14375"}],"curies":[{"name":"wp","href":"https:\/\/api.w.org\/{rel}","templated":true}]}}