{"id":14378,"date":"2023-12-19T16:44:40","date_gmt":"2023-12-19T15:44:40","guid":{"rendered":"https:\/\/geabarcelona.com\/producto\/amatista-puntas-largas-2\/"},"modified":"2025-12-11T13:19:29","modified_gmt":"2025-12-11T12:19:29","slug":"amatista-puntas-largas-2","status":"publish","type":"product","link":"https:\/\/geabarcelona.com\/it\/producto\/amatista-puntas-largas-2\/","title":{"rendered":"PUNTE LUNGHE DI AMETISTA"},"content":{"rendered":"<p>Selecci\u00f3n de puntas largas de amatista natural. Presentan tonalidades violeta en distintas intensidades y estructuras cristalinas que reflejan su origen geol\u00f3gico. Ideales para decoraci\u00f3n, coleccionismo o uso energ\u00e9tico enfocado en la calma, la intuici\u00f3n y la conexi\u00f3n espiritual. venta por kg.\u00bb<\/p>","protected":false},"excerpt":{"rendered":"<p>Puntas largas de amatista \/ 10-15cm<\/p>","protected":false},"featured_media":18484,"template":"","meta":[],"product_brand":[],"product_cat":[139],"product_tag":[245],"class_list":{"0":"post-14378","1":"product","2":"type-product","3":"status-publish","4":"has-post-thumbnail","6":"product_cat-brasil","7":"product_tag-amatista","9":"first","10":"instock","11":"taxable","12":"shipping-taxable","13":"purchasable","14":"product-type-simple"},"_links":{"self":[{"href":"https:\/\/geabarcelona.com\/it\/wp-json\/wp\/v2\/product\/14378","targetHints":{"allow":["GET"]}}],"collection":[{"href":"https:\/\/geabarcelona.com\/it\/wp-json\/wp\/v2\/product"}],"about":[{"href":"https:\/\/geabarcelona.com\/it\/wp-json\/wp\/v2\/types\/product"}],"version-history":[{"count":3,"href":"https:\/\/geabarcelona.com\/it\/wp-json\/wp\/v2\/product\/14378\/revisions"}],"predecessor-version":[{"id":19076,"href":"https:\/\/geabarcelona.com\/it\/wp-json\/wp\/v2\/product\/14378\/revisions\/19076"}],"wp:featuredmedia":[{"embeddable":true,"href":"https:\/\/geabarcelona.com\/it\/wp-json\/wp\/v2\/media\/18484"}],"wp:attachment":[{"href":"https:\/\/geabarcelona.com\/it\/wp-json\/wp\/v2\/media?parent=14378"}],"wp:term":[{"taxonomy":"product_brand","embeddable":true,"href":"https:\/\/geabarcelona.com\/it\/wp-json\/wp\/v2\/product_brand?post=14378"},{"taxonomy":"product_cat","embeddable":true,"href":"https:\/\/geabarcelona.com\/it\/wp-json\/wp\/v2\/product_cat?post=14378"},{"taxonomy":"product_tag","embeddable":true,"href":"https:\/\/geabarcelona.com\/it\/wp-json\/wp\/v2\/product_tag?post=14378"}],"curies":[{"name":"wp","href":"https:\/\/api.w.org\/{rel}","templated":true}]}}