{"id":14387,"date":"2023-12-19T16:44:43","date_gmt":"2023-12-19T15:44:43","guid":{"rendered":"https:\/\/geabarcelona.com\/producto\/amatista-corazones-pequenos-unidad\/"},"modified":"2025-11-20T12:33:06","modified_gmt":"2025-11-20T11:33:06","slug":"amatista-corazones-pequenos-unidad","status":"publish","type":"product","link":"https:\/\/geabarcelona.com\/it\/prodotto\/amatista-corazones-pequenos-unidad\/","title":{"rendered":"CUORE DI AMETISTA, OCCHIO DI TIGRE, LAPISLAZZULI, QUARZO ROSA LUCIDO"},"content":{"rendered":"<p>Corazones de piedras naturales pulidas (amatista, ojo de tigre, lapisl\u00e1zuli y cuarzo rosa), ideales para decoraci\u00f3n o terapias energ\u00e9ticas  venta por unidad\u00bb<\/p>","protected":false},"excerpt":{"rendered":"<p>Corazones peque\u00f1os de amatista (unidad) \/ 2-4cm<\/p>","protected":false},"featured_media":17879,"template":"","meta":[],"product_brand":[],"product_cat":[140],"product_tag":[245,348,335,328],"class_list":{"0":"post-14387","1":"product","2":"type-product","3":"status-publish","4":"has-post-thumbnail","6":"product_cat-uruguay","7":"product_tag-amatista","8":"product_tag-cuaro-rosa","9":"product_tag-lapislazuli","10":"product_tag-ojo-de-tigre","12":"first","13":"instock","14":"taxable","15":"shipping-taxable","16":"purchasable","17":"product-type-simple"},"_links":{"self":[{"href":"https:\/\/geabarcelona.com\/it\/wp-json\/wp\/v2\/product\/14387","targetHints":{"allow":["GET"]}}],"collection":[{"href":"https:\/\/geabarcelona.com\/it\/wp-json\/wp\/v2\/product"}],"about":[{"href":"https:\/\/geabarcelona.com\/it\/wp-json\/wp\/v2\/types\/product"}],"version-history":[{"count":3,"href":"https:\/\/geabarcelona.com\/it\/wp-json\/wp\/v2\/product\/14387\/revisions"}],"predecessor-version":[{"id":19082,"href":"https:\/\/geabarcelona.com\/it\/wp-json\/wp\/v2\/product\/14387\/revisions\/19082"}],"wp:featuredmedia":[{"embeddable":true,"href":"https:\/\/geabarcelona.com\/it\/wp-json\/wp\/v2\/media\/17879"}],"wp:attachment":[{"href":"https:\/\/geabarcelona.com\/it\/wp-json\/wp\/v2\/media?parent=14387"}],"wp:term":[{"taxonomy":"product_brand","embeddable":true,"href":"https:\/\/geabarcelona.com\/it\/wp-json\/wp\/v2\/product_brand?post=14387"},{"taxonomy":"product_cat","embeddable":true,"href":"https:\/\/geabarcelona.com\/it\/wp-json\/wp\/v2\/product_cat?post=14387"},{"taxonomy":"product_tag","embeddable":true,"href":"https:\/\/geabarcelona.com\/it\/wp-json\/wp\/v2\/product_tag?post=14387"}],"curies":[{"name":"wp","href":"https:\/\/api.w.org\/{rel}","templated":true}]}}