{"id":14444,"date":"2023-12-19T16:44:52","date_gmt":"2023-12-19T15:44:52","guid":{"rendered":"https:\/\/geabarcelona.com\/producto\/cristal-esferas-m\/"},"modified":"2025-06-19T08:43:57","modified_gmt":"2025-06-19T06:43:57","slug":"cristal-esferas-m","status":"publish","type":"product","link":"https:\/\/geabarcelona.com\/it\/prodotto\/cristal-esferas-m\/","title":{"rendered":"CRISTAL ESFERAS M"},"content":{"rendered":"<p>Esferas medianas de cuarzo cristal pulido, con alta transparencia y brillo natural. Ideales para decoraci\u00f3n, meditaci\u00f3n o colecci\u00f3n, aportando energ\u00eda clara y equilibrada a cualquier ambiente.<br \/>\nvendita di unit\u00e0<\/p>","protected":false},"excerpt":{"rendered":"<p>Esferas de cristal tama\u00f1o M \/ 11cm<\/p>","protected":false},"featured_media":13474,"template":"","meta":[],"product_brand":[],"product_cat":[147],"product_tag":[316],"class_list":{"0":"post-14444","1":"product","2":"type-product","3":"status-publish","4":"has-post-thumbnail","6":"product_cat-terapias-hogar","7":"product_tag-cuarzo-cristal","9":"first","10":"instock","11":"taxable","12":"shipping-taxable","13":"product-type-simple"},"_links":{"self":[{"href":"https:\/\/geabarcelona.com\/it\/wp-json\/wp\/v2\/product\/14444","targetHints":{"allow":["GET"]}}],"collection":[{"href":"https:\/\/geabarcelona.com\/it\/wp-json\/wp\/v2\/product"}],"about":[{"href":"https:\/\/geabarcelona.com\/it\/wp-json\/wp\/v2\/types\/product"}],"version-history":[{"count":1,"href":"https:\/\/geabarcelona.com\/it\/wp-json\/wp\/v2\/product\/14444\/revisions"}],"predecessor-version":[{"id":18312,"href":"https:\/\/geabarcelona.com\/it\/wp-json\/wp\/v2\/product\/14444\/revisions\/18312"}],"wp:featuredmedia":[{"embeddable":true,"href":"https:\/\/geabarcelona.com\/it\/wp-json\/wp\/v2\/media\/13474"}],"wp:attachment":[{"href":"https:\/\/geabarcelona.com\/it\/wp-json\/wp\/v2\/media?parent=14444"}],"wp:term":[{"taxonomy":"product_brand","embeddable":true,"href":"https:\/\/geabarcelona.com\/it\/wp-json\/wp\/v2\/product_brand?post=14444"},{"taxonomy":"product_cat","embeddable":true,"href":"https:\/\/geabarcelona.com\/it\/wp-json\/wp\/v2\/product_cat?post=14444"},{"taxonomy":"product_tag","embeddable":true,"href":"https:\/\/geabarcelona.com\/it\/wp-json\/wp\/v2\/product_tag?post=14444"}],"curies":[{"name":"wp","href":"https:\/\/api.w.org\/{rel}","templated":true}]}}