{"id":14471,"date":"2023-12-19T16:44:58","date_gmt":"2023-12-19T15:44:58","guid":{"rendered":"https:\/\/geabarcelona.com\/producto\/caja-mica-oro\/"},"modified":"2025-12-11T11:40:37","modified_gmt":"2025-12-11T10:40:37","slug":"caja-mica-oro","status":"publish","type":"product","link":"https:\/\/geabarcelona.com\/it\/prodotto\/caja-mica-oro\/","title":{"rendered":"CAJA MICA ORO"},"content":{"rendered":"<p>Selecci\u00f3n de piezas de mica dorada natural, con su caracter\u00edstico brillo met\u00e1lico y tonalidades c\u00e1lidas. Cada fragmento muestra la textura laminada t\u00edpica de la mica, aportando un toque elegante y luminoso. Ideal para decoraci\u00f3n, colecci\u00f3n o uso energ\u00e9tico enfocado en la claridad mental, creatividad y energ\u00eda positiva.<br \/>\n venta por unidad\u00bb<\/p>","protected":false},"excerpt":{"rendered":"<p>Caja Mica Oro \/<\/p>","protected":false},"featured_media":18437,"template":"","meta":[],"product_brand":[],"product_cat":[153,151],"product_tag":[351],"class_list":{"0":"post-14471","1":"product","2":"type-product","3":"status-publish","4":"has-post-thumbnail","6":"product_cat-catalogo","7":"product_cat-packs-cajas","8":"product_tag-mica-oro","10":"first","11":"instock","12":"taxable","13":"shipping-taxable","14":"purchasable","15":"product-type-simple"},"_links":{"self":[{"href":"https:\/\/geabarcelona.com\/it\/wp-json\/wp\/v2\/product\/14471","targetHints":{"allow":["GET"]}}],"collection":[{"href":"https:\/\/geabarcelona.com\/it\/wp-json\/wp\/v2\/product"}],"about":[{"href":"https:\/\/geabarcelona.com\/it\/wp-json\/wp\/v2\/types\/product"}],"version-history":[{"count":2,"href":"https:\/\/geabarcelona.com\/it\/wp-json\/wp\/v2\/product\/14471\/revisions"}],"predecessor-version":[{"id":19105,"href":"https:\/\/geabarcelona.com\/it\/wp-json\/wp\/v2\/product\/14471\/revisions\/19105"}],"wp:featuredmedia":[{"embeddable":true,"href":"https:\/\/geabarcelona.com\/it\/wp-json\/wp\/v2\/media\/18437"}],"wp:attachment":[{"href":"https:\/\/geabarcelona.com\/it\/wp-json\/wp\/v2\/media?parent=14471"}],"wp:term":[{"taxonomy":"product_brand","embeddable":true,"href":"https:\/\/geabarcelona.com\/it\/wp-json\/wp\/v2\/product_brand?post=14471"},{"taxonomy":"product_cat","embeddable":true,"href":"https:\/\/geabarcelona.com\/it\/wp-json\/wp\/v2\/product_cat?post=14471"},{"taxonomy":"product_tag","embeddable":true,"href":"https:\/\/geabarcelona.com\/it\/wp-json\/wp\/v2\/product_tag?post=14471"}],"curies":[{"name":"wp","href":"https:\/\/api.w.org\/{rel}","templated":true}]}}