{"id":15292,"date":"2023-12-22T14:16:46","date_gmt":"2023-12-22T13:16:46","guid":{"rendered":"https:\/\/geabarcelona.com\/producto\/baritina\/"},"modified":"2025-12-11T11:43:39","modified_gmt":"2025-12-11T10:43:39","slug":"baritina","status":"publish","type":"product","link":"https:\/\/geabarcelona.com\/it\/prodotto\/baritina\/","title":{"rendered":"BARITINA"},"content":{"rendered":"<p>La baritina es un mineral compuesto por sulfato de bario (BaSO\u2084), conocido por sus cristales tabulares y colores que van desde blanco hasta tonos marrones y amarillentos. Se forma en ambientes hidrotermales y sedimentarios, y es extra\u00edda en regiones como Estados Unidos, M\u00e9xico y Espa\u00f1a. Espiritualmente, la baritina es valorada por su capacidad para aportar estabilidad, claridad mental y promover la conexi\u00f3n con la tierra y el equilibrio emocional. venta por kg.\u00bb<\/p>","protected":false},"excerpt":{"rendered":"<p>Natural, 3-4cm.<\/p>","protected":false},"featured_media":18096,"template":"","meta":[],"product_brand":[],"product_cat":[153,136],"product_tag":[373],"class_list":{"0":"post-15292","1":"product","2":"type-product","3":"status-publish","4":"has-post-thumbnail","6":"product_cat-catalogo","7":"product_cat-piedras-gemas","8":"product_tag-baritina","10":"first","11":"instock","12":"taxable","13":"shipping-taxable","14":"purchasable","15":"product-type-simple"},"_links":{"self":[{"href":"https:\/\/geabarcelona.com\/it\/wp-json\/wp\/v2\/product\/15292","targetHints":{"allow":["GET"]}}],"collection":[{"href":"https:\/\/geabarcelona.com\/it\/wp-json\/wp\/v2\/product"}],"about":[{"href":"https:\/\/geabarcelona.com\/it\/wp-json\/wp\/v2\/types\/product"}],"version-history":[{"count":2,"href":"https:\/\/geabarcelona.com\/it\/wp-json\/wp\/v2\/product\/15292\/revisions"}],"predecessor-version":[{"id":19149,"href":"https:\/\/geabarcelona.com\/it\/wp-json\/wp\/v2\/product\/15292\/revisions\/19149"}],"wp:featuredmedia":[{"embeddable":true,"href":"https:\/\/geabarcelona.com\/it\/wp-json\/wp\/v2\/media\/18096"}],"wp:attachment":[{"href":"https:\/\/geabarcelona.com\/it\/wp-json\/wp\/v2\/media?parent=15292"}],"wp:term":[{"taxonomy":"product_brand","embeddable":true,"href":"https:\/\/geabarcelona.com\/it\/wp-json\/wp\/v2\/product_brand?post=15292"},{"taxonomy":"product_cat","embeddable":true,"href":"https:\/\/geabarcelona.com\/it\/wp-json\/wp\/v2\/product_cat?post=15292"},{"taxonomy":"product_tag","embeddable":true,"href":"https:\/\/geabarcelona.com\/it\/wp-json\/wp\/v2\/product_tag?post=15292"}],"curies":[{"name":"wp","href":"https:\/\/api.w.org\/{rel}","templated":true}]}}