{"id":15296,"date":"2023-12-22T14:16:47","date_gmt":"2023-12-22T13:16:47","guid":{"rendered":"https:\/\/geabarcelona.com\/producto\/apofilita\/"},"modified":"2025-12-11T11:44:38","modified_gmt":"2025-12-11T10:44:38","slug":"apofilita","status":"publish","type":"product","link":"https:\/\/geabarcelona.com\/it\/producto\/apofilita\/","title":{"rendered":"APOFILITA"},"content":{"rendered":"<p>La apofilita es un mineral silicato que se presenta en cristales transparentes o transl\u00facidos, generalmente incoloros o en tonos suaves como blanco, rosa o amarillo. Se forma en cavidades volc\u00e1nicas y geodas, y es extra\u00edda en pa\u00edses como India, Brasil e Islandia. Espiritualmente, la apofilita es conocida por facilitar la conexi\u00f3n con planos superiores, potenciar la intuici\u00f3n y apoyar la meditaci\u00f3n profunda, promoviendo claridad mental y paz interior. venta por kg.\u00bb<\/p>","protected":false},"excerpt":{"rendered":"<p>Natural, 3-4cm.<\/p>","protected":false},"featured_media":18087,"template":"","meta":[],"product_brand":[],"product_cat":[153,147],"product_tag":[375],"class_list":{"0":"post-15296","1":"product","2":"type-product","3":"status-publish","4":"has-post-thumbnail","6":"product_cat-catalogo","7":"product_cat-terapias-hogar","8":"product_tag-apofilita","10":"first","11":"instock","12":"taxable","13":"shipping-taxable","14":"purchasable","15":"product-type-simple"},"_links":{"self":[{"href":"https:\/\/geabarcelona.com\/it\/wp-json\/wp\/v2\/product\/15296","targetHints":{"allow":["GET"]}}],"collection":[{"href":"https:\/\/geabarcelona.com\/it\/wp-json\/wp\/v2\/product"}],"about":[{"href":"https:\/\/geabarcelona.com\/it\/wp-json\/wp\/v2\/types\/product"}],"version-history":[{"count":2,"href":"https:\/\/geabarcelona.com\/it\/wp-json\/wp\/v2\/product\/15296\/revisions"}],"predecessor-version":[{"id":19151,"href":"https:\/\/geabarcelona.com\/it\/wp-json\/wp\/v2\/product\/15296\/revisions\/19151"}],"wp:featuredmedia":[{"embeddable":true,"href":"https:\/\/geabarcelona.com\/it\/wp-json\/wp\/v2\/media\/18087"}],"wp:attachment":[{"href":"https:\/\/geabarcelona.com\/it\/wp-json\/wp\/v2\/media?parent=15296"}],"wp:term":[{"taxonomy":"product_brand","embeddable":true,"href":"https:\/\/geabarcelona.com\/it\/wp-json\/wp\/v2\/product_brand?post=15296"},{"taxonomy":"product_cat","embeddable":true,"href":"https:\/\/geabarcelona.com\/it\/wp-json\/wp\/v2\/product_cat?post=15296"},{"taxonomy":"product_tag","embeddable":true,"href":"https:\/\/geabarcelona.com\/it\/wp-json\/wp\/v2\/product_tag?post=15296"}],"curies":[{"name":"wp","href":"https:\/\/api.w.org\/{rel}","templated":true}]}}