{"id":15299,"date":"2023-12-22T14:16:48","date_gmt":"2023-12-22T13:16:48","guid":{"rendered":"https:\/\/geabarcelona.com\/producto\/calcedonia-flor\/"},"modified":"2025-12-11T13:03:34","modified_gmt":"2025-12-11T12:03:34","slug":"calcedonia-flor","status":"publish","type":"product","link":"https:\/\/geabarcelona.com\/it\/producto\/calcedonia-flor\/","title":{"rendered":"CALCEDONIA FLOR"},"content":{"rendered":"<p>La calcedonia flor es una variedad de calcedonia con patrones y formas que recuerdan flores, presentando colores suaves y texturas delicadas. Su formaci\u00f3n es similar a la calcedonia tradicional, y es valorada por su energ\u00eda que fomenta la alegr\u00eda, el amor y el crecimiento emocional. venta por kg.\u00bb<\/p>","protected":false},"excerpt":{"rendered":"<p>Natural, 3-4cm.<\/p>","protected":false},"featured_media":18422,"template":"","meta":[],"product_brand":[],"product_cat":[153,136],"product_tag":[378],"class_list":{"0":"post-15299","1":"product","2":"type-product","3":"status-publish","4":"has-post-thumbnail","6":"product_cat-catalogo","7":"product_cat-piedras-gemas","8":"product_tag-calcedonia","10":"first","11":"instock","12":"taxable","13":"shipping-taxable","14":"purchasable","15":"product-type-simple"},"_links":{"self":[{"href":"https:\/\/geabarcelona.com\/it\/wp-json\/wp\/v2\/product\/15299","targetHints":{"allow":["GET"]}}],"collection":[{"href":"https:\/\/geabarcelona.com\/it\/wp-json\/wp\/v2\/product"}],"about":[{"href":"https:\/\/geabarcelona.com\/it\/wp-json\/wp\/v2\/types\/product"}],"version-history":[{"count":2,"href":"https:\/\/geabarcelona.com\/it\/wp-json\/wp\/v2\/product\/15299\/revisions"}],"predecessor-version":[{"id":19154,"href":"https:\/\/geabarcelona.com\/it\/wp-json\/wp\/v2\/product\/15299\/revisions\/19154"}],"wp:featuredmedia":[{"embeddable":true,"href":"https:\/\/geabarcelona.com\/it\/wp-json\/wp\/v2\/media\/18422"}],"wp:attachment":[{"href":"https:\/\/geabarcelona.com\/it\/wp-json\/wp\/v2\/media?parent=15299"}],"wp:term":[{"taxonomy":"product_brand","embeddable":true,"href":"https:\/\/geabarcelona.com\/it\/wp-json\/wp\/v2\/product_brand?post=15299"},{"taxonomy":"product_cat","embeddable":true,"href":"https:\/\/geabarcelona.com\/it\/wp-json\/wp\/v2\/product_cat?post=15299"},{"taxonomy":"product_tag","embeddable":true,"href":"https:\/\/geabarcelona.com\/it\/wp-json\/wp\/v2\/product_tag?post=15299"}],"curies":[{"name":"wp","href":"https:\/\/api.w.org\/{rel}","templated":true}]}}