{"id":15311,"date":"2023-12-22T14:16:50","date_gmt":"2023-12-22T13:16:50","guid":{"rendered":"https:\/\/geabarcelona.com\/producto\/taramita\/"},"modified":"2025-11-20T13:03:38","modified_gmt":"2025-11-20T12:03:38","slug":"taramita","status":"publish","type":"product","link":"https:\/\/geabarcelona.com\/it\/prodotto\/taramita\/","title":{"rendered":"TARAMITA"},"content":{"rendered":"<p>La taramita es una variedad de cuarzo con inclusiones de hematites, que le aportan un tono rojizo y una textura \u00fanica. Se encuentra en yacimientos de Argentina y Chile. Espiritualmente, la taramita es conocida por su energ\u00eda revitalizante, que fortalece la conexi\u00f3n con la tierra, promueve la estabilidad emocional y ayuda en procesos de sanaci\u00f3n. venta por kg.\u00bb<\/p>","protected":false},"excerpt":{"rendered":"<p>Natural, 3-4cm.<\/p>","protected":false},"featured_media":18061,"template":"","meta":[],"product_brand":[],"product_cat":[153],"product_tag":[353],"class_list":{"0":"post-15311","1":"product","2":"type-product","3":"status-publish","4":"has-post-thumbnail","6":"product_cat-catalogo","7":"product_tag-taramita","9":"first","10":"instock","11":"taxable","12":"shipping-taxable","13":"purchasable","14":"product-type-simple"},"_links":{"self":[{"href":"https:\/\/geabarcelona.com\/it\/wp-json\/wp\/v2\/product\/15311","targetHints":{"allow":["GET"]}}],"collection":[{"href":"https:\/\/geabarcelona.com\/it\/wp-json\/wp\/v2\/product"}],"about":[{"href":"https:\/\/geabarcelona.com\/it\/wp-json\/wp\/v2\/types\/product"}],"version-history":[{"count":2,"href":"https:\/\/geabarcelona.com\/it\/wp-json\/wp\/v2\/product\/15311\/revisions"}],"predecessor-version":[{"id":19164,"href":"https:\/\/geabarcelona.com\/it\/wp-json\/wp\/v2\/product\/15311\/revisions\/19164"}],"wp:featuredmedia":[{"embeddable":true,"href":"https:\/\/geabarcelona.com\/it\/wp-json\/wp\/v2\/media\/18061"}],"wp:attachment":[{"href":"https:\/\/geabarcelona.com\/it\/wp-json\/wp\/v2\/media?parent=15311"}],"wp:term":[{"taxonomy":"product_brand","embeddable":true,"href":"https:\/\/geabarcelona.com\/it\/wp-json\/wp\/v2\/product_brand?post=15311"},{"taxonomy":"product_cat","embeddable":true,"href":"https:\/\/geabarcelona.com\/it\/wp-json\/wp\/v2\/product_cat?post=15311"},{"taxonomy":"product_tag","embeddable":true,"href":"https:\/\/geabarcelona.com\/it\/wp-json\/wp\/v2\/product_tag?post=15311"}],"curies":[{"name":"wp","href":"https:\/\/api.w.org\/{rel}","templated":true}]}}