{"id":15313,"date":"2023-12-22T14:16:50","date_gmt":"2023-12-22T13:16:50","guid":{"rendered":"https:\/\/geabarcelona.com\/producto\/granate\/"},"modified":"2025-12-11T11:47:38","modified_gmt":"2025-12-11T10:47:38","slug":"granate","status":"publish","type":"product","link":"https:\/\/geabarcelona.com\/it\/prodotto\/granate\/","title":{"rendered":"GRANO"},"content":{"rendered":"<p>El granate es un grupo de minerales que se presentan en una variedad de colores, siendo el rojo el m\u00e1s com\u00fan. Tiene un brillo v\u00edtreo y una estructura cristalina isom\u00e9trica. Se forma en ambientes metam\u00f3rficos y \u00edgneos, y se encuentra en regiones como India, Brasil y Estados Unidos. Espiritualmente, el granate es valorado por sus propiedades energizantes, que fomentan la vitalidad, la pasi\u00f3n y la protecci\u00f3n. venta por kg.\u00bb<\/p>","protected":false},"excerpt":{"rendered":"<p>Natural, 3-4cm.<\/p>","protected":false},"featured_media":18065,"template":"","meta":[],"product_brand":[],"product_cat":[153,147],"product_tag":[387],"class_list":{"0":"post-15313","1":"product","2":"type-product","3":"status-publish","4":"has-post-thumbnail","6":"product_cat-catalogo","7":"product_cat-terapias-hogar","8":"product_tag-granate","10":"first","11":"instock","12":"taxable","13":"shipping-taxable","14":"purchasable","15":"product-type-simple"},"_links":{"self":[{"href":"https:\/\/geabarcelona.com\/it\/wp-json\/wp\/v2\/product\/15313","targetHints":{"allow":["GET"]}}],"collection":[{"href":"https:\/\/geabarcelona.com\/it\/wp-json\/wp\/v2\/product"}],"about":[{"href":"https:\/\/geabarcelona.com\/it\/wp-json\/wp\/v2\/types\/product"}],"version-history":[{"count":2,"href":"https:\/\/geabarcelona.com\/it\/wp-json\/wp\/v2\/product\/15313\/revisions"}],"predecessor-version":[{"id":19166,"href":"https:\/\/geabarcelona.com\/it\/wp-json\/wp\/v2\/product\/15313\/revisions\/19166"}],"wp:featuredmedia":[{"embeddable":true,"href":"https:\/\/geabarcelona.com\/it\/wp-json\/wp\/v2\/media\/18065"}],"wp:attachment":[{"href":"https:\/\/geabarcelona.com\/it\/wp-json\/wp\/v2\/media?parent=15313"}],"wp:term":[{"taxonomy":"product_brand","embeddable":true,"href":"https:\/\/geabarcelona.com\/it\/wp-json\/wp\/v2\/product_brand?post=15313"},{"taxonomy":"product_cat","embeddable":true,"href":"https:\/\/geabarcelona.com\/it\/wp-json\/wp\/v2\/product_cat?post=15313"},{"taxonomy":"product_tag","embeddable":true,"href":"https:\/\/geabarcelona.com\/it\/wp-json\/wp\/v2\/product_tag?post=15313"}],"curies":[{"name":"wp","href":"https:\/\/api.w.org\/{rel}","templated":true}]}}