{"id":15319,"date":"2023-12-22T14:16:51","date_gmt":"2023-12-22T13:16:51","guid":{"rendered":"https:\/\/geabarcelona.com\/producto\/rosa-de-selenita\/"},"modified":"2025-12-11T13:00:08","modified_gmt":"2025-12-11T12:00:08","slug":"rosa-de-selenita","status":"publish","type":"product","link":"https:\/\/geabarcelona.com\/it\/prodotto\/rosa-de-selenita\/","title":{"rendered":"ROSA SELENITE"},"content":{"rendered":"<p>Rosa de selenita natural, formada por finas l\u00e1minas cristalinas dispuestas en forma de p\u00e9talos que crean una figura similar a una flor. Con su brillo sedoso y tonalidades transl\u00facidas, esta pieza destaca por su belleza y energ\u00eda purificadora. Ideal para decoraci\u00f3n, meditaci\u00f3n y pr\u00e1cticas espirituales, ayuda a limpiar energ\u00edas negativas y a promover la paz y el equilibrio interior.<br \/>\n venta por kg.\u00bb<\/p>","protected":false},"excerpt":{"rendered":"<p>Natural, 3-4cm.<\/p>","protected":false},"featured_media":17915,"template":"","meta":[],"product_brand":[],"product_cat":[153],"product_tag":[340],"class_list":{"0":"post-15319","1":"product","2":"type-product","3":"status-publish","4":"has-post-thumbnail","6":"product_cat-catalogo","7":"product_tag-selenita","9":"first","10":"instock","11":"taxable","12":"shipping-taxable","13":"purchasable","14":"product-type-simple"},"_links":{"self":[{"href":"https:\/\/geabarcelona.com\/it\/wp-json\/wp\/v2\/product\/15319","targetHints":{"allow":["GET"]}}],"collection":[{"href":"https:\/\/geabarcelona.com\/it\/wp-json\/wp\/v2\/product"}],"about":[{"href":"https:\/\/geabarcelona.com\/it\/wp-json\/wp\/v2\/types\/product"}],"version-history":[{"count":2,"href":"https:\/\/geabarcelona.com\/it\/wp-json\/wp\/v2\/product\/15319\/revisions"}],"predecessor-version":[{"id":19171,"href":"https:\/\/geabarcelona.com\/it\/wp-json\/wp\/v2\/product\/15319\/revisions\/19171"}],"wp:featuredmedia":[{"embeddable":true,"href":"https:\/\/geabarcelona.com\/it\/wp-json\/wp\/v2\/media\/17915"}],"wp:attachment":[{"href":"https:\/\/geabarcelona.com\/it\/wp-json\/wp\/v2\/media?parent=15319"}],"wp:term":[{"taxonomy":"product_brand","embeddable":true,"href":"https:\/\/geabarcelona.com\/it\/wp-json\/wp\/v2\/product_brand?post=15319"},{"taxonomy":"product_cat","embeddable":true,"href":"https:\/\/geabarcelona.com\/it\/wp-json\/wp\/v2\/product_cat?post=15319"},{"taxonomy":"product_tag","embeddable":true,"href":"https:\/\/geabarcelona.com\/it\/wp-json\/wp\/v2\/product_tag?post=15319"}],"curies":[{"name":"wp","href":"https:\/\/api.w.org\/{rel}","templated":true}]}}