{"id":15324,"date":"2023-12-22T14:16:51","date_gmt":"2023-12-22T13:16:51","guid":{"rendered":"https:\/\/geabarcelona.com\/producto\/aventurina\/"},"modified":"2025-12-11T13:00:23","modified_gmt":"2025-12-11T12:00:23","slug":"aventurina","status":"publish","type":"product","link":"https:\/\/geabarcelona.com\/it\/prodotto\/aventurina\/","title":{"rendered":"AVENTURINA"},"content":{"rendered":"<p>La aventurina es una variedad de cuarzo caracterizada por sus inclusiones brillantes, generalmente de mica o hematita, que le dan un efecto chispeante y tonos verdes, aunque tambi\u00e9n puede encontrarse en naranja, marr\u00f3n o azul. Se forma en ambientes \u00edgneos y metam\u00f3rficos y es extra\u00edda principalmente en India, Brasil y Rusia. Espiritualmente, la aventurina es conocida como la piedra de la prosperidad y el bienestar, favoreciendo la abundancia, la calma emocional y la armon\u00eda interior. venta por kg.\u00bb<\/p>","protected":false},"excerpt":{"rendered":"<p>Natural, 3-4cm.<\/p>","protected":false},"featured_media":18059,"template":"","meta":[],"product_brand":[],"product_cat":[153,147],"product_tag":[365],"class_list":{"0":"post-15324","1":"product","2":"type-product","3":"status-publish","4":"has-post-thumbnail","6":"product_cat-catalogo","7":"product_cat-terapias-hogar","8":"product_tag-aventurina","10":"first","11":"instock","12":"taxable","13":"shipping-taxable","14":"purchasable","15":"product-type-simple"},"_links":{"self":[{"href":"https:\/\/geabarcelona.com\/it\/wp-json\/wp\/v2\/product\/15324","targetHints":{"allow":["GET"]}}],"collection":[{"href":"https:\/\/geabarcelona.com\/it\/wp-json\/wp\/v2\/product"}],"about":[{"href":"https:\/\/geabarcelona.com\/it\/wp-json\/wp\/v2\/types\/product"}],"version-history":[{"count":2,"href":"https:\/\/geabarcelona.com\/it\/wp-json\/wp\/v2\/product\/15324\/revisions"}],"predecessor-version":[{"id":19173,"href":"https:\/\/geabarcelona.com\/it\/wp-json\/wp\/v2\/product\/15324\/revisions\/19173"}],"wp:featuredmedia":[{"embeddable":true,"href":"https:\/\/geabarcelona.com\/it\/wp-json\/wp\/v2\/media\/18059"}],"wp:attachment":[{"href":"https:\/\/geabarcelona.com\/it\/wp-json\/wp\/v2\/media?parent=15324"}],"wp:term":[{"taxonomy":"product_brand","embeddable":true,"href":"https:\/\/geabarcelona.com\/it\/wp-json\/wp\/v2\/product_brand?post=15324"},{"taxonomy":"product_cat","embeddable":true,"href":"https:\/\/geabarcelona.com\/it\/wp-json\/wp\/v2\/product_cat?post=15324"},{"taxonomy":"product_tag","embeddable":true,"href":"https:\/\/geabarcelona.com\/it\/wp-json\/wp\/v2\/product_tag?post=15324"}],"curies":[{"name":"wp","href":"https:\/\/api.w.org\/{rel}","templated":true}]}}