{"id":15328,"date":"2023-12-22T14:16:52","date_gmt":"2023-12-22T13:16:52","guid":{"rendered":"https:\/\/geabarcelona.com\/producto\/opalo-menilita\/"},"modified":"2025-12-11T13:00:30","modified_gmt":"2025-12-11T12:00:30","slug":"opalo-menilita","status":"publish","type":"product","link":"https:\/\/geabarcelona.com\/it\/prodotto\/opalo-menilita\/","title":{"rendered":"OPALO MENILITA"},"content":{"rendered":"<p>El \u00f3palo menilita es una variedad de \u00f3palo sedimentario de origen volc\u00e1nico, caracterizado por su coloraci\u00f3n opaca en tonos grises, marrones y beige. Se forma en dep\u00f3sitos sedimentarios y es com\u00fan en regiones como Europa y Am\u00e9rica del Norte. Espiritualmente, el \u00f3palo menilita se asocia con la conexi\u00f3n profunda con la tierra, la protecci\u00f3n y la estabilidad emocional, ayudando a liberar miedos y promover la calma interior.<br \/>\n venta por kg.\u00bb<\/p>","protected":false},"excerpt":{"rendered":"<p>Natural, 3-4cm.<\/p>","protected":false},"featured_media":18425,"template":"","meta":[],"product_brand":[],"product_cat":[153],"product_tag":[310],"class_list":{"0":"post-15328","1":"product","2":"type-product","3":"status-publish","4":"has-post-thumbnail","6":"product_cat-catalogo","7":"product_tag-opalo","9":"first","10":"instock","11":"taxable","12":"shipping-taxable","13":"purchasable","14":"product-type-simple"},"_links":{"self":[{"href":"https:\/\/geabarcelona.com\/it\/wp-json\/wp\/v2\/product\/15328","targetHints":{"allow":["GET"]}}],"collection":[{"href":"https:\/\/geabarcelona.com\/it\/wp-json\/wp\/v2\/product"}],"about":[{"href":"https:\/\/geabarcelona.com\/it\/wp-json\/wp\/v2\/types\/product"}],"version-history":[{"count":2,"href":"https:\/\/geabarcelona.com\/it\/wp-json\/wp\/v2\/product\/15328\/revisions"}],"predecessor-version":[{"id":19176,"href":"https:\/\/geabarcelona.com\/it\/wp-json\/wp\/v2\/product\/15328\/revisions\/19176"}],"wp:featuredmedia":[{"embeddable":true,"href":"https:\/\/geabarcelona.com\/it\/wp-json\/wp\/v2\/media\/18425"}],"wp:attachment":[{"href":"https:\/\/geabarcelona.com\/it\/wp-json\/wp\/v2\/media?parent=15328"}],"wp:term":[{"taxonomy":"product_brand","embeddable":true,"href":"https:\/\/geabarcelona.com\/it\/wp-json\/wp\/v2\/product_brand?post=15328"},{"taxonomy":"product_cat","embeddable":true,"href":"https:\/\/geabarcelona.com\/it\/wp-json\/wp\/v2\/product_cat?post=15328"},{"taxonomy":"product_tag","embeddable":true,"href":"https:\/\/geabarcelona.com\/it\/wp-json\/wp\/v2\/product_tag?post=15328"}],"curies":[{"name":"wp","href":"https:\/\/api.w.org\/{rel}","templated":true}]}}