{"id":15330,"date":"2023-12-22T14:16:53","date_gmt":"2023-12-22T13:16:53","guid":{"rendered":"https:\/\/geabarcelona.com\/producto\/cuarzo-azul\/"},"modified":"2025-12-11T13:01:04","modified_gmt":"2025-12-11T12:01:04","slug":"cuarzo-azul","status":"publish","type":"product","link":"https:\/\/geabarcelona.com\/it\/prodotto\/cuarzo-azul\/","title":{"rendered":"CUARZO AZUL"},"content":{"rendered":"<p>El cuarzo azul es una variedad de cuarzo con tonalidades suaves y serenas que van del azul p\u00e1lido al celeste. Se forma en vetas hidrotermales y dep\u00f3sitos pegmat\u00edticos, y se encuentra en lugares como Brasil, Madagascar y Estados Unidos. Espiritualmente, el cuarzo azul es conocido por su capacidad para calmar la mente, facilitar la comunicaci\u00f3n clara y equilibrar el chakra de la garganta, promoviendo la paz interior y la expresi\u00f3n aut\u00e9ntica. venta por kg.\u00bb<\/p>","protected":false},"excerpt":{"rendered":"<p>Natural, 3-4cm.<\/p>","protected":false},"featured_media":18042,"template":"","meta":[],"product_brand":[],"product_cat":[153],"product_tag":[354],"class_list":{"0":"post-15330","1":"product","2":"type-product","3":"status-publish","4":"has-post-thumbnail","6":"product_cat-catalogo","7":"product_tag-cuarzo-azul","9":"first","10":"instock","11":"taxable","12":"shipping-taxable","13":"purchasable","14":"product-type-simple"},"_links":{"self":[{"href":"https:\/\/geabarcelona.com\/it\/wp-json\/wp\/v2\/product\/15330","targetHints":{"allow":["GET"]}}],"collection":[{"href":"https:\/\/geabarcelona.com\/it\/wp-json\/wp\/v2\/product"}],"about":[{"href":"https:\/\/geabarcelona.com\/it\/wp-json\/wp\/v2\/types\/product"}],"version-history":[{"count":2,"href":"https:\/\/geabarcelona.com\/it\/wp-json\/wp\/v2\/product\/15330\/revisions"}],"predecessor-version":[{"id":19178,"href":"https:\/\/geabarcelona.com\/it\/wp-json\/wp\/v2\/product\/15330\/revisions\/19178"}],"wp:featuredmedia":[{"embeddable":true,"href":"https:\/\/geabarcelona.com\/it\/wp-json\/wp\/v2\/media\/18042"}],"wp:attachment":[{"href":"https:\/\/geabarcelona.com\/it\/wp-json\/wp\/v2\/media?parent=15330"}],"wp:term":[{"taxonomy":"product_brand","embeddable":true,"href":"https:\/\/geabarcelona.com\/it\/wp-json\/wp\/v2\/product_brand?post=15330"},{"taxonomy":"product_cat","embeddable":true,"href":"https:\/\/geabarcelona.com\/it\/wp-json\/wp\/v2\/product_cat?post=15330"},{"taxonomy":"product_tag","embeddable":true,"href":"https:\/\/geabarcelona.com\/it\/wp-json\/wp\/v2\/product_tag?post=15330"}],"curies":[{"name":"wp","href":"https:\/\/api.w.org\/{rel}","templated":true}]}}