{"id":15717,"date":"2024-01-05T12:34:25","date_gmt":"2024-01-05T11:34:25","guid":{"rendered":"https:\/\/geabarcelona.com\/producto\/corazon-pequeno-de-cristal-de-roca\/"},"modified":"2025-11-20T13:52:20","modified_gmt":"2025-11-20T12:52:20","slug":"corazon-pequeno-de-cristal-de-roca","status":"publish","type":"product","link":"https:\/\/geabarcelona.com\/it\/prodotto\/corazon-pequeno-de-cristal-de-roca\/","title":{"rendered":"Coraz\u00f3n peque\u00f1o de cristal de roca"},"content":{"rendered":"<p>vendita di unit\u00e0<\/p>","protected":false},"excerpt":{"rendered":"<p>Coraz\u00f3n peque\u00f1o de cristal de roca<\/p>","protected":false},"featured_media":0,"template":"","meta":[],"product_brand":[],"product_cat":[135],"product_tag":[402],"class_list":{"0":"post-15717","1":"product","2":"type-product","3":"status-publish","5":"product_cat-bisuteria","6":"product_tag-cristal-de-roca","8":"first","9":"instock","10":"taxable","11":"shipping-taxable","12":"purchasable","13":"product-type-simple"},"_links":{"self":[{"href":"https:\/\/geabarcelona.com\/it\/wp-json\/wp\/v2\/product\/15717","targetHints":{"allow":["GET"]}}],"collection":[{"href":"https:\/\/geabarcelona.com\/it\/wp-json\/wp\/v2\/product"}],"about":[{"href":"https:\/\/geabarcelona.com\/it\/wp-json\/wp\/v2\/types\/product"}],"version-history":[{"count":1,"href":"https:\/\/geabarcelona.com\/it\/wp-json\/wp\/v2\/product\/15717\/revisions"}],"predecessor-version":[{"id":19193,"href":"https:\/\/geabarcelona.com\/it\/wp-json\/wp\/v2\/product\/15717\/revisions\/19193"}],"wp:attachment":[{"href":"https:\/\/geabarcelona.com\/it\/wp-json\/wp\/v2\/media?parent=15717"}],"wp:term":[{"taxonomy":"product_brand","embeddable":true,"href":"https:\/\/geabarcelona.com\/it\/wp-json\/wp\/v2\/product_brand?post=15717"},{"taxonomy":"product_cat","embeddable":true,"href":"https:\/\/geabarcelona.com\/it\/wp-json\/wp\/v2\/product_cat?post=15717"},{"taxonomy":"product_tag","embeddable":true,"href":"https:\/\/geabarcelona.com\/it\/wp-json\/wp\/v2\/product_tag?post=15717"}],"curies":[{"name":"wp","href":"https:\/\/api.w.org\/{rel}","templated":true}]}}