{"id":16092,"date":"2024-01-25T13:21:09","date_gmt":"2024-01-25T12:21:09","guid":{"rendered":"https:\/\/geabarcelona.com\/?post_type=product&#038;p=16092"},"modified":"2025-06-19T08:43:49","modified_gmt":"2025-06-19T06:43:49","slug":"turmalinas-mix-colores-facetadas-pack-de-12-piezas-lote-5","status":"publish","type":"product","link":"https:\/\/geabarcelona.com\/it\/prodotto\/turmalinas-mix-colores-facetadas-pack-de-12-piezas-lote-5\/","title":{"rendered":"Turmalinas mix colores facetadas pack de 12 piezas (Lote 6)"},"content":{"rendered":"<p>Conjunto de 12 turmalinas facetadas, seleccionadas por su brillo, color y calidad. Ideales para joyer\u00eda, colecci\u00f3n o trabajos energ\u00e9ticos.<br \/>\nTurmalinas mix colores facetadas pack de 12 piezas (Lote 5)<\/p>\n<p>15\u20ac\/ct<\/p>\n<p>pack de 9,65ct<\/p>","protected":false},"excerpt":{"rendered":"<p>Conjunto de 12 turmalinas facetadas, seleccionadas por su brillo, color y calidad. Ideales para joyer\u00eda, colecci\u00f3n o trabajos energ\u00e9ticos. Turmalinas mix colores facetadas pack de 12 piezas (Lote 5) 15\u20ac\/ct pack de 9,65ct<\/p>","protected":false},"featured_media":16093,"template":"","meta":[],"product_brand":[],"product_cat":[136],"product_tag":[232],"class_list":{"0":"post-16092","1":"product","2":"type-product","3":"status-publish","4":"has-post-thumbnail","6":"product_cat-piedras-gemas","7":"product_tag-turmalina","9":"first","10":"instock","11":"taxable","12":"shipping-taxable","13":"purchasable","14":"product-type-simple"},"_links":{"self":[{"href":"https:\/\/geabarcelona.com\/it\/wp-json\/wp\/v2\/product\/16092","targetHints":{"allow":["GET"]}}],"collection":[{"href":"https:\/\/geabarcelona.com\/it\/wp-json\/wp\/v2\/product"}],"about":[{"href":"https:\/\/geabarcelona.com\/it\/wp-json\/wp\/v2\/types\/product"}],"version-history":[{"count":1,"href":"https:\/\/geabarcelona.com\/it\/wp-json\/wp\/v2\/product\/16092\/revisions"}],"predecessor-version":[{"id":18211,"href":"https:\/\/geabarcelona.com\/it\/wp-json\/wp\/v2\/product\/16092\/revisions\/18211"}],"wp:featuredmedia":[{"embeddable":true,"href":"https:\/\/geabarcelona.com\/it\/wp-json\/wp\/v2\/media\/16093"}],"wp:attachment":[{"href":"https:\/\/geabarcelona.com\/it\/wp-json\/wp\/v2\/media?parent=16092"}],"wp:term":[{"taxonomy":"product_brand","embeddable":true,"href":"https:\/\/geabarcelona.com\/it\/wp-json\/wp\/v2\/product_brand?post=16092"},{"taxonomy":"product_cat","embeddable":true,"href":"https:\/\/geabarcelona.com\/it\/wp-json\/wp\/v2\/product_cat?post=16092"},{"taxonomy":"product_tag","embeddable":true,"href":"https:\/\/geabarcelona.com\/it\/wp-json\/wp\/v2\/product_tag?post=16092"}],"curies":[{"name":"wp","href":"https:\/\/api.w.org\/{rel}","templated":true}]}}